{"id":9177,"date":"2025-06-20T17:40:55","date_gmt":"2025-06-20T21:40:55","guid":{"rendered":"https:\/\/www.multicasa.com.br\/inicio\/?post_type=product&#038;p=9177"},"modified":"2025-06-20T17:41:35","modified_gmt":"2025-06-20T21:41:35","slug":"escova-de-limpeza-para-persianas-em-microfibra-flashlimp","status":"publish","type":"product","link":"https:\/\/www.multicasa.com.br\/inicio\/produto\/escova-de-limpeza-para-persianas-em-microfibra-flashlimp\/","title":{"rendered":"Escova de Limpeza para Persianas em Microfibra Flashlimp"},"content":{"rendered":"<p>A Escova de Limpeza para Persianas em Microfibra \u00e9 ideal para limpar sua cortina persiana com rapidez e praticidade. A microfibra limpa duas l\u00e2minas ao mesmo tempo e \u00e9 excelente para capturar o p\u00f3 e outros res\u00edduos que se depositam ali. Com cabo em acr\u00edlico, possui dimens\u00f5es de 22 x 7 x 3cm e pode ser utilizada tamb\u00e9m em ar condicionado e ventiladores. N\u00e3o risca e n\u00e3o solta fiapos. Para prolongar a vida \u00fatil do seu utens\u00edlio, n\u00e3o lave a seco, n\u00e3o seque na secadora, n\u00e3o passe e n\u00e3o use alvejante. A unidade vem acompanhada de refil.<\/p>\n","protected":false},"excerpt":{"rendered":"<h4 style=\"margin: 0px;padding: 0px 0px 16px;font-family: Lato, sans-serif;font-weight: bold;line-height: 3rem;color: var(--dark-grey3);font-size: 22px;font-style: normal;letter-spacing: normal;text-align: start;text-indent: 0px;text-transform: none\">Informa\u00e7\u00f5es t\u00e9cnicas<\/h4>\n<p><span style=\"margin: 0px;padding: 0px;font-weight: 450;font-size: 14px;line-height: 21px;color: var(--dark-grey2);font-family: Lato, sans-serif;font-style: normal;letter-spacing: normal;text-align: start;text-indent: 0px;text-transform: none\">Produto: Escova de Limpeza para Persianas<br \/>\nMarca: Flashlimp<br \/>\nCor: Branco<br \/>\nMaterial: Acr\u00edlico\/Microfibra<br \/>\nCaracter\u00edstica: Ideal para ventiladores;<br \/>\nIdeal para persianas;<br \/>\nIdeal para ar condicionado;<br \/>\nN\u00e3o risca;<br \/>\nN\u00e3o solta fiapos;<br \/>\nRet\u00e9m o p\u00f3 sem espalhar;<br \/>\nItens Inclusos: 1 Escova de limpeza para persianas<br \/>\nDimens\u00f5es do produto (A x L x P): 22 x 7 x 3cm<br \/>\n<\/span><\/p>\n","protected":false},"featured_media":9237,"template":"","meta":{"_joinchat":[]},"product_brand":[],"product_cat":[96],"product_tag":[],"class_list":{"0":"post-9177","1":"product","2":"type-product","3":"status-publish","4":"has-post-thumbnail","6":"product_cat-limpeza-e-cia","8":"first","9":"outofstock","10":"shipping-taxable","11":"product-type-simple"},"_links":{"self":[{"href":"https:\/\/www.multicasa.com.br\/inicio\/wp-json\/wp\/v2\/product\/9177","targetHints":{"allow":["GET"]}}],"collection":[{"href":"https:\/\/www.multicasa.com.br\/inicio\/wp-json\/wp\/v2\/product"}],"about":[{"href":"https:\/\/www.multicasa.com.br\/inicio\/wp-json\/wp\/v2\/types\/product"}],"wp:featuredmedia":[{"embeddable":true,"href":"https:\/\/www.multicasa.com.br\/inicio\/wp-json\/wp\/v2\/media\/9237"}],"wp:attachment":[{"href":"https:\/\/www.multicasa.com.br\/inicio\/wp-json\/wp\/v2\/media?parent=9177"}],"wp:term":[{"taxonomy":"product_brand","embeddable":true,"href":"https:\/\/www.multicasa.com.br\/inicio\/wp-json\/wp\/v2\/product_brand?post=9177"},{"taxonomy":"product_cat","embeddable":true,"href":"https:\/\/www.multicasa.com.br\/inicio\/wp-json\/wp\/v2\/product_cat?post=9177"},{"taxonomy":"product_tag","embeddable":true,"href":"https:\/\/www.multicasa.com.br\/inicio\/wp-json\/wp\/v2\/product_tag?post=9177"}],"curies":[{"name":"wp","href":"https:\/\/api.w.org\/{rel}","templated":true}]}}