{"id":9178,"date":"2025-06-20T17:40:55","date_gmt":"2025-06-20T21:40:55","guid":{"rendered":"https:\/\/www.multicasa.com.br\/inicio\/?post_type=product&#038;p=9178"},"modified":"2025-06-20T17:41:38","modified_gmt":"2025-06-20T21:41:38","slug":"lampada-de-led-bulbo-branca-osram-13w-bivolt","status":"publish","type":"product","link":"https:\/\/www.multicasa.com.br\/inicio\/produto\/lampada-de-led-bulbo-branca-osram-13w-bivolt\/","title":{"rendered":"L\u00e2mpada de Led Bulbo Branca Osram 13W Bivolt"},"content":{"rendered":"<p>Mais econ\u00f4mica e com acendimento autom\u00e1tico, a l\u00e2mpada de LED bulbo branca da Osram \u00e9 \u00f3tima op\u00e7\u00e3o para investir em ilumina\u00e7\u00e3o para sua casa. Bivolt, Com 1311 lumens, temperatura de cor em 6500k e 13w de pot\u00eancia, substitui as l\u00e2mpadas incandescentes e n\u00e3o esquenta os ambientes. Compat\u00edvel com soquete E27.<\/p>\n","protected":false},"excerpt":{"rendered":"<h4 style=\"margin: 0px;padding: 0px 0px 16px;font-family: Lato, sans-serif;font-weight: bold;line-height: 3rem;color: var(--dark-grey3);font-size: 22px;font-style: normal;letter-spacing: normal;text-align: start;text-indent: 0px;text-transform: none\">Informa\u00e7\u00f5es t\u00e9cnicas<\/h4>\n<p><span style=\"margin: 0px;padding: 0px;font-weight: 450;font-size: 14px;line-height: 21px;color: var(--dark-grey2);font-family: Lato, sans-serif;font-style: normal;letter-spacing: normal;text-align: start;text-indent: 0px;text-transform: none\">Produto: L\u00e2mpada<br \/>\nMarca: Osram<br \/>\nMaterial: Vidro<br \/>\nCor: Branca<br \/>\nCor da Luz: Branca<br \/>\nPot\u00eancia: 13w<br \/>\nTens\u00e3o El\u00e9trica: 127 &#8211; 220v<br \/>\nFrequ\u00eancia 50\/60HZ<br \/>\nTemperatura de cor: 6500K<br \/>\nCaracter\u00edsticas: Soquete E27<br \/>\nLumens 1311LM<br \/>\nEquival\u00eancia 90w<br \/>\n\u00c2ngulo de abertura 120\u00b0<br \/>\nVida \u00fatil 2500H<br \/>\nCom bulbo<br \/>\nIRC 80<br \/>\nCertificado pelo Inmetro<br \/>\nItens Inclusos: 1 L\u00e2mpada<br \/>\nDimens\u00f5es do produto (A X L): 12 x 6,5cm<br \/>\n<\/span><\/p>\n","protected":false},"featured_media":9239,"template":"","meta":{"_joinchat":[]},"product_brand":[],"product_cat":[80],"product_tag":[],"class_list":{"0":"post-9178","1":"product","2":"type-product","3":"status-publish","4":"has-post-thumbnail","6":"product_cat-lampadas","8":"first","9":"outofstock","10":"shipping-taxable","11":"product-type-simple"},"_links":{"self":[{"href":"https:\/\/www.multicasa.com.br\/inicio\/wp-json\/wp\/v2\/product\/9178","targetHints":{"allow":["GET"]}}],"collection":[{"href":"https:\/\/www.multicasa.com.br\/inicio\/wp-json\/wp\/v2\/product"}],"about":[{"href":"https:\/\/www.multicasa.com.br\/inicio\/wp-json\/wp\/v2\/types\/product"}],"wp:featuredmedia":[{"embeddable":true,"href":"https:\/\/www.multicasa.com.br\/inicio\/wp-json\/wp\/v2\/media\/9239"}],"wp:attachment":[{"href":"https:\/\/www.multicasa.com.br\/inicio\/wp-json\/wp\/v2\/media?parent=9178"}],"wp:term":[{"taxonomy":"product_brand","embeddable":true,"href":"https:\/\/www.multicasa.com.br\/inicio\/wp-json\/wp\/v2\/product_brand?post=9178"},{"taxonomy":"product_cat","embeddable":true,"href":"https:\/\/www.multicasa.com.br\/inicio\/wp-json\/wp\/v2\/product_cat?post=9178"},{"taxonomy":"product_tag","embeddable":true,"href":"https:\/\/www.multicasa.com.br\/inicio\/wp-json\/wp\/v2\/product_tag?post=9178"}],"curies":[{"name":"wp","href":"https:\/\/api.w.org\/{rel}","templated":true}]}}