{"id":9182,"date":"2025-06-20T17:40:56","date_gmt":"2025-06-20T21:40:56","guid":{"rendered":"https:\/\/www.multicasa.com.br\/inicio\/?post_type=product&#038;p=9182"},"modified":"2025-06-20T17:41:46","modified_gmt":"2025-06-20T21:41:46","slug":"fechadura-para-gaveta-cromada-3f","status":"publish","type":"product","link":"https:\/\/www.multicasa.com.br\/inicio\/produto\/fechadura-para-gaveta-cromada-3f\/","title":{"rendered":"Fechadura para Gaveta Cromada 3F"},"content":{"rendered":"<p>A fechadura para gaveta cromada 3F garante seguran\u00e7a e privacidade aos seus objetos pessoais e documentos. Ideal para diversos projetos de m\u00f3veis, foi produzida em zamak cromado com chave de rota\u00e7\u00e3o de 180\u00b0 e cilindro com 31 mm.<\/p>\n","protected":false},"excerpt":{"rendered":"<h4 style=\"margin: 0px;padding: 0px 0px 16px;font-family: Lato, sans-serif;font-weight: bold;line-height: 3rem;color: var(--dark-grey3);font-size: 22px;font-style: normal;letter-spacing: normal;text-align: start;text-indent: 0px;text-transform: none\">Informa\u00e7\u00f5es t\u00e9cnicas<\/h4>\n<p><span style=\"margin: 0px;padding: 0px;font-weight: 450;font-size: 14px;line-height: 21px;color: var(--dark-grey2);font-family: Lato, sans-serif;font-style: normal;letter-spacing: normal;text-align: start;text-indent: 0px;text-transform: none\">Produto: Fechadura para Gaveta<br \/>\nMarca: 3F<br \/>\nMaterial: Zamak<br \/>\nCor: Prata<br \/>\nCaracter\u00edsticas: Rota\u00e7\u00e3o da chave de 180\u00b0<br \/>\nQuantidade de Pe\u00e7as: 3<br \/>\nItens inclusos: 1 fechadura para Gaveta<br \/>\n2 chaves<br \/>\nDi\u00e2metro do produto: 17,5mm<br \/>\nDimens\u00f5es do produto (A): 31mm<br \/>\n<\/span><\/p>\n","protected":false},"featured_media":9258,"template":"","meta":{"_joinchat":[]},"product_brand":[],"product_cat":[141],"product_tag":[],"class_list":{"0":"post-9182","1":"product","2":"type-product","3":"status-publish","4":"has-post-thumbnail","6":"product_cat-marcenaria","8":"first","9":"outofstock","10":"shipping-taxable","11":"product-type-simple"},"_links":{"self":[{"href":"https:\/\/www.multicasa.com.br\/inicio\/wp-json\/wp\/v2\/product\/9182","targetHints":{"allow":["GET"]}}],"collection":[{"href":"https:\/\/www.multicasa.com.br\/inicio\/wp-json\/wp\/v2\/product"}],"about":[{"href":"https:\/\/www.multicasa.com.br\/inicio\/wp-json\/wp\/v2\/types\/product"}],"wp:featuredmedia":[{"embeddable":true,"href":"https:\/\/www.multicasa.com.br\/inicio\/wp-json\/wp\/v2\/media\/9258"}],"wp:attachment":[{"href":"https:\/\/www.multicasa.com.br\/inicio\/wp-json\/wp\/v2\/media?parent=9182"}],"wp:term":[{"taxonomy":"product_brand","embeddable":true,"href":"https:\/\/www.multicasa.com.br\/inicio\/wp-json\/wp\/v2\/product_brand?post=9182"},{"taxonomy":"product_cat","embeddable":true,"href":"https:\/\/www.multicasa.com.br\/inicio\/wp-json\/wp\/v2\/product_cat?post=9182"},{"taxonomy":"product_tag","embeddable":true,"href":"https:\/\/www.multicasa.com.br\/inicio\/wp-json\/wp\/v2\/product_tag?post=9182"}],"curies":[{"name":"wp","href":"https:\/\/api.w.org\/{rel}","templated":true}]}}