{"id":9183,"date":"2025-06-20T17:40:56","date_gmt":"2025-06-20T21:40:56","guid":{"rendered":"https:\/\/www.multicasa.com.br\/inicio\/?post_type=product&#038;p=9183"},"modified":"2025-06-20T17:41:48","modified_gmt":"2025-06-20T21:41:48","slug":"lamina-para-estilete-18mm-10-pecas-vonder","status":"publish","type":"product","link":"https:\/\/www.multicasa.com.br\/inicio\/produto\/lamina-para-estilete-18mm-10-pecas-vonder\/","title":{"rendered":"L\u00e2mina para Estilete 18mm 10 pe\u00e7as Vonder"},"content":{"rendered":"<p>O jogo de L\u00e2minas para Estilete Vonder \u00e9 composto por 10 pe\u00e7as de a\u00e7o com furo e rasgo para encaixe. Com tripla afia\u00e7\u00e3o e divididas em 08 partes, t\u00eam dimens\u00f5es de 108 x 18 x 0, 4mm. Ideal para reaproveitar as l\u00e2minas e oferecer praticidade a quem o utiliza.<\/p>\n","protected":false},"excerpt":{"rendered":"<h4 style=\"margin: 0px;padding: 0px 0px 16px;font-family: Lato, sans-serif;font-weight: bold;line-height: 3rem;color: var(--dark-grey3);font-size: 22px;font-style: normal;letter-spacing: normal;text-align: start;text-indent: 0px;text-transform: none\">Informa\u00e7\u00f5es t\u00e9cnicas<\/h4>\n<p><span style=\"margin: 0px;padding: 0px;font-weight: 450;font-size: 14px;line-height: 21px;color: var(--dark-grey2);font-family: Lato, sans-serif;font-style: normal;letter-spacing: normal;text-align: start;text-indent: 0px;text-transform: none\">Produto: L\u00e2mina para estilete<br \/>\nMarca: Vonder<br \/>\nMaterial: A\u00e7o<br \/>\nCor: Prata<br \/>\nCaracter\u00edsticas: L\u00e2mina em a\u00e7o com furo e rasgo para encaixe<br \/>\nL\u00e2mina dividida em 8 partes para reutiliza\u00e7\u00e3o<br \/>\nItens Inclusos: 10 l\u00e2minas<br \/>\nEspessura: 0,4mm<br \/>\nDimens\u00f5es do produto (A X L): 108 x 18mm<br \/>\n<\/span><\/p>\n","protected":false},"featured_media":9259,"template":"","meta":{"_joinchat":[]},"product_brand":[],"product_cat":[137],"product_tag":[],"class_list":{"0":"post-9183","1":"product","2":"type-product","3":"status-publish","4":"has-post-thumbnail","6":"product_cat-ferramentas-manuais","8":"first","9":"outofstock","10":"shipping-taxable","11":"product-type-simple"},"_links":{"self":[{"href":"https:\/\/www.multicasa.com.br\/inicio\/wp-json\/wp\/v2\/product\/9183","targetHints":{"allow":["GET"]}}],"collection":[{"href":"https:\/\/www.multicasa.com.br\/inicio\/wp-json\/wp\/v2\/product"}],"about":[{"href":"https:\/\/www.multicasa.com.br\/inicio\/wp-json\/wp\/v2\/types\/product"}],"wp:featuredmedia":[{"embeddable":true,"href":"https:\/\/www.multicasa.com.br\/inicio\/wp-json\/wp\/v2\/media\/9259"}],"wp:attachment":[{"href":"https:\/\/www.multicasa.com.br\/inicio\/wp-json\/wp\/v2\/media?parent=9183"}],"wp:term":[{"taxonomy":"product_brand","embeddable":true,"href":"https:\/\/www.multicasa.com.br\/inicio\/wp-json\/wp\/v2\/product_brand?post=9183"},{"taxonomy":"product_cat","embeddable":true,"href":"https:\/\/www.multicasa.com.br\/inicio\/wp-json\/wp\/v2\/product_cat?post=9183"},{"taxonomy":"product_tag","embeddable":true,"href":"https:\/\/www.multicasa.com.br\/inicio\/wp-json\/wp\/v2\/product_tag?post=9183"}],"curies":[{"name":"wp","href":"https:\/\/api.w.org\/{rel}","templated":true}]}}