{"id":9184,"date":"2025-06-20T17:40:56","date_gmt":"2025-06-20T21:40:56","guid":{"rendered":"https:\/\/www.multicasa.com.br\/inicio\/?post_type=product&#038;p=9184"},"modified":"2025-06-20T17:41:49","modified_gmt":"2025-06-20T21:41:49","slug":"caixa-organizadora-com-tampa-de-plastico-incolor-paramount-20l","status":"publish","type":"product","link":"https:\/\/www.multicasa.com.br\/inicio\/produto\/caixa-organizadora-com-tampa-de-plastico-incolor-paramount-20l\/","title":{"rendered":"Caixa Organizadora com Tampa de Pl\u00e1stico Incolor Paramount 20L"},"content":{"rendered":"<p>Chega de bagun\u00e7a pela casa ou de objetos empilhados em gavetas e arm\u00e1rios. Use a Caixa Organizadora com Tampa de Pl\u00e1stico da Paramount para guardar brinquedos, pap\u00e9is, roupas, cal\u00e7ados, livros e o que mais desejar com praticidade e efici\u00eancia. Incolor, possui travas e al\u00e7as laterais que deixam a caixa organizadora mais resistente e f\u00e1cil de limpar. Medindo 41 x 29 x 25cm, com capacidade m\u00e1xima de 20 litros. A caixa organizadora que toda casa precisa ter na hora da arruma\u00e7\u00e3o.<\/p>\n","protected":false},"excerpt":{"rendered":"<h4 style=\"margin: 0px;padding: 0px 0px 16px;font-family: Lato, sans-serif;font-weight: bold;line-height: 3rem;color: var(--dark-grey3);font-size: 22px;font-style: normal;letter-spacing: normal;text-align: start;text-indent: 0px;text-transform: none\">Informa\u00e7\u00f5es t\u00e9cnicas<\/h4>\n<p><span style=\"margin: 0px;padding: 0px;font-weight: 450;font-size: 14px;line-height: 21px;color: var(--dark-grey2);font-family: Lato, sans-serif;font-style: normal;letter-spacing: normal;text-align: start;text-indent: 0px;text-transform: none\">Produto: Caixa Organizadora<br \/>\nMarca: Paramount<br \/>\nMaterial: Pl\u00e1stico<br \/>\nCapacidade: 20L<br \/>\nCor: Incolor<br \/>\nCaracter\u00edsticas: Possui tampa.<br \/>\nItens Inclusos: 1 Caixa organizadora<br \/>\nDimens\u00f5es do produto (A x L x P): 41 x 29 x 25cm<br \/>\n<\/span><\/p>\n","protected":false},"featured_media":9261,"template":"","meta":{"_joinchat":[]},"product_brand":[],"product_cat":[98],"product_tag":[],"class_list":{"0":"post-9184","1":"product","2":"type-product","3":"status-publish","4":"has-post-thumbnail","6":"product_cat-organizadores","8":"first","9":"outofstock","10":"shipping-taxable","11":"product-type-simple"},"_links":{"self":[{"href":"https:\/\/www.multicasa.com.br\/inicio\/wp-json\/wp\/v2\/product\/9184","targetHints":{"allow":["GET"]}}],"collection":[{"href":"https:\/\/www.multicasa.com.br\/inicio\/wp-json\/wp\/v2\/product"}],"about":[{"href":"https:\/\/www.multicasa.com.br\/inicio\/wp-json\/wp\/v2\/types\/product"}],"wp:featuredmedia":[{"embeddable":true,"href":"https:\/\/www.multicasa.com.br\/inicio\/wp-json\/wp\/v2\/media\/9261"}],"wp:attachment":[{"href":"https:\/\/www.multicasa.com.br\/inicio\/wp-json\/wp\/v2\/media?parent=9184"}],"wp:term":[{"taxonomy":"product_brand","embeddable":true,"href":"https:\/\/www.multicasa.com.br\/inicio\/wp-json\/wp\/v2\/product_brand?post=9184"},{"taxonomy":"product_cat","embeddable":true,"href":"https:\/\/www.multicasa.com.br\/inicio\/wp-json\/wp\/v2\/product_cat?post=9184"},{"taxonomy":"product_tag","embeddable":true,"href":"https:\/\/www.multicasa.com.br\/inicio\/wp-json\/wp\/v2\/product_tag?post=9184"}],"curies":[{"name":"wp","href":"https:\/\/api.w.org\/{rel}","templated":true}]}}