{"id":9186,"date":"2025-06-20T17:40:56","date_gmt":"2025-06-20T21:40:56","guid":{"rendered":"https:\/\/www.multicasa.com.br\/inicio\/?post_type=product&#038;p=9186"},"modified":"2025-06-20T17:41:52","modified_gmt":"2025-06-20T21:41:52","slug":"limpeza-a-seco-em-po-tio-bonato-550g","status":"publish","type":"product","link":"https:\/\/www.multicasa.com.br\/inicio\/produto\/limpeza-a-seco-em-po-tio-bonato-550g\/","title":{"rendered":"Limpeza a Seco em P\u00f3 Tio Bonato 550g"},"content":{"rendered":"<p>Limpeza a Seco em P\u00f3 Tio Bonato 550g \u00e9 ideal para limpeza a seco de superf\u00edcies como tapetes, sof\u00e1s, almofadas e cortinas. Para usar, fa\u00e7a a aplica\u00e7\u00e3o, deixe agir por duas horas e aspire completamente o tecido com o aspirador de p\u00f3, pronto! Todos os tecidos mencionados estar\u00e3o livres de bact\u00e9rias e \u00e1caros, sem sujeira e odores.<br \/>\nO produto \u00e9 composto 100% pelo primeiro e \u00fanico bicarbonato de s\u00f3dio sustent\u00e1vel do planeta, com granulometria apropriada para absorver odores de tapetes eliminando \u00e1caros. Sua f\u00f3rmula simples oferece um produto eficiente sem necessitar lavar o tapete ou colch\u00e3o, aumentando assim a vida \u00fatil dos seus bens.<br \/>\nPara limpar outros tipos de res\u00edduos que podem cair no estofado, imediatamente cubra-os com tio bonato e deixe agir por alguns minutos, em seguida remova tais res\u00edduos. Logo ap\u00f3s coloque mais uma pequena quantidade do produto em cima da \u00e1rea afetada e deixe agir por 5 minutos e logo em seguida com aspirador de p\u00f3 remova o limpeza a seco. Com este procedimento voc\u00ea evita a prolifera\u00e7\u00e3o de bact\u00e9rias, remove os odores e cuida da sa\u00fade de sua fam\u00edlia.<br \/>\nEvite crises de rinite, sinusite e asma com o limpador a seco da Tio Bonato!<\/p>\n","protected":false},"excerpt":{"rendered":"<h4 style=\"margin: 0px;padding: 0px 0px 16px;font-family: Lato, sans-serif;font-weight: bold;line-height: 3rem;color: var(--dark-grey3);font-size: 22px;font-style: normal;letter-spacing: normal;text-align: start;text-indent: 0px;text-transform: none\">Informa\u00e7\u00f5es t\u00e9cnicas<\/h4>\n<p><span style=\"margin: 0px;padding: 0px;font-weight: 450;font-size: 14px;line-height: 21px;color: var(--dark-grey2);font-family: Lato, sans-serif;font-style: normal;letter-spacing: normal;text-align: start;text-indent: 0px;text-transform: none\">Produto: Limpador a seco em p\u00f3<br \/>\nMarca: Tio Bonato<br \/>\nConte\u00fado: 550g<br \/>\nUso Indicado: Higieniza e remove odores de tapetes, carpetes, colch\u00f5es e travesseiros<br \/>\nCaracter\u00edsticas: \u00danico bicarbonato de s\u00f3dio sustent\u00e1vel do planeta<br \/>\nElimina \u00e1caros<br \/>\nBiodegrad\u00e1vel<br \/>\nN\u00e3o agride os tecidos<br \/>\nPossui removedor de odores<br \/>\nItens Inclusos: 1 limpador<br \/>\nDimens\u00f5es do produto (A x L): 18 x 7cm<br \/>\n<\/span><\/p>\n","protected":false},"featured_media":9264,"template":"","meta":{"_joinchat":[]},"product_brand":[],"product_cat":[96],"product_tag":[],"class_list":{"0":"post-9186","1":"product","2":"type-product","3":"status-publish","4":"has-post-thumbnail","6":"product_cat-limpeza-e-cia","8":"first","9":"outofstock","10":"shipping-taxable","11":"product-type-simple"},"_links":{"self":[{"href":"https:\/\/www.multicasa.com.br\/inicio\/wp-json\/wp\/v2\/product\/9186","targetHints":{"allow":["GET"]}}],"collection":[{"href":"https:\/\/www.multicasa.com.br\/inicio\/wp-json\/wp\/v2\/product"}],"about":[{"href":"https:\/\/www.multicasa.com.br\/inicio\/wp-json\/wp\/v2\/types\/product"}],"wp:featuredmedia":[{"embeddable":true,"href":"https:\/\/www.multicasa.com.br\/inicio\/wp-json\/wp\/v2\/media\/9264"}],"wp:attachment":[{"href":"https:\/\/www.multicasa.com.br\/inicio\/wp-json\/wp\/v2\/media?parent=9186"}],"wp:term":[{"taxonomy":"product_brand","embeddable":true,"href":"https:\/\/www.multicasa.com.br\/inicio\/wp-json\/wp\/v2\/product_brand?post=9186"},{"taxonomy":"product_cat","embeddable":true,"href":"https:\/\/www.multicasa.com.br\/inicio\/wp-json\/wp\/v2\/product_cat?post=9186"},{"taxonomy":"product_tag","embeddable":true,"href":"https:\/\/www.multicasa.com.br\/inicio\/wp-json\/wp\/v2\/product_tag?post=9186"}],"curies":[{"name":"wp","href":"https:\/\/api.w.org\/{rel}","templated":true}]}}