{"id":9215,"date":"2025-06-20T17:41:22","date_gmt":"2025-06-20T21:41:22","guid":{"rendered":"https:\/\/www.multicasa.com.br\/inicio\/?post_type=product&#038;p=9215"},"modified":"2026-01-07T16:30:23","modified_gmt":"2026-01-07T20:30:23","slug":"cabo-extensor-para-mop-giratorio-flashlimp-28cm","status":"publish","type":"product","link":"https:\/\/www.multicasa.com.br\/inicio\/produto\/cabo-extensor-para-mop-giratorio-flashlimp-28cm\/","title":{"rendered":"Cabo Extensor para MOP Girat\u00f3rio FlashLimp 28cm"},"content":{"rendered":"<p>O Cabo Extensor para MOP Girat\u00f3rio da FlashLimp aumenta em at\u00e9 28 cm a altura original do seu esfreg\u00e3o. \u00c9 compat\u00edvel com o MOP Girat\u00f3rio, MOP Girat\u00f3rio Pro, MOP Girat\u00f3rio 3 em 1 e MOP Girat\u00f3rio Fit. Ideal para preservar sua postura e exigir menos da sua coluna. Use-o no seu dia-a-dia e facilite as tarefas de casa na hora da limpeza.<\/p>\n","protected":false},"excerpt":{"rendered":"<h4 style=\"margin: 0px;padding: 0px 0px 16px;font-family: Lato, sans-serif;font-weight: bold;line-height: 3rem;color: var(--dark-grey3);font-size: 22px;font-style: normal;letter-spacing: normal;text-align: start;text-indent: 0px;text-transform: none\">Informa\u00e7\u00f5es t\u00e9cnicas<\/h4>\n<p><span style=\"margin: 0px;padding: 0px;font-weight: 450;font-size: 14px;line-height: 21px;color: var(--dark-grey2);font-family: Lato, sans-serif;font-style: normal;letter-spacing: normal;text-align: start;text-indent: 0px;text-transform: none\">Produto: Cabo Extensor para MOP Girat\u00f3rio<br \/>\nMarca: Flashlimp<br \/>\nMaterial: Madeira<br \/>\nPl\u00e1stico<br \/>\nCor: Verde e prata<br \/>\nCaracter\u00edstica: Compat\u00edvel com MOP girat\u00f3rio<br \/>\nCompat\u00edvel com MOP girat\u00f3rio<br \/>\nCompat\u00edvel com MOP 3 em 1<br \/>\nCompat\u00edvel com MOP Fit<br \/>\nItens Inclusos: 1 Cabo extensor para MOP girat\u00f3rio<br \/>\nDimens\u00f5es do produto (A): 28cm<br \/>\n<\/span><\/p>\n","protected":false},"featured_media":9294,"template":"","meta":{"_joinchat":[]},"product_brand":[],"product_cat":[96],"product_tag":[],"class_list":{"0":"post-9215","1":"product","2":"type-product","3":"status-publish","4":"has-post-thumbnail","6":"product_cat-limpeza-e-cia","8":"first","9":"instock","10":"shipping-taxable","11":"purchasable","12":"product-type-simple"},"_links":{"self":[{"href":"https:\/\/www.multicasa.com.br\/inicio\/wp-json\/wp\/v2\/product\/9215","targetHints":{"allow":["GET"]}}],"collection":[{"href":"https:\/\/www.multicasa.com.br\/inicio\/wp-json\/wp\/v2\/product"}],"about":[{"href":"https:\/\/www.multicasa.com.br\/inicio\/wp-json\/wp\/v2\/types\/product"}],"wp:featuredmedia":[{"embeddable":true,"href":"https:\/\/www.multicasa.com.br\/inicio\/wp-json\/wp\/v2\/media\/9294"}],"wp:attachment":[{"href":"https:\/\/www.multicasa.com.br\/inicio\/wp-json\/wp\/v2\/media?parent=9215"}],"wp:term":[{"taxonomy":"product_brand","embeddable":true,"href":"https:\/\/www.multicasa.com.br\/inicio\/wp-json\/wp\/v2\/product_brand?post=9215"},{"taxonomy":"product_cat","embeddable":true,"href":"https:\/\/www.multicasa.com.br\/inicio\/wp-json\/wp\/v2\/product_cat?post=9215"},{"taxonomy":"product_tag","embeddable":true,"href":"https:\/\/www.multicasa.com.br\/inicio\/wp-json\/wp\/v2\/product_tag?post=9215"}],"curies":[{"name":"wp","href":"https:\/\/api.w.org\/{rel}","templated":true}]}}