{"id":9218,"date":"2025-06-20T17:41:23","date_gmt":"2025-06-20T21:41:23","guid":{"rendered":"https:\/\/www.multicasa.com.br\/inicio\/?post_type=product&#038;p=9218"},"modified":"2026-03-09T09:30:57","modified_gmt":"2026-03-09T13:30:57","slug":"kit-limpa-telas-flashlimp-120ml-com-2-esponjas","status":"publish","type":"product","link":"https:\/\/www.multicasa.com.br\/inicio\/produto\/kit-limpa-telas-flashlimp-120ml-com-2-esponjas\/","title":{"rendered":"Kit Limpa Telas FlashLimp 120ml com 2 Esponjas"},"content":{"rendered":"<p>Com o Kit Limpa Telas 120ml da FlashLimp, com 2 esponjas de microfibra para telas sens\u00edveis, voc\u00ea limpa telas de smartphones, notebooks e televisores sem riscar. A estrutura da microfibra ret\u00e9m poeira e sujeira com facilidade e n\u00e3o solta fiapos. Ela \u00e9 lav\u00e1vel, n\u00e3o ret\u00e9m odores e n\u00e3o risca.<\/p>\n","protected":false},"excerpt":{"rendered":"<h4 style=\"margin: 0px;padding: 0px 0px 16px;font-family: Lato, sans-serif;font-weight: bold;line-height: 3rem;color: var(--dark-grey3);font-size: 22px;font-style: normal;letter-spacing: normal;text-align: start;text-indent: 0px;text-transform: none\">Informa\u00e7\u00f5es t\u00e9cnicas<\/h4>\n<p><span style=\"margin: 0px;padding: 0px;font-weight: 450;font-size: 14px;line-height: 21px;color: var(--dark-grey2);font-family: Lato, sans-serif;font-style: normal;letter-spacing: normal;text-align: start;text-indent: 0px;text-transform: none\">Produto: Kit Limpa Telas<br \/>\nMarca: FlashLimp<br \/>\nComposi\u00e7\u00e3o: Esponja: poliuretano\/poli\u00e9ster\/poliamida; Limpa Telas: tensoativo ani\u00f4nico\/solvente\/sequestrante\/coadjuvantes\/ve\u00edculo\/princ\u00edpio ativo: butilglicol.<br \/>\nConte\u00fado: 120ml<br \/>\nCaracter\u00edsticas: Limpa melhor e n\u00e3o risca<br \/>\nQuantidade de pe\u00e7as: 3<br \/>\nItens Inclusos: 1 Limpa telas e 2 esponjas de microfibra<br \/>\nDimens\u00f5es do produto: Esponja: 3 x 7 x 12cm; Limpa telas: 4 x 4 x 15cm<br \/>\nPeso: 8g (esponja)<\/span><\/p>\n","protected":false},"featured_media":25360,"template":"","meta":{"_joinchat":[]},"product_brand":[],"product_cat":[130],"product_tag":[],"class_list":{"0":"post-9218","1":"product","2":"type-product","3":"status-publish","4":"has-post-thumbnail","6":"product_cat-informatica","8":"first","9":"instock","10":"shipping-taxable","11":"purchasable","12":"product-type-simple"},"_links":{"self":[{"href":"https:\/\/www.multicasa.com.br\/inicio\/wp-json\/wp\/v2\/product\/9218","targetHints":{"allow":["GET"]}}],"collection":[{"href":"https:\/\/www.multicasa.com.br\/inicio\/wp-json\/wp\/v2\/product"}],"about":[{"href":"https:\/\/www.multicasa.com.br\/inicio\/wp-json\/wp\/v2\/types\/product"}],"wp:featuredmedia":[{"embeddable":true,"href":"https:\/\/www.multicasa.com.br\/inicio\/wp-json\/wp\/v2\/media\/25360"}],"wp:attachment":[{"href":"https:\/\/www.multicasa.com.br\/inicio\/wp-json\/wp\/v2\/media?parent=9218"}],"wp:term":[{"taxonomy":"product_brand","embeddable":true,"href":"https:\/\/www.multicasa.com.br\/inicio\/wp-json\/wp\/v2\/product_brand?post=9218"},{"taxonomy":"product_cat","embeddable":true,"href":"https:\/\/www.multicasa.com.br\/inicio\/wp-json\/wp\/v2\/product_cat?post=9218"},{"taxonomy":"product_tag","embeddable":true,"href":"https:\/\/www.multicasa.com.br\/inicio\/wp-json\/wp\/v2\/product_tag?post=9218"}],"curies":[{"name":"wp","href":"https:\/\/api.w.org\/{rel}","templated":true}]}}