{"id":9219,"date":"2025-06-20T17:41:23","date_gmt":"2025-06-20T21:41:23","guid":{"rendered":"https:\/\/www.multicasa.com.br\/inicio\/?post_type=product&#038;p=9219"},"modified":"2025-06-20T17:42:28","modified_gmt":"2025-06-20T21:42:28","slug":"organizador-de-gaveta-colmeia-tnt-para-sutia-6-divisorias-bege-clink","status":"publish","type":"product","link":"https:\/\/www.multicasa.com.br\/inicio\/produto\/organizador-de-gaveta-colmeia-tnt-para-sutia-6-divisorias-bege-clink\/","title":{"rendered":"Organizador de Gaveta Colmeia TNT para Suti\u00e3 6 Divis\u00f3rias Bege Clink"},"content":{"rendered":"<p>O Organizador de Gaveta Colmeia para Suti\u00e3s Clink \u00e9 a maneira mais pr\u00e1tica e funcional para organizar arm\u00e1rios, closets e guarda-roupas. Confeccionado em tecido TNT na cor bege com design compacto e flex\u00edvel que facilita a visualiza\u00e7\u00e3o e protege seus pertences. Tem 6 divis\u00f3rias, cabe em qualquer gaveta e protege suas pe\u00e7as contra amassados!<\/p>\n","protected":false},"excerpt":{"rendered":"<h4 style=\"margin: 0px;padding: 0px 0px 16px;font-family: Lato, sans-serif;font-weight: bold;line-height: 3rem;color: var(--dark-grey3);font-size: 22px;font-style: normal;letter-spacing: normal;text-align: start;text-indent: 0px;text-transform: none\">Informa\u00e7\u00f5es t\u00e9cnicas<\/h4>\n<p><span style=\"margin: 0px;padding: 0px;font-weight: 450;font-size: 14px;line-height: 21px;color: var(--dark-grey2);font-family: Lato, sans-serif;font-style: normal;letter-spacing: normal;text-align: start;text-indent: 0px;text-transform: none\">Produto: Organizador de suti\u00e3<br \/>\nMarca: Clink<br \/>\nMaterial: TNT<br \/>\nCor: Bege, marrom<br \/>\nCaracter\u00edsticas: Possui 6 divis\u00f3rias, flex\u00edvel<br \/>\nItens Inclusos: 1 Organizador de suti\u00e3<br \/>\nDimens\u00f5es do produto (A x L x P): 8 x 24 x 33cm<br \/>\n<\/span><\/p>\n","protected":false},"featured_media":9301,"template":"","meta":{"_joinchat":[]},"product_brand":[],"product_cat":[95],"product_tag":[],"class_list":{"0":"post-9219","1":"product","2":"type-product","3":"status-publish","4":"has-post-thumbnail","6":"product_cat-lavanderia","8":"first","9":"outofstock","10":"shipping-taxable","11":"product-type-simple"},"_links":{"self":[{"href":"https:\/\/www.multicasa.com.br\/inicio\/wp-json\/wp\/v2\/product\/9219","targetHints":{"allow":["GET"]}}],"collection":[{"href":"https:\/\/www.multicasa.com.br\/inicio\/wp-json\/wp\/v2\/product"}],"about":[{"href":"https:\/\/www.multicasa.com.br\/inicio\/wp-json\/wp\/v2\/types\/product"}],"wp:featuredmedia":[{"embeddable":true,"href":"https:\/\/www.multicasa.com.br\/inicio\/wp-json\/wp\/v2\/media\/9301"}],"wp:attachment":[{"href":"https:\/\/www.multicasa.com.br\/inicio\/wp-json\/wp\/v2\/media?parent=9219"}],"wp:term":[{"taxonomy":"product_brand","embeddable":true,"href":"https:\/\/www.multicasa.com.br\/inicio\/wp-json\/wp\/v2\/product_brand?post=9219"},{"taxonomy":"product_cat","embeddable":true,"href":"https:\/\/www.multicasa.com.br\/inicio\/wp-json\/wp\/v2\/product_cat?post=9219"},{"taxonomy":"product_tag","embeddable":true,"href":"https:\/\/www.multicasa.com.br\/inicio\/wp-json\/wp\/v2\/product_tag?post=9219"}],"curies":[{"name":"wp","href":"https:\/\/api.w.org\/{rel}","templated":true}]}}