{"id":9222,"date":"2025-06-20T17:41:23","date_gmt":"2025-06-20T21:41:23","guid":{"rendered":"https:\/\/www.multicasa.com.br\/inicio\/?post_type=product&#038;p=9222"},"modified":"2025-06-20T17:42:32","modified_gmt":"2025-06-20T21:42:32","slug":"caixa-organizadora-com-tampa-de-plastico-cinza-chumbo-ou-105l","status":"publish","type":"product","link":"https:\/\/www.multicasa.com.br\/inicio\/produto\/caixa-organizadora-com-tampa-de-plastico-cinza-chumbo-ou-105l\/","title":{"rendered":"Caixa Organizadora com Tampa de Pl\u00e1stico Cinza Chumbo OU 10,5L"},"content":{"rendered":"<p>Precisando de uma solu\u00e7\u00e3o para organizar a sala, quarto ou escrit\u00f3rio? Use a Caixa Organizadora com Tampa de Pl\u00e1stico da OU. Cinza chumbo e com design funcional, arruma e decora ao mesmo tempo. Suas medidas de 36,5 x 27,5 x 13cm permite que ela se seja usada em diferentes ambientes sem que voc\u00ea precise se preocupar com espa\u00e7o. Possui capacidade de 10, 5 litros. Uma forma moderna e eficiente de te dar aquela m\u00e3ozinha na arruma\u00e7\u00e3o.<\/p>\n","protected":false},"excerpt":{"rendered":"<h4 style=\"margin: 0px;padding: 0px 0px 16px;font-family: Lato, sans-serif;font-weight: bold;line-height: 3rem;color: var(--dark-grey3);font-size: 22px;font-style: normal;letter-spacing: normal;text-align: start;text-indent: 0px;text-transform: none\">Informa\u00e7\u00f5es t\u00e9cnicas<\/h4>\n<p><span style=\"margin: 0px;padding: 0px;font-weight: 450;font-size: 14px;line-height: 21px;color: var(--dark-grey2);font-family: Lato, sans-serif;font-style: normal;letter-spacing: normal;text-align: start;text-indent: 0px;text-transform: none\">Produto: Caixa organizadora<br \/>\nMarca: OU<br \/>\nMaterial: Pl\u00e1stico<br \/>\nCor: Cinza Chumbo<br \/>\nCapacidade: 10,5L<br \/>\nItens Inclusos: 1 caixa organizadora<br \/>\nDimens\u00f5es do produto (A x L x P): 36,5 x 27,5 x 13cm<br \/>\n<\/span><\/p>\n","protected":false},"featured_media":9320,"template":"","meta":{"_joinchat":[]},"product_brand":[],"product_cat":[98],"product_tag":[],"class_list":{"0":"post-9222","1":"product","2":"type-product","3":"status-publish","4":"has-post-thumbnail","6":"product_cat-organizadores","8":"first","9":"outofstock","10":"shipping-taxable","11":"product-type-simple"},"_links":{"self":[{"href":"https:\/\/www.multicasa.com.br\/inicio\/wp-json\/wp\/v2\/product\/9222","targetHints":{"allow":["GET"]}}],"collection":[{"href":"https:\/\/www.multicasa.com.br\/inicio\/wp-json\/wp\/v2\/product"}],"about":[{"href":"https:\/\/www.multicasa.com.br\/inicio\/wp-json\/wp\/v2\/types\/product"}],"wp:featuredmedia":[{"embeddable":true,"href":"https:\/\/www.multicasa.com.br\/inicio\/wp-json\/wp\/v2\/media\/9320"}],"wp:attachment":[{"href":"https:\/\/www.multicasa.com.br\/inicio\/wp-json\/wp\/v2\/media?parent=9222"}],"wp:term":[{"taxonomy":"product_brand","embeddable":true,"href":"https:\/\/www.multicasa.com.br\/inicio\/wp-json\/wp\/v2\/product_brand?post=9222"},{"taxonomy":"product_cat","embeddable":true,"href":"https:\/\/www.multicasa.com.br\/inicio\/wp-json\/wp\/v2\/product_cat?post=9222"},{"taxonomy":"product_tag","embeddable":true,"href":"https:\/\/www.multicasa.com.br\/inicio\/wp-json\/wp\/v2\/product_tag?post=9222"}],"curies":[{"name":"wp","href":"https:\/\/api.w.org\/{rel}","templated":true}]}}