{"id":9223,"date":"2025-06-20T17:41:23","date_gmt":"2025-06-20T21:41:23","guid":{"rendered":"https:\/\/www.multicasa.com.br\/inicio\/?post_type=product&#038;p=9223"},"modified":"2025-06-20T17:42:37","modified_gmt":"2025-06-20T21:42:37","slug":"balanca-portatil-digital-para-ate-50kg-black-decker","status":"publish","type":"product","link":"https:\/\/www.multicasa.com.br\/inicio\/produto\/balanca-portatil-digital-para-ate-50kg-black-decker\/","title":{"rendered":"Balan\u00e7a Port\u00e1til Digital para at\u00e9 50kg Black + Decker"},"content":{"rendered":"<p>Compacta e leve, a balan\u00e7a port\u00e1til digital da Black + Decker pesa bagagens e objetos com at\u00e9 50kg. Ideal para levar em viagens, pesca e outras ocasi\u00f5es, tem gancho resistente e vers\u00e1til feito de a\u00e7o e gradua\u00e7\u00e3o de 10g. Funciona com bateria CR2032 (j\u00e1 inclusa), tem bot\u00e3o de liga e desliga, visor iluminado e rotativo e corpo emborrachado para pega confort\u00e1vel.<\/p>\n","protected":false},"excerpt":{"rendered":"<h4 style=\"margin: 0px;padding: 0px 0px 16px;font-family: Lato, sans-serif;font-weight: bold;line-height: 3rem;color: var(--dark-grey3);font-size: 22px;font-style: normal;letter-spacing: normal;text-align: start;text-indent: 0px;text-transform: none\">Informa\u00e7\u00f5es t\u00e9cnicas<\/h4>\n<p><span style=\"margin: 0px;padding: 0px;font-weight: 450;font-size: 14px;line-height: 21px;color: var(--dark-grey2);font-family: Lato, sans-serif;font-style: normal;letter-spacing: normal;text-align: start;text-indent: 0px;text-transform: none\">Produto: Balan\u00e7a Port\u00e1til<br \/>\nTipo: Digital<br \/>\nMarca: Black + Decker<br \/>\nMaterial: Gancho em a\u00e7o<br \/>\nCorpo emborrachado<br \/>\nCor: Preto, prata<br \/>\nAlimenta\u00e7\u00e3o: Bateria CR2032<br \/>\nCaracter\u00edsticas: Suporta at\u00e9 50Kg com gradua\u00e7\u00e3o de 10g<br \/>\nBot\u00e3o liga e desliga<br \/>\nVisor iluminado e rotativo<br \/>\nGancho multiuso.<br \/>\nItens inclusos: 1 Balan\u00e7a Port\u00e1til<br \/>\n1 bateria CR2032.<br \/>\nDimens\u00f5es do produto (A X L): 18cm x 17cm<br \/>\n<\/span><\/p>\n","protected":false},"featured_media":9321,"template":"","meta":{"_joinchat":[]},"product_brand":[],"product_cat":[136],"product_tag":[],"class_list":{"0":"post-9223","1":"product","2":"type-product","3":"status-publish","4":"has-post-thumbnail","6":"product_cat-lazer","8":"first","9":"outofstock","10":"shipping-taxable","11":"product-type-simple"},"_links":{"self":[{"href":"https:\/\/www.multicasa.com.br\/inicio\/wp-json\/wp\/v2\/product\/9223","targetHints":{"allow":["GET"]}}],"collection":[{"href":"https:\/\/www.multicasa.com.br\/inicio\/wp-json\/wp\/v2\/product"}],"about":[{"href":"https:\/\/www.multicasa.com.br\/inicio\/wp-json\/wp\/v2\/types\/product"}],"wp:featuredmedia":[{"embeddable":true,"href":"https:\/\/www.multicasa.com.br\/inicio\/wp-json\/wp\/v2\/media\/9321"}],"wp:attachment":[{"href":"https:\/\/www.multicasa.com.br\/inicio\/wp-json\/wp\/v2\/media?parent=9223"}],"wp:term":[{"taxonomy":"product_brand","embeddable":true,"href":"https:\/\/www.multicasa.com.br\/inicio\/wp-json\/wp\/v2\/product_brand?post=9223"},{"taxonomy":"product_cat","embeddable":true,"href":"https:\/\/www.multicasa.com.br\/inicio\/wp-json\/wp\/v2\/product_cat?post=9223"},{"taxonomy":"product_tag","embeddable":true,"href":"https:\/\/www.multicasa.com.br\/inicio\/wp-json\/wp\/v2\/product_tag?post=9223"}],"curies":[{"name":"wp","href":"https:\/\/api.w.org\/{rel}","templated":true}]}}