{"id":9225,"date":"2025-06-20T17:41:23","date_gmt":"2025-06-20T21:41:23","guid":{"rendered":"https:\/\/www.multicasa.com.br\/inicio\/?post_type=product&#038;p=9225"},"modified":"2025-06-20T17:42:38","modified_gmt":"2025-06-20T21:42:38","slug":"filtro-de-linha-com-6-tomadas-preto-megatron-1m-bivolt","status":"publish","type":"product","link":"https:\/\/www.multicasa.com.br\/inicio\/produto\/filtro-de-linha-com-6-tomadas-preto-megatron-1m-bivolt\/","title":{"rendered":"Filtro de Linha com 6 tomadas Preto Megatron 1m Bivolt"},"content":{"rendered":"<p>Use o filtro de linha com 6 tomadas preto da Megatron para conectar diversos dispositivos e aparelhos com seguran\u00e7a. Bivolt, possui chave disjuntora de ligar e desligar que \u00e9 acionada automaticamente em casos de sobrecarga ou curtos circuitos. Com amperagem de 10a e 250v, o filtro de linha \u00e9 ideal para proteger equipamentos eletr\u00f4nicos como televisores, home theater, v\u00eddeo games, computadores, impressoras, telefones e etc. dos imprevistos com a energia.<\/p>\n","protected":false},"excerpt":{"rendered":"<h4 style=\"margin: 0px;padding: 0px 0px 16px;font-family: Lato, sans-serif;font-weight: bold;line-height: 3rem;color: var(--dark-grey3);font-size: 22px;font-style: normal;letter-spacing: normal;text-align: start;text-indent: 0px;text-transform: none\">Informa\u00e7\u00f5es t\u00e9cnicas<\/h4>\n<p><span style=\"margin: 0px;padding: 0px;font-weight: 450;font-size: 14px;line-height: 21px;color: var(--dark-grey2);font-family: Lato, sans-serif;font-style: normal;letter-spacing: normal;text-align: start;text-indent: 0px;text-transform: none\">Produto: Filtro de Linha<br \/>\nMarca: Megatron<br \/>\nCor: Preto<br \/>\nAmperagem: 10a \/ 250v<br \/>\nTens\u00e3o el\u00e9trica: Bivolt<br \/>\nCaracter\u00edsticas: 6 Tomadas<br \/>\nPossui chave disjuntora liga\/desliga<br \/>\nEspessura do cabo 0,75mm &#8211; quadrado<br \/>\nItens Inclusos: 1 Filtro de Linha<br \/>\nDimens\u00f5es do produto (C): Cabo ? 1m<br \/>\n<\/span><\/p>\n","protected":false},"featured_media":9327,"template":"","meta":{"_joinchat":[]},"product_brand":[],"product_cat":[120],"product_tag":[],"class_list":{"0":"post-9225","1":"product","2":"type-product","3":"status-publish","4":"has-post-thumbnail","6":"product_cat-extencoes-e-cia","8":"first","9":"outofstock","10":"shipping-taxable","11":"product-type-simple"},"_links":{"self":[{"href":"https:\/\/www.multicasa.com.br\/inicio\/wp-json\/wp\/v2\/product\/9225","targetHints":{"allow":["GET"]}}],"collection":[{"href":"https:\/\/www.multicasa.com.br\/inicio\/wp-json\/wp\/v2\/product"}],"about":[{"href":"https:\/\/www.multicasa.com.br\/inicio\/wp-json\/wp\/v2\/types\/product"}],"wp:featuredmedia":[{"embeddable":true,"href":"https:\/\/www.multicasa.com.br\/inicio\/wp-json\/wp\/v2\/media\/9327"}],"wp:attachment":[{"href":"https:\/\/www.multicasa.com.br\/inicio\/wp-json\/wp\/v2\/media?parent=9225"}],"wp:term":[{"taxonomy":"product_brand","embeddable":true,"href":"https:\/\/www.multicasa.com.br\/inicio\/wp-json\/wp\/v2\/product_brand?post=9225"},{"taxonomy":"product_cat","embeddable":true,"href":"https:\/\/www.multicasa.com.br\/inicio\/wp-json\/wp\/v2\/product_cat?post=9225"},{"taxonomy":"product_tag","embeddable":true,"href":"https:\/\/www.multicasa.com.br\/inicio\/wp-json\/wp\/v2\/product_tag?post=9225"}],"curies":[{"name":"wp","href":"https:\/\/api.w.org\/{rel}","templated":true}]}}