{"id":9248,"date":"2025-06-20T17:41:44","date_gmt":"2025-06-20T21:41:44","guid":{"rendered":"https:\/\/www.multicasa.com.br\/inicio\/?post_type=product&#038;p=9248"},"modified":"2026-02-10T11:01:26","modified_gmt":"2026-02-10T15:01:26","slug":"forro-para-tabua-de-passar-de-feltro-lenox-395cmx130m","status":"publish","type":"product","link":"https:\/\/www.multicasa.com.br\/inicio\/produto\/forro-para-tabua-de-passar-de-feltro-lenox-395cmx130m\/","title":{"rendered":"Forro para T\u00e1bua de Passar de Feltro Lenox 39,5cmx1,30m"},"content":{"rendered":"<p>Feito 100% de poli\u00e9ster, o Forro para T\u00e1bua de Passar de Feltro da Lenox proporciona maior densidade e maciez na hora de passar roupas. Deve-se aplic\u00e1-lo por baixo da sua capa para preservar e prolongar a vida \u00fatil do seu utens\u00edlio. O forro para t\u00e1bua de passar \u00e9 ideal para proporcionar praticidade e agilidade nas tarefas de casa. Mede 39,5cm x 1,30m.<\/p>\n","protected":false},"excerpt":{"rendered":"<h4 style=\"margin: 0px;padding: 0px 0px 16px;font-family: Lato, sans-serif;font-weight: bold;line-height: 3rem;color: var(--dark-grey3);font-size: 22px;font-style: normal;letter-spacing: normal;text-align: start;text-indent: 0px;text-transform: none\">Informa\u00e7\u00f5es t\u00e9cnicas<\/h4>\n<p><span style=\"margin: 0px;padding: 0px;font-weight: 450;font-size: 14px;line-height: 21px;color: var(--dark-grey2);font-family: Lato, sans-serif;font-style: normal;letter-spacing: normal;text-align: start;text-indent: 0px;text-transform: none\">Produto: Forro para t\u00e1bua<br \/>\nMarca: Lenox<br \/>\nMaterial: Fibra de poli\u00e9ster<br \/>\nCor:<br \/>\nCaracter\u00edsticas: Espessura de 0,5cm<br \/>\nMaior densidade e resist\u00eancia deixando a base mais macia<br \/>\nItens Inclusos: 1 forro para t\u00e1bua<br \/>\nDimens\u00f5es do produto (L X P): 1,30m x 39,5cm<\/span><\/p>\n","protected":false},"featured_media":9328,"template":"","meta":{"_joinchat":[]},"product_brand":[],"product_cat":[95],"product_tag":[],"class_list":{"0":"post-9248","1":"product","2":"type-product","3":"status-publish","4":"has-post-thumbnail","6":"product_cat-lavanderia","8":"first","9":"instock","10":"shipping-taxable","11":"purchasable","12":"product-type-simple"},"_links":{"self":[{"href":"https:\/\/www.multicasa.com.br\/inicio\/wp-json\/wp\/v2\/product\/9248","targetHints":{"allow":["GET"]}}],"collection":[{"href":"https:\/\/www.multicasa.com.br\/inicio\/wp-json\/wp\/v2\/product"}],"about":[{"href":"https:\/\/www.multicasa.com.br\/inicio\/wp-json\/wp\/v2\/types\/product"}],"wp:featuredmedia":[{"embeddable":true,"href":"https:\/\/www.multicasa.com.br\/inicio\/wp-json\/wp\/v2\/media\/9328"}],"wp:attachment":[{"href":"https:\/\/www.multicasa.com.br\/inicio\/wp-json\/wp\/v2\/media?parent=9248"}],"wp:term":[{"taxonomy":"product_brand","embeddable":true,"href":"https:\/\/www.multicasa.com.br\/inicio\/wp-json\/wp\/v2\/product_brand?post=9248"},{"taxonomy":"product_cat","embeddable":true,"href":"https:\/\/www.multicasa.com.br\/inicio\/wp-json\/wp\/v2\/product_cat?post=9248"},{"taxonomy":"product_tag","embeddable":true,"href":"https:\/\/www.multicasa.com.br\/inicio\/wp-json\/wp\/v2\/product_tag?post=9248"}],"curies":[{"name":"wp","href":"https:\/\/api.w.org\/{rel}","templated":true}]}}