{"id":9250,"date":"2025-06-20T17:41:44","date_gmt":"2025-06-20T21:41:44","guid":{"rendered":"https:\/\/www.multicasa.com.br\/inicio\/?post_type=product&#038;p=9250"},"modified":"2025-06-20T17:42:50","modified_gmt":"2025-06-20T21:42:50","slug":"inseticida-em-gel-mata-baratas-e-formigas-straik","status":"publish","type":"product","link":"https:\/\/www.multicasa.com.br\/inicio\/produto\/inseticida-em-gel-mata-baratas-e-formigas-straik\/","title":{"rendered":"Inseticida em Gel Mata Baratas e Formigas Straik"},"content":{"rendered":"<p>O Kit Inseticida em Gel Straik cont\u00e9m um inseticidade gel mata barata e um inseticida de gel mata formigas, solu\u00e7\u00e3o garantida para os inimigos de casa. Com os inseticidas, \u00e9 poss\u00edvel exercer o efeito domin\u00f3 que o inseto ao entrar em contato com o gel, as baratas ou formigas voltam ao ninho e contaminam o restante da col\u00f4nia, garantindo seu total exterm\u00ednio em at\u00e9 72 horas.<br \/>\nOs produtos n\u00e3o escorrem, n\u00e3o mancham, n\u00e3o sujam, ou perdem a consist\u00eancia, podendo ser aplicado at\u00e9 mesmo na vertical. Sua f\u00f3rmula cont\u00e9m amargante e age apenas nos insetos, sendo muito mais seguro para sua fam\u00edlia e animais de estima\u00e7\u00e3o.<br \/>\nPossui aplicador de seringa contendo 10g cada.<\/p>\n","protected":false},"excerpt":{"rendered":"<h4 style=\"margin: 0px;padding: 0px 0px 16px;font-family: Lato, sans-serif;font-weight: bold;line-height: 3rem;color: var(--dark-grey3);font-size: 22px;font-style: normal;letter-spacing: normal;text-align: start;text-indent: 0px;text-transform: none\">Informa\u00e7\u00f5es t\u00e9cnicas<\/h4>\n<p><span style=\"margin: 0px;padding: 0px;font-weight: 450;font-size: 14px;line-height: 21px;color: var(--dark-grey2);font-family: Lato, sans-serif;font-style: normal;letter-spacing: normal;text-align: start;text-indent: 0px;text-transform: none\">Produto: Inseticida mata baratas<br \/>\nMarca: Straik<br \/>\nComposi\u00e7\u00e3o: Hidramethylnone 1,65%<br \/>\nMethil<br \/>\nCloro,<br \/>\nDihidro<br \/>\nIndeno<br \/>\nOxadiazina<br \/>\nCarboxilato<br \/>\nConte\u00fado: 10g<br \/>\nCaracter\u00edsticas: Produto em Gel<br \/>\nPossui aplicador em seringa<br \/>\nBaixa toxicidade<br \/>\nSem cheiro<br \/>\nElimina toda a infesta\u00e7\u00e3o<br \/>\nItens Inclusos: 1 Inseticida mata baratas<\/p>\n<p><\/span><\/p>\n","protected":false},"featured_media":9340,"template":"","meta":{"_joinchat":[]},"product_brand":[],"product_cat":[132],"product_tag":[],"class_list":{"0":"post-9250","1":"product","2":"type-product","3":"status-publish","4":"has-post-thumbnail","6":"product_cat-inseticidas","8":"first","9":"outofstock","10":"shipping-taxable","11":"product-type-simple"},"_links":{"self":[{"href":"https:\/\/www.multicasa.com.br\/inicio\/wp-json\/wp\/v2\/product\/9250","targetHints":{"allow":["GET"]}}],"collection":[{"href":"https:\/\/www.multicasa.com.br\/inicio\/wp-json\/wp\/v2\/product"}],"about":[{"href":"https:\/\/www.multicasa.com.br\/inicio\/wp-json\/wp\/v2\/types\/product"}],"wp:featuredmedia":[{"embeddable":true,"href":"https:\/\/www.multicasa.com.br\/inicio\/wp-json\/wp\/v2\/media\/9340"}],"wp:attachment":[{"href":"https:\/\/www.multicasa.com.br\/inicio\/wp-json\/wp\/v2\/media?parent=9250"}],"wp:term":[{"taxonomy":"product_brand","embeddable":true,"href":"https:\/\/www.multicasa.com.br\/inicio\/wp-json\/wp\/v2\/product_brand?post=9250"},{"taxonomy":"product_cat","embeddable":true,"href":"https:\/\/www.multicasa.com.br\/inicio\/wp-json\/wp\/v2\/product_cat?post=9250"},{"taxonomy":"product_tag","embeddable":true,"href":"https:\/\/www.multicasa.com.br\/inicio\/wp-json\/wp\/v2\/product_tag?post=9250"}],"curies":[{"name":"wp","href":"https:\/\/api.w.org\/{rel}","templated":true}]}}