{"id":9256,"date":"2025-06-20T17:41:45","date_gmt":"2025-06-20T21:41:45","guid":{"rendered":"https:\/\/www.multicasa.com.br\/inicio\/?post_type=product&#038;p=9256"},"modified":"2025-06-20T17:43:03","modified_gmt":"2025-06-20T21:43:03","slug":"aparador-de-pelos-feminino-pure-confidence-a-pilha-wahl","status":"publish","type":"product","link":"https:\/\/www.multicasa.com.br\/inicio\/produto\/aparador-de-pelos-feminino-pure-confidence-a-pilha-wahl\/","title":{"rendered":"Aparador de Pelos Feminino Pure Confidence a pilha Wahl"},"content":{"rendered":"<p>Desenvolvido para cuidar da pele feminina com delicadeza e sem dor, o aparador de pelos feminino Pure Confidence Wahl possui l\u00e2minas higi\u00eanicas que removem os pelos sem puxar ou machucar. S\u00e3o 10 pe\u00e7as que podem ser revezadas para cuidados com o rosto, sobrancelha e \u00e1reas delicadas. Inclui \u00f3leo, escova de limpeza e uma bolsa que facilita o transporte. Alimentado \u00e0 pilha (n\u00e3o inclusa). <\/p>\n","protected":false},"excerpt":{"rendered":"<h4 style=\"margin: 0px;padding: 0px 0px 16px;font-family: Lato, sans-serif;font-weight: bold;line-height: 3rem;color: var(--dark-grey3);font-size: 22px;font-style: normal;letter-spacing: normal;text-align: start;text-indent: 0px;text-transform: none\">Informa\u00e7\u00f5es t\u00e9cnicas<\/h4>\n<p><span style=\"margin: 0px;padding: 0px;font-weight: 450;font-size: 14px;line-height: 21px;color: var(--dark-grey2);font-family: Lato, sans-serif;font-style: normal;letter-spacing: normal;text-align: start;text-indent: 0px;text-transform: none\">Produto: Aparador de Pelos<br \/>\nMarca: Wahl<br \/>\nMaterial: Pl\u00e1stico<br \/>\nmetal<br \/>\nCor: Lil\u00e1s\/Branco<br \/>\nTens\u00e3o El\u00e9trica: Bivolt<br \/>\nCaracter\u00edsticas: A pilhas AA (n\u00e3o inclusa)<br \/>\nQuantidade de pe\u00e7as: 10 pe\u00e7as<br \/>\nItens Inclusos: 1 Aparador de pelos<br \/>\n1 Pente ajust\u00e1vel com 4 posi\u00e7\u00f5es de 2mm, 3mm, 4mm e 5mm<br \/>\n1 Pente de altura para a sobrancelhas de 2 posi\u00e7\u00f5es 2mm e 4mm<br \/>\n1 Pente de altura para detalhes<br \/>\n1 Cabe\u00e7a para pequenas \u00e1reas, detalhes e retoques<br \/>\n1 Cabe\u00e7a para aparar pelos do rosto e sobrancelhas<br \/>\n1 Cabe\u00e7a para um acabamento preciso e suave<br \/>\n1 Oleo<br \/>\n1 Escova de limpeza<br \/>\n1 Bolsa<br \/>\nDimens\u00f5es do produto (A X L x P): 9,3 x 4,4 x 2cm<\/span><\/p>\n","protected":false},"featured_media":9360,"template":"","meta":{"_joinchat":[]},"product_brand":[],"product_cat":[101],"product_tag":[],"class_list":{"0":"post-9256","1":"product","2":"type-product","3":"status-publish","4":"has-post-thumbnail","6":"product_cat-cuidados-pessoais","8":"first","9":"outofstock","10":"shipping-taxable","11":"product-type-simple"},"_links":{"self":[{"href":"https:\/\/www.multicasa.com.br\/inicio\/wp-json\/wp\/v2\/product\/9256","targetHints":{"allow":["GET"]}}],"collection":[{"href":"https:\/\/www.multicasa.com.br\/inicio\/wp-json\/wp\/v2\/product"}],"about":[{"href":"https:\/\/www.multicasa.com.br\/inicio\/wp-json\/wp\/v2\/types\/product"}],"wp:featuredmedia":[{"embeddable":true,"href":"https:\/\/www.multicasa.com.br\/inicio\/wp-json\/wp\/v2\/media\/9360"}],"wp:attachment":[{"href":"https:\/\/www.multicasa.com.br\/inicio\/wp-json\/wp\/v2\/media?parent=9256"}],"wp:term":[{"taxonomy":"product_brand","embeddable":true,"href":"https:\/\/www.multicasa.com.br\/inicio\/wp-json\/wp\/v2\/product_brand?post=9256"},{"taxonomy":"product_cat","embeddable":true,"href":"https:\/\/www.multicasa.com.br\/inicio\/wp-json\/wp\/v2\/product_cat?post=9256"},{"taxonomy":"product_tag","embeddable":true,"href":"https:\/\/www.multicasa.com.br\/inicio\/wp-json\/wp\/v2\/product_tag?post=9256"}],"curies":[{"name":"wp","href":"https:\/\/api.w.org\/{rel}","templated":true}]}}