{"id":9282,"date":"2025-06-20T17:42:08","date_gmt":"2025-06-20T21:42:08","guid":{"rendered":"https:\/\/www.multicasa.com.br\/inicio\/?post_type=product&#038;p=9282"},"modified":"2025-06-20T17:43:08","modified_gmt":"2025-06-20T21:43:08","slug":"cesto-organizador-com-tampa-de-plastico-branco-paramount-14x39x29cm","status":"publish","type":"product","link":"https:\/\/www.multicasa.com.br\/inicio\/produto\/cesto-organizador-com-tampa-de-plastico-branco-paramount-14x39x29cm\/","title":{"rendered":"Cesto Organizador com Tampa de Pl\u00e1stico Branco Paramount 14x39x29cm"},"content":{"rendered":"<p>Que tal organizar produtos de higiene, maquiagem e roupas \u00edntimas de um jeito moderno e pr\u00e1tico? O Cesto Organizador com Tampa de Pl\u00e1stico da Paramount mede 14x39x29cm e cabe em qualquer espa\u00e7o vago do seu lar. Use do jeito que voc\u00ea quiser para deixar sua cozinha, banheiro ou escrit\u00f3rio mais modernos.<\/p>\n","protected":false},"excerpt":{"rendered":"<h4 style=\"margin: 0px;padding: 0px 0px 16px;font-family: Lato, sans-serif;font-weight: bold;line-height: 3rem;color: var(--dark-grey3);font-size: 22px;font-style: normal;letter-spacing: normal;text-align: start;text-indent: 0px;text-transform: none\">Informa\u00e7\u00f5es t\u00e9cnicas<\/h4>\n<p><span style=\"margin: 0px;padding: 0px;font-weight: 450;font-size: 14px;line-height: 21px;color: var(--dark-grey2);font-family: Lato, sans-serif;font-style: normal;letter-spacing: normal;text-align: start;text-indent: 0px;text-transform: none\">Produto: Cesto Organizador<br \/>\nMarca: Paramount<br \/>\nMaterial: Pl\u00e1stico<br \/>\nCor: Branco<br \/>\nCaracter\u00edsticas: Possui tampa<br \/>\nUso Indicado: Closet, banheiros, lavanderias, dispensas e entre outros<br \/>\nItens Inclusos: 1 Cesto organizador<br \/>\nDimens\u00f5es do produto (A x L x P): 14 x 39 x 29cm<br \/>\n<\/span><\/p>\n","protected":false},"featured_media":9365,"template":"","meta":{"_joinchat":[]},"product_brand":[],"product_cat":[98],"product_tag":[],"class_list":{"0":"post-9282","1":"product","2":"type-product","3":"status-publish","4":"has-post-thumbnail","6":"product_cat-organizadores","8":"first","9":"outofstock","10":"shipping-taxable","11":"product-type-simple"},"_links":{"self":[{"href":"https:\/\/www.multicasa.com.br\/inicio\/wp-json\/wp\/v2\/product\/9282","targetHints":{"allow":["GET"]}}],"collection":[{"href":"https:\/\/www.multicasa.com.br\/inicio\/wp-json\/wp\/v2\/product"}],"about":[{"href":"https:\/\/www.multicasa.com.br\/inicio\/wp-json\/wp\/v2\/types\/product"}],"wp:featuredmedia":[{"embeddable":true,"href":"https:\/\/www.multicasa.com.br\/inicio\/wp-json\/wp\/v2\/media\/9365"}],"wp:attachment":[{"href":"https:\/\/www.multicasa.com.br\/inicio\/wp-json\/wp\/v2\/media?parent=9282"}],"wp:term":[{"taxonomy":"product_brand","embeddable":true,"href":"https:\/\/www.multicasa.com.br\/inicio\/wp-json\/wp\/v2\/product_brand?post=9282"},{"taxonomy":"product_cat","embeddable":true,"href":"https:\/\/www.multicasa.com.br\/inicio\/wp-json\/wp\/v2\/product_cat?post=9282"},{"taxonomy":"product_tag","embeddable":true,"href":"https:\/\/www.multicasa.com.br\/inicio\/wp-json\/wp\/v2\/product_tag?post=9282"}],"curies":[{"name":"wp","href":"https:\/\/api.w.org\/{rel}","templated":true}]}}