{"id":9285,"date":"2025-06-20T17:42:09","date_gmt":"2025-06-20T21:42:09","guid":{"rendered":"https:\/\/www.multicasa.com.br\/inicio\/?post_type=product&#038;p=9285"},"modified":"2025-08-18T01:04:17","modified_gmt":"2025-08-18T05:04:17","slug":"refil-mop-spray-flashlimp","status":"publish","type":"product","link":"https:\/\/www.multicasa.com.br\/inicio\/produto\/refil-mop-spray-flashlimp\/","title":{"rendered":"Refil Mop Spray Flashlimp"},"content":{"rendered":"<p>O Refil Mop Spray Flashlimp \u00e9 produzido em microfibra &#8211; 80% poli\u00e9ster e 20% poliamida que ajuda na absor\u00e7\u00e3o da \u00e1gua e evita o ac\u00famulo de fiapos no ch\u00e3o. Reutiliz\u00e1vel, o acess\u00f3rio foi desenvolvido para ser usado como reposi\u00e7\u00e3o no Mop Spray Flashlimp. Ideal para o uso em pisos frios, sint\u00e9ticos e amadeirados.<\/p>\n","protected":false},"excerpt":{"rendered":"<h4 style=\"margin: 0px;padding: 0px 0px 16px;font-family: Lato, sans-serif;font-weight: bold;line-height: 3rem;color: var(--dark-grey3);font-size: 22px;font-style: normal;letter-spacing: normal;text-align: start;text-indent: 0px;text-transform: none\">Informa\u00e7\u00f5es t\u00e9cnicas<\/h4>\n<p><span style=\"margin: 0px;padding: 0px;font-weight: 450;font-size: 14px;line-height: 21px;color: var(--dark-grey2);font-family: Lato, sans-serif;font-style: normal;letter-spacing: normal;text-align: start;text-indent: 0px;text-transform: none\">Produto: Refil mop<br \/>\nMarca: Flashlimp<br \/>\nMaterial:100% Microfibra &#8211; 80% poli\u00e9ster e 20% poliamida<br \/>\nCor: Verde<br \/>\nCaracter\u00edsticas: Pode ser lavado na m\u00e1quina de lavar<br \/>\nPara Mop Spray Flashlimp<br \/>\nItens Inclusos: 1 refil de mop<br \/>\nDimens\u00f5es do produto (A x L x P): 1 x 40 x 15cm<\/span><\/p>\n","protected":false},"featured_media":25892,"template":"","meta":{"_joinchat":[]},"product_brand":[],"product_cat":[96],"product_tag":[],"class_list":{"0":"post-9285","1":"product","2":"type-product","3":"status-publish","4":"has-post-thumbnail","6":"product_cat-limpeza-e-cia","8":"first","9":"instock","10":"shipping-taxable","11":"purchasable","12":"product-type-simple"},"_links":{"self":[{"href":"https:\/\/www.multicasa.com.br\/inicio\/wp-json\/wp\/v2\/product\/9285","targetHints":{"allow":["GET"]}}],"collection":[{"href":"https:\/\/www.multicasa.com.br\/inicio\/wp-json\/wp\/v2\/product"}],"about":[{"href":"https:\/\/www.multicasa.com.br\/inicio\/wp-json\/wp\/v2\/types\/product"}],"wp:featuredmedia":[{"embeddable":true,"href":"https:\/\/www.multicasa.com.br\/inicio\/wp-json\/wp\/v2\/media\/25892"}],"wp:attachment":[{"href":"https:\/\/www.multicasa.com.br\/inicio\/wp-json\/wp\/v2\/media?parent=9285"}],"wp:term":[{"taxonomy":"product_brand","embeddable":true,"href":"https:\/\/www.multicasa.com.br\/inicio\/wp-json\/wp\/v2\/product_brand?post=9285"},{"taxonomy":"product_cat","embeddable":true,"href":"https:\/\/www.multicasa.com.br\/inicio\/wp-json\/wp\/v2\/product_cat?post=9285"},{"taxonomy":"product_tag","embeddable":true,"href":"https:\/\/www.multicasa.com.br\/inicio\/wp-json\/wp\/v2\/product_tag?post=9285"}],"curies":[{"name":"wp","href":"https:\/\/api.w.org\/{rel}","templated":true}]}}