{"id":9314,"date":"2025-06-20T17:42:30","date_gmt":"2025-06-20T21:42:30","guid":{"rendered":"https:\/\/www.multicasa.com.br\/inicio\/?post_type=product&#038;p=9314"},"modified":"2025-06-20T17:43:26","modified_gmt":"2025-06-20T21:43:26","slug":"ventilador-de-mesa-maxi-power-preto-30-cm-mondial-127v","status":"publish","type":"product","link":"https:\/\/www.multicasa.com.br\/inicio\/produto\/ventilador-de-mesa-maxi-power-preto-30-cm-mondial-127v\/","title":{"rendered":"Ventilador de Mesa Maxi Power Preto 30 cm Mondial 127v"},"content":{"rendered":"<p>Com o Ventilador de Mesa Maxi Power Mondial voc\u00ea garante mais vento e menos barulho. Produzido em pl\u00e1stico na cor preta com 30cm de di\u00e2metro, possui tens\u00e3o el\u00e9trica de 127v e pot\u00eancia de 50w. Com 3 velocidades e 6 p\u00e1s na h\u00e9lice, seu bot\u00e3o de f\u00e1cil acionamento para movimento oscilante se encontra na dire\u00e7\u00e3o horizontal do produto, tamb\u00e9m possui ajuste de inclina\u00e7\u00e3o. A op\u00e7\u00e3o perfeita para quem busca efici\u00eancia na hora de se refrescar.<\/p>\n","protected":false},"excerpt":{"rendered":"<h4 style=\"margin: 0px;padding: 0px 0px 16px;font-family: Lato, sans-serif;font-weight: bold;line-height: 3rem;color: var(--dark-grey3);font-size: 22px;font-style: normal;letter-spacing: normal;text-align: start;text-indent: 0px;text-transform: none\">Informa\u00e7\u00f5es t\u00e9cnicas<\/h4>\n<p><span style=\"margin: 0px;padding: 0px;font-weight: 450;font-size: 14px;line-height: 21px;color: var(--dark-grey2);font-family: Lato, sans-serif;font-style: normal;letter-spacing: normal;text-align: start;text-indent: 0px;text-transform: none\">Produto: Ventilador de mesa<br \/>\nMarca: Mondial<br \/>\nMaterial: Pl\u00e1stico<br \/>\nCor: Preto<br \/>\nPot\u00eancia: 50w<br \/>\nTens\u00e3o el\u00e9trica: 127v<br \/>\nCaracter\u00edsticas: 3 velocidades<br \/>\n6 p\u00e1s<br \/>\nGrande vaz\u00e3o de ar<br \/>\nSilencioso<br \/>\nItens inclusos: 1 Ventilador de mesa<br \/>\nDi\u00e2metro do produto: 30cm<br \/>\nGarantia: 1 ano de garantia<br \/>\nOCP: 0018<\/span><\/p>\n","protected":false},"featured_media":9390,"template":"","meta":{"_joinchat":[]},"product_brand":[],"product_cat":[149],"product_tag":[],"class_list":{"0":"post-9314","1":"product","2":"type-product","3":"status-publish","4":"has-post-thumbnail","6":"product_cat-ventiladores-comerciais","8":"first","9":"outofstock","10":"shipping-taxable","11":"product-type-simple"},"_links":{"self":[{"href":"https:\/\/www.multicasa.com.br\/inicio\/wp-json\/wp\/v2\/product\/9314","targetHints":{"allow":["GET"]}}],"collection":[{"href":"https:\/\/www.multicasa.com.br\/inicio\/wp-json\/wp\/v2\/product"}],"about":[{"href":"https:\/\/www.multicasa.com.br\/inicio\/wp-json\/wp\/v2\/types\/product"}],"wp:featuredmedia":[{"embeddable":true,"href":"https:\/\/www.multicasa.com.br\/inicio\/wp-json\/wp\/v2\/media\/9390"}],"wp:attachment":[{"href":"https:\/\/www.multicasa.com.br\/inicio\/wp-json\/wp\/v2\/media?parent=9314"}],"wp:term":[{"taxonomy":"product_brand","embeddable":true,"href":"https:\/\/www.multicasa.com.br\/inicio\/wp-json\/wp\/v2\/product_brand?post=9314"},{"taxonomy":"product_cat","embeddable":true,"href":"https:\/\/www.multicasa.com.br\/inicio\/wp-json\/wp\/v2\/product_cat?post=9314"},{"taxonomy":"product_tag","embeddable":true,"href":"https:\/\/www.multicasa.com.br\/inicio\/wp-json\/wp\/v2\/product_tag?post=9314"}],"curies":[{"name":"wp","href":"https:\/\/api.w.org\/{rel}","templated":true}]}}