{"id":9316,"date":"2025-06-20T17:42:30","date_gmt":"2025-06-20T21:42:30","guid":{"rendered":"https:\/\/www.multicasa.com.br\/inicio\/?post_type=product&#038;p=9316"},"modified":"2025-06-20T17:43:31","modified_gmt":"2025-06-20T21:43:31","slug":"carregador-sem-fio-de-inducao-10w-geonav","status":"publish","type":"product","link":"https:\/\/www.multicasa.com.br\/inicio\/produto\/carregador-sem-fio-de-inducao-10w-geonav\/","title":{"rendered":"Carregador sem Fio de Indu\u00e7\u00e3o 10w Geonav"},"content":{"rendered":"<p>Carregue seus aparelhos com o carregador por indu\u00e7\u00e3o da Geonav. Recarrega por wireless qualquer equipamento compat\u00edvel com o padr\u00e3o QI apenas encostando dispositivo e carregador. Feito de alum\u00ednio e com 10w de pot\u00eancia, pode ser usado em duas posi\u00e7\u00f5es: reta ou inclinada. Para isso, basta girar a base para manter o celular na melhor posi\u00e7\u00e3o sem se preocupar, j\u00e1 que sua base emborrachada evita quedas e deslizamentos. Para usar o carregador sem fio da Geonav voc\u00ea n\u00e3o precisa tirar a sua capinha de prote\u00e7\u00e3o. Ideal para ser usado em qualquer lugar com conex\u00e3o e evitar a disputa por tomadas.<\/p>\n","protected":false},"excerpt":{"rendered":"<h4 style=\"margin: 0px;padding: 0px 0px 16px;font-family: Lato, sans-serif;font-weight: bold;line-height: 3rem;color: var(--dark-grey3);font-size: 22px;font-style: normal;letter-spacing: normal;text-align: start;text-indent: 0px;text-transform: none\">Informa\u00e7\u00f5es t\u00e9cnicas<\/h4>\n<p><span style=\"margin: 0px;padding: 0px;font-weight: 450;font-size: 14px;line-height: 21px;color: var(--dark-grey2);font-family: Lato, sans-serif;font-style: normal;letter-spacing: normal;text-align: start;text-indent: 0px;text-transform: none\">Produto: Carregador sem Fio<br \/>\nMarca: Geonav<br \/>\nCor: Prata com Preto<br \/>\nPot\u00eancia: at\u00e9 10w<br \/>\nTens\u00e3o El\u00e9trica: Bivolt<br \/>\nCaracter\u00edsticas: Entrada: 5VCC 2A, 9VCC 1.67A ou QC 2.0\/QC 3.0<br \/>\nSa\u00edda: 5VCC 1A, 9VCC 1.1A, 5W 7,5W 10W<br \/>\nCarregamento por cabo micro usb<br \/>\nPort\u00e1til<br \/>\nIndu\u00e7\u00e3o universal<br \/>\nBase emborrachada<br \/>\nUSB 5v<br \/>\nCertificado de homologa\u00e7\u00e3o N 02510-18-11304 para certificado de conformidade N MT- 4274\/2018<br \/>\nItens Inclusos: 1 Carregador sem fio<br \/>\nDimens\u00f5es do produto (A X L X P): 8 x 11,2 x 3,5 cm<br \/>\n<\/span><\/p>\n","protected":false},"featured_media":9395,"template":"","meta":{"_joinchat":[]},"product_brand":[],"product_cat":[153],"product_tag":[],"class_list":{"0":"post-9316","1":"product","2":"type-product","3":"status-publish","4":"has-post-thumbnail","6":"product_cat-eletronica-e-cia","8":"first","9":"outofstock","10":"shipping-taxable","11":"product-type-simple"},"_links":{"self":[{"href":"https:\/\/www.multicasa.com.br\/inicio\/wp-json\/wp\/v2\/product\/9316","targetHints":{"allow":["GET"]}}],"collection":[{"href":"https:\/\/www.multicasa.com.br\/inicio\/wp-json\/wp\/v2\/product"}],"about":[{"href":"https:\/\/www.multicasa.com.br\/inicio\/wp-json\/wp\/v2\/types\/product"}],"wp:featuredmedia":[{"embeddable":true,"href":"https:\/\/www.multicasa.com.br\/inicio\/wp-json\/wp\/v2\/media\/9395"}],"wp:attachment":[{"href":"https:\/\/www.multicasa.com.br\/inicio\/wp-json\/wp\/v2\/media?parent=9316"}],"wp:term":[{"taxonomy":"product_brand","embeddable":true,"href":"https:\/\/www.multicasa.com.br\/inicio\/wp-json\/wp\/v2\/product_brand?post=9316"},{"taxonomy":"product_cat","embeddable":true,"href":"https:\/\/www.multicasa.com.br\/inicio\/wp-json\/wp\/v2\/product_cat?post=9316"},{"taxonomy":"product_tag","embeddable":true,"href":"https:\/\/www.multicasa.com.br\/inicio\/wp-json\/wp\/v2\/product_tag?post=9316"}],"curies":[{"name":"wp","href":"https:\/\/api.w.org\/{rel}","templated":true}]}}