{"id":9317,"date":"2025-06-20T17:42:30","date_gmt":"2025-06-20T21:42:30","guid":{"rendered":"https:\/\/www.multicasa.com.br\/inicio\/?post_type=product&#038;p=9317"},"modified":"2025-08-17T19:01:33","modified_gmt":"2025-08-17T23:01:33","slug":"tapete-passadeira-infantil-brisa-estampa-pista-kapazi-130-x-1m","status":"publish","type":"product","link":"https:\/\/www.multicasa.com.br\/inicio\/produto\/tapete-passadeira-infantil-brisa-estampa-pista-kapazi-130-x-1m\/","title":{"rendered":"Tapete Passadeira Infantil Brisa Estampa Pista Kapazi 1,30 x 1m"},"content":{"rendered":"<p>Fa\u00e7a a alegria das crian\u00e7as e decore com personalidade! O tapete infantil emborrachado da linha Brisa Kapazi possui estampa de pista, sendo perfeito para momentos de divers\u00e3o com as crian\u00e7as. Seu material emborrachado e antiderrapante proporciona mais seguran\u00e7a, permitindo que o tapete seja usado em ambientes externos e internos. Produzido em 100% de policloreto de vinila e com espessura de 5mm, oferece grande durabilidade e resist\u00eancia. Use o tapete infantil na sua casa, apartamento ou at\u00e9 mesmo em escolas e creches. Vendido por metro com largura de 1,30m.<\/p>\n","protected":false},"excerpt":{"rendered":"<h4 style=\"margin: 0px;padding: 0px 0px 16px;font-family: Lato, sans-serif;font-weight: bold;line-height: 3rem;color: var(--dark-grey3);font-size: 22px;font-style: normal;letter-spacing: normal;text-align: start;text-indent: 0px;text-transform: none\">Informa\u00e7\u00f5es t\u00e9cnicas<\/h4>\n<p><span style=\"margin: 0px;padding: 0px;font-weight: 450;font-size: 14px;line-height: 21px;color: var(--dark-grey2);font-family: Lato, sans-serif;font-style: normal;letter-spacing: normal;text-align: start;text-indent: 0px;text-transform: none\">Produto: Tapete Passadeira Infantil<br \/>\nMarca: Confort Kapazi<br \/>\nMaterial: 100% Policloreto de Vinila<br \/>\nCor: Estampa de pista com as cores azul, verde, vermelho<br \/>\nItens Inclusos: 1 Tapete Passadeira Infantil por metro<br \/>\nDimens\u00f5es do produto (A x L x P): 0,5cm x 1m x 1,3m<\/span><\/p>\n","protected":false},"featured_media":9400,"template":"","meta":{"_joinchat":[]},"product_brand":[],"product_cat":[96],"product_tag":[],"class_list":{"0":"post-9317","1":"product","2":"type-product","3":"status-publish","4":"has-post-thumbnail","6":"product_cat-limpeza-e-cia","8":"first","9":"outofstock","10":"shipping-taxable","11":"purchasable","12":"product-type-simple"},"_links":{"self":[{"href":"https:\/\/www.multicasa.com.br\/inicio\/wp-json\/wp\/v2\/product\/9317","targetHints":{"allow":["GET"]}}],"collection":[{"href":"https:\/\/www.multicasa.com.br\/inicio\/wp-json\/wp\/v2\/product"}],"about":[{"href":"https:\/\/www.multicasa.com.br\/inicio\/wp-json\/wp\/v2\/types\/product"}],"wp:featuredmedia":[{"embeddable":true,"href":"https:\/\/www.multicasa.com.br\/inicio\/wp-json\/wp\/v2\/media\/9400"}],"wp:attachment":[{"href":"https:\/\/www.multicasa.com.br\/inicio\/wp-json\/wp\/v2\/media?parent=9317"}],"wp:term":[{"taxonomy":"product_brand","embeddable":true,"href":"https:\/\/www.multicasa.com.br\/inicio\/wp-json\/wp\/v2\/product_brand?post=9317"},{"taxonomy":"product_cat","embeddable":true,"href":"https:\/\/www.multicasa.com.br\/inicio\/wp-json\/wp\/v2\/product_cat?post=9317"},{"taxonomy":"product_tag","embeddable":true,"href":"https:\/\/www.multicasa.com.br\/inicio\/wp-json\/wp\/v2\/product_tag?post=9317"}],"curies":[{"name":"wp","href":"https:\/\/api.w.org\/{rel}","templated":true}]}}