{"id":9341,"date":"2025-06-20T17:42:51","date_gmt":"2025-06-20T21:42:51","guid":{"rendered":"https:\/\/www.multicasa.com.br\/inicio\/?post_type=product&#038;p=9341"},"modified":"2025-08-17T19:01:35","modified_gmt":"2025-08-17T23:01:35","slug":"chaleira-eletrica-cadence-cel380-preta-17l-127v","status":"publish","type":"product","link":"https:\/\/www.multicasa.com.br\/inicio\/produto\/chaleira-eletrica-cadence-cel380-preta-17l-127v\/","title":{"rendered":"Chaleira El\u00e9trica Cadence CEL380 Preta 1,7L &#8211; 127V"},"content":{"rendered":"<p>A Chaleira el\u00e9trica Cadence modelo CEL380 possui design exclusivo na cor preta, feita para auxiliar completamente no dia-a-dia para quem n\u00e3o quer perder tempo no preparo de alimentos e bebidas. Ferva \u00e1gua em poucos minutos, podendo ser usada para acelerar o cozimento de alimentos como macarr\u00e3o, sopa, arroz e bebidas quentes como ch\u00e1 e caf\u00e9. Possui capacidade de 1,7L e sistema luminoso que indica o processo de fervura. Possui abertura f\u00e1cil, base antiderrapante e a jarra \u00e9 independente da base, podendo ser levada para a mesa. Possui pot\u00eancia de 1200w e \u00e9 compat\u00edvel com cabo de alimenta\u00e7\u00e3o de 127v. Com porta fio na base e sistema de desligamento autom\u00e1tico garantindo maior seguran\u00e7a.<\/p>\n","protected":false},"excerpt":{"rendered":"<h4 style=\"margin: 0px;padding: 0px 0px 16px;font-family: Lato, sans-serif;font-weight: bold;line-height: 3rem;color: var(--dark-grey3);font-size: 22px;font-style: normal;letter-spacing: normal;text-align: start;text-indent: 0px;text-transform: none\">Informa\u00e7\u00f5es t\u00e9cnicas<\/h4>\n<p><span style=\"margin: 0px;padding: 0px;font-weight: 450;font-size: 14px;line-height: 21px;color: var(--dark-grey2);font-family: Lato, sans-serif;font-style: normal;letter-spacing: normal;text-align: start;text-indent: 0px;text-transform: none\">Produto: Chaleira<br \/>\nTipo: El\u00e9trica<br \/>\nMarca: Cadence<br \/>\nModelo: CEL380<br \/>\nMaterial: Pl\u00e1stico<br \/>\nAcr\u00edlico<br \/>\nCor: Preta<br \/>\nUso indicado: Esquentar \u00e1gua<br \/>\nPot\u00eancia: 1200w<br \/>\nTens\u00e3o el\u00e9trica: 127v<br \/>\nConsumo: 1,200KWH<br \/>\nCapacidade: 1,7 L<br \/>\nCaracter\u00edsticas: desligamento autom\u00e1tico<br \/>\ntampa abre f\u00e1cil<br \/>\nItens Inclusos: 1 chaleira el\u00e9trica<br \/>\nDimens\u00f5es do produto (A x L x P): 49 x 54 x 17,5cm<br \/>\nOCP: 0040<br \/>\n<\/span><\/p>\n","protected":false},"featured_media":9415,"template":"","meta":{"_joinchat":[]},"product_brand":[],"product_cat":[153],"product_tag":[],"class_list":{"0":"post-9341","1":"product","2":"type-product","3":"status-publish","4":"has-post-thumbnail","6":"product_cat-eletronica-e-cia","8":"first","9":"outofstock","10":"shipping-taxable","11":"purchasable","12":"product-type-simple"},"_links":{"self":[{"href":"https:\/\/www.multicasa.com.br\/inicio\/wp-json\/wp\/v2\/product\/9341","targetHints":{"allow":["GET"]}}],"collection":[{"href":"https:\/\/www.multicasa.com.br\/inicio\/wp-json\/wp\/v2\/product"}],"about":[{"href":"https:\/\/www.multicasa.com.br\/inicio\/wp-json\/wp\/v2\/types\/product"}],"wp:featuredmedia":[{"embeddable":true,"href":"https:\/\/www.multicasa.com.br\/inicio\/wp-json\/wp\/v2\/media\/9415"}],"wp:attachment":[{"href":"https:\/\/www.multicasa.com.br\/inicio\/wp-json\/wp\/v2\/media?parent=9341"}],"wp:term":[{"taxonomy":"product_brand","embeddable":true,"href":"https:\/\/www.multicasa.com.br\/inicio\/wp-json\/wp\/v2\/product_brand?post=9341"},{"taxonomy":"product_cat","embeddable":true,"href":"https:\/\/www.multicasa.com.br\/inicio\/wp-json\/wp\/v2\/product_cat?post=9341"},{"taxonomy":"product_tag","embeddable":true,"href":"https:\/\/www.multicasa.com.br\/inicio\/wp-json\/wp\/v2\/product_tag?post=9341"}],"curies":[{"name":"wp","href":"https:\/\/api.w.org\/{rel}","templated":true}]}}