{"id":9344,"date":"2025-06-20T17:42:51","date_gmt":"2025-06-20T21:42:51","guid":{"rendered":"https:\/\/www.multicasa.com.br\/inicio\/?post_type=product&#038;p=9344"},"modified":"2025-10-13T16:44:15","modified_gmt":"2025-10-13T20:44:15","slug":"organizador-de-maquiagem-acrilico-3-divisorias-paramount-27x13cm","status":"publish","type":"product","link":"https:\/\/www.multicasa.com.br\/inicio\/produto\/organizador-de-maquiagem-acrilico-3-divisorias-paramount-27x13cm\/","title":{"rendered":"Organizador de Maquiagem Acr\u00edlico 3 Divis\u00f3rias Paramount 27x13cm"},"content":{"rendered":"<p>O Organizador de Maquiagem em Acr\u00edlico Paramount da linha Diamond, une praticidade e beleza, al\u00e9m de ser resistente e moderno. Ideal para deixar suas maquiagens ou outros objetos de forma mais organizada, possui 3 divis\u00f3rias e \u00e9 \u00f3timo para colocar pinc\u00e9is, batons, l\u00e1pis de olho, etc. Possui material de \u00f3tima qualidade e tamanho de 27x13cm, otimize os espa\u00e7os na sua casa e mantenha suas maquiagens organizados e com f\u00e1cil acesso!<\/p>\n","protected":false},"excerpt":{"rendered":"<h4 style=\"margin: 0px;padding: 0px 0px 16px;font-family: Lato, sans-serif;font-weight: bold;line-height: 3rem;color: var(--dark-grey3);font-size: 22px;font-style: normal;letter-spacing: normal;text-align: start;text-indent: 0px;text-transform: none\">Informa\u00e7\u00f5es t\u00e9cnicas<\/h4>\n<p><span style=\"margin: 0px;padding: 0px;font-weight: 450;font-size: 14px;line-height: 21px;color: var(--dark-grey2);font-family: Lato, sans-serif;font-style: normal;letter-spacing: normal;text-align: start;text-indent: 0px;text-transform: none\">Produto: Organizador Maquiagem<br \/>\nMarca: Paramount<br \/>\nMaterial: Pl\u00e1stico<br \/>\nCaracter\u00edsticas: 3 divis\u00f3rias<br \/>\nItens Inclusos: 1 organizador maquiagem<br \/>\nDimens\u00f5es do produto (A x L x P): 13 x 27 x 13cm<br \/>\n<\/span><\/p>\n","protected":false},"featured_media":25644,"template":"","meta":{"_joinchat":[]},"product_brand":[],"product_cat":[98],"product_tag":[],"class_list":{"0":"post-9344","1":"product","2":"type-product","3":"status-publish","4":"has-post-thumbnail","6":"product_cat-organizadores","8":"first","9":"instock","10":"shipping-taxable","11":"purchasable","12":"product-type-simple"},"_links":{"self":[{"href":"https:\/\/www.multicasa.com.br\/inicio\/wp-json\/wp\/v2\/product\/9344","targetHints":{"allow":["GET"]}}],"collection":[{"href":"https:\/\/www.multicasa.com.br\/inicio\/wp-json\/wp\/v2\/product"}],"about":[{"href":"https:\/\/www.multicasa.com.br\/inicio\/wp-json\/wp\/v2\/types\/product"}],"wp:featuredmedia":[{"embeddable":true,"href":"https:\/\/www.multicasa.com.br\/inicio\/wp-json\/wp\/v2\/media\/25644"}],"wp:attachment":[{"href":"https:\/\/www.multicasa.com.br\/inicio\/wp-json\/wp\/v2\/media?parent=9344"}],"wp:term":[{"taxonomy":"product_brand","embeddable":true,"href":"https:\/\/www.multicasa.com.br\/inicio\/wp-json\/wp\/v2\/product_brand?post=9344"},{"taxonomy":"product_cat","embeddable":true,"href":"https:\/\/www.multicasa.com.br\/inicio\/wp-json\/wp\/v2\/product_cat?post=9344"},{"taxonomy":"product_tag","embeddable":true,"href":"https:\/\/www.multicasa.com.br\/inicio\/wp-json\/wp\/v2\/product_tag?post=9344"}],"curies":[{"name":"wp","href":"https:\/\/api.w.org\/{rel}","templated":true}]}}