{"id":9345,"date":"2025-06-20T17:42:51","date_gmt":"2025-06-20T21:42:51","guid":{"rendered":"https:\/\/www.multicasa.com.br\/inicio\/?post_type=product&#038;p=9345"},"modified":"2025-12-16T18:41:57","modified_gmt":"2025-12-16T22:41:57","slug":"relogio-digital-de-mesa-com-termometro-uny-gift","status":"publish","type":"product","link":"https:\/\/www.multicasa.com.br\/inicio\/produto\/relogio-digital-de-mesa-com-termometro-uny-gift\/","title":{"rendered":"Rel\u00f3gio Digital de Mesa com Term\u00f4metro Uny Gift"},"content":{"rendered":"<p>Com design moderno e charmoso, o rel\u00f3gio de mesa Uny Home te orienta informando data, hor\u00e1rio, com term\u00f4metro, sensor de som e alarme. Com acabamento que imita madeira, voc\u00ea pode usar para decorar qualque ambiente e basta bater as m\u00e3os ou tocar no aparelho para que as horas apare\u00e7am. Funciona com 4 pilhas AAA.<\/p>\n","protected":false},"excerpt":{"rendered":"<h4 style=\"margin: 0px;padding: 0px 0px 16px;font-family: Lato, sans-serif;font-weight: bold;line-height: 3rem;color: var(--dark-grey3);font-size: 22px;font-style: normal;letter-spacing: normal;text-align: start;text-indent: 0px;text-transform: none\">Informa\u00e7\u00f5es t\u00e9cnicas<\/h4>\n<p><span style=\"margin: 0px;padding: 0px;font-weight: 450;font-size: 14px;line-height: 21px;color: var(--dark-grey2);font-family: Lato, sans-serif;font-style: normal;letter-spacing: normal;text-align: start;text-indent: 0px;text-transform: none\">Produto: Rel\u00f3gio de mesa<br \/>\nTipo: Digital<br \/>\nMarca: Uny Gift<br \/>\nMaterial: Abs<br \/>\nCor: Sortido<br \/>\nAlimenta\u00e7\u00e3o: Cabo USB ou 4 pilhas AAA (n\u00e3o inclusas)<br \/>\nCaracter\u00edsticas: Possui term\u00f4metro<br \/>\nSensor de som<br \/>\nSens\u00edvel a palmas<br \/>\nBata palmas ou toque para o aparelho ligar<br \/>\nItens inclusos: 1 Rel\u00f3gio de mesa<br \/>\nDimens\u00f5es do produto (A X L X P): 7,1 x 15,1 x 4,3cm<br \/>\nPeso do produto: 240g<br \/>\n<\/span><\/p>\n","protected":false},"featured_media":9429,"template":"","meta":{"_joinchat":[]},"product_brand":[],"product_cat":[153],"product_tag":[],"class_list":{"0":"post-9345","1":"product","2":"type-product","3":"status-publish","4":"has-post-thumbnail","6":"product_cat-eletronica-e-cia","8":"first","9":"outofstock","10":"shipping-taxable","11":"product-type-simple"},"_links":{"self":[{"href":"https:\/\/www.multicasa.com.br\/inicio\/wp-json\/wp\/v2\/product\/9345","targetHints":{"allow":["GET"]}}],"collection":[{"href":"https:\/\/www.multicasa.com.br\/inicio\/wp-json\/wp\/v2\/product"}],"about":[{"href":"https:\/\/www.multicasa.com.br\/inicio\/wp-json\/wp\/v2\/types\/product"}],"wp:featuredmedia":[{"embeddable":true,"href":"https:\/\/www.multicasa.com.br\/inicio\/wp-json\/wp\/v2\/media\/9429"}],"wp:attachment":[{"href":"https:\/\/www.multicasa.com.br\/inicio\/wp-json\/wp\/v2\/media?parent=9345"}],"wp:term":[{"taxonomy":"product_brand","embeddable":true,"href":"https:\/\/www.multicasa.com.br\/inicio\/wp-json\/wp\/v2\/product_brand?post=9345"},{"taxonomy":"product_cat","embeddable":true,"href":"https:\/\/www.multicasa.com.br\/inicio\/wp-json\/wp\/v2\/product_cat?post=9345"},{"taxonomy":"product_tag","embeddable":true,"href":"https:\/\/www.multicasa.com.br\/inicio\/wp-json\/wp\/v2\/product_tag?post=9345"}],"curies":[{"name":"wp","href":"https:\/\/api.w.org\/{rel}","templated":true}]}}