{"id":9346,"date":"2025-06-20T17:42:51","date_gmt":"2025-06-20T21:42:51","guid":{"rendered":"https:\/\/www.multicasa.com.br\/inicio\/?post_type=product&#038;p=9346"},"modified":"2025-06-20T17:43:52","modified_gmt":"2025-06-20T21:43:52","slug":"porta-detergente-preto-cinza-bege-arthi-550ml","status":"publish","type":"product","link":"https:\/\/www.multicasa.com.br\/inicio\/produto\/porta-detergente-preto-cinza-bege-arthi-550ml\/","title":{"rendered":"Porta Detergente Preto\/Cinza\/Bege Arthi 550ml"},"content":{"rendered":"<p>Porta Detergente com espa\u00e7o para Esponja \u00e9 ideal para quem busca organiza\u00e7\u00e3o e praticidade. Deixe sua pia mais higienizada e atraente. Feito de pl\u00e1stico de alta qualidade, tem bico dosador para proporcionar economia na hora de utiliza-lo. Est\u00e1 dispon\u00edvel na cor branco com cinza e bege.<\/p>\n","protected":false},"excerpt":{"rendered":"<h4 style=\"margin: 0px;padding: 0px 0px 16px;font-family: Lato, sans-serif;font-weight: bold;line-height: 3rem;color: var(--dark-grey3);font-size: 22px;font-style: normal;letter-spacing: normal;text-align: start;text-indent: 0px;text-transform: none\">Informa\u00e7\u00f5es t\u00e9cnicas<\/h4>\n<p><span style=\"margin: 0px;padding: 0px;font-weight: 450;font-size: 14px;line-height: 21px;color: var(--dark-grey2);font-family: Lato, sans-serif;font-style: normal;letter-spacing: normal;text-align: start;text-indent: 0px;text-transform: none\">Produto: Porta Detergente<br \/>\nMarca: Arthi<br \/>\nMaterial: Pl\u00e1stico<br \/>\nCor: Preto\/Cinza\/Bege<br \/>\nCapacidade: 550ml<br \/>\nItens inclusos: 1 Porta detergente<br \/>\nDimens\u00f5es do produto (A x L x P): 13,5 x 12,5 x 10cm<\/span><\/p>\n","protected":false},"featured_media":9430,"template":"","meta":{"_joinchat":[]},"product_brand":[],"product_cat":[96],"product_tag":[],"class_list":{"0":"post-9346","1":"product","2":"type-product","3":"status-publish","4":"has-post-thumbnail","6":"product_cat-limpeza-e-cia","8":"first","9":"outofstock","10":"shipping-taxable","11":"product-type-simple"},"_links":{"self":[{"href":"https:\/\/www.multicasa.com.br\/inicio\/wp-json\/wp\/v2\/product\/9346","targetHints":{"allow":["GET"]}}],"collection":[{"href":"https:\/\/www.multicasa.com.br\/inicio\/wp-json\/wp\/v2\/product"}],"about":[{"href":"https:\/\/www.multicasa.com.br\/inicio\/wp-json\/wp\/v2\/types\/product"}],"wp:featuredmedia":[{"embeddable":true,"href":"https:\/\/www.multicasa.com.br\/inicio\/wp-json\/wp\/v2\/media\/9430"}],"wp:attachment":[{"href":"https:\/\/www.multicasa.com.br\/inicio\/wp-json\/wp\/v2\/media?parent=9346"}],"wp:term":[{"taxonomy":"product_brand","embeddable":true,"href":"https:\/\/www.multicasa.com.br\/inicio\/wp-json\/wp\/v2\/product_brand?post=9346"},{"taxonomy":"product_cat","embeddable":true,"href":"https:\/\/www.multicasa.com.br\/inicio\/wp-json\/wp\/v2\/product_cat?post=9346"},{"taxonomy":"product_tag","embeddable":true,"href":"https:\/\/www.multicasa.com.br\/inicio\/wp-json\/wp\/v2\/product_tag?post=9346"}],"curies":[{"name":"wp","href":"https:\/\/api.w.org\/{rel}","templated":true}]}}