{"id":9378,"date":"2025-06-20T17:43:14","date_gmt":"2025-06-20T21:43:14","guid":{"rendered":"https:\/\/www.multicasa.com.br\/inicio\/?post_type=product&#038;p=9378"},"modified":"2026-03-13T11:50:21","modified_gmt":"2026-03-13T15:50:21","slug":"cabide-de-madeira-com-presilhas-para-roupas-sanremo","status":"publish","type":"product","link":"https:\/\/www.multicasa.com.br\/inicio\/produto\/cabide-de-madeira-com-presilhas-para-roupas-sanremo\/","title":{"rendered":"Cabide de Madeira com Presilhas para Roupas Sanremo"},"content":{"rendered":"<p>Use o Cabide de Madeira com Presilha da Sanremo para organizar conjuntos ou pendurar as roupas conforme sua necessidade. As presilhas prendedoras s\u00e3o ideais para saias e vestidos e o seu cabide com presilha pode ser melhor aproveitado se utilizado para organizar saia e blazer, por exemplo. Mede 45 cm e \u00e9 perfeito para deixar seu arm\u00e1rio mais organizado, facilitando na localiza\u00e7\u00e3o das pe\u00e7as que se combinam.<\/p>\n","protected":false},"excerpt":{"rendered":"<h4 style=\"margin: 0px;padding: 0px 0px 16px;font-family: Lato, sans-serif;font-weight: bold;line-height: 3rem;color: var(--dark-grey3);font-size: 22px;font-style: normal;letter-spacing: normal;text-align: start;text-indent: 0px;text-transform: none\">Informa\u00e7\u00f5es t\u00e9cnicas<\/h4>\n<p><span style=\"margin: 0px;padding: 0px;font-weight: 450;font-size: 14px;line-height: 21px;color: var(--dark-grey2);font-family: Lato, sans-serif;font-style: normal;letter-spacing: normal;text-align: start;text-indent: 0px;text-transform: none\">Produto: Cabide para Roupas<br \/>\nMarca: Sanremo<br \/>\nMaterial: Madeira<br \/>\nA\u00e7o inox<br \/>\nCor: marrom, prata<br \/>\nCaracter\u00edstica: Possui Presilhas<br \/>\nItens Inclusos: 6 Cabides para roupas<br \/>\nDimens\u00f5es do produto (L): 45cm<\/span><\/p>\n","protected":false},"featured_media":9464,"template":"","meta":{"_joinchat":[]},"product_brand":[],"product_cat":[95],"product_tag":[],"class_list":{"0":"post-9378","1":"product","2":"type-product","3":"status-publish","4":"has-post-thumbnail","6":"product_cat-lavanderia","8":"first","9":"instock","10":"shipping-taxable","11":"purchasable","12":"product-type-simple"},"_links":{"self":[{"href":"https:\/\/www.multicasa.com.br\/inicio\/wp-json\/wp\/v2\/product\/9378","targetHints":{"allow":["GET"]}}],"collection":[{"href":"https:\/\/www.multicasa.com.br\/inicio\/wp-json\/wp\/v2\/product"}],"about":[{"href":"https:\/\/www.multicasa.com.br\/inicio\/wp-json\/wp\/v2\/types\/product"}],"wp:featuredmedia":[{"embeddable":true,"href":"https:\/\/www.multicasa.com.br\/inicio\/wp-json\/wp\/v2\/media\/9464"}],"wp:attachment":[{"href":"https:\/\/www.multicasa.com.br\/inicio\/wp-json\/wp\/v2\/media?parent=9378"}],"wp:term":[{"taxonomy":"product_brand","embeddable":true,"href":"https:\/\/www.multicasa.com.br\/inicio\/wp-json\/wp\/v2\/product_brand?post=9378"},{"taxonomy":"product_cat","embeddable":true,"href":"https:\/\/www.multicasa.com.br\/inicio\/wp-json\/wp\/v2\/product_cat?post=9378"},{"taxonomy":"product_tag","embeddable":true,"href":"https:\/\/www.multicasa.com.br\/inicio\/wp-json\/wp\/v2\/product_tag?post=9378"}],"curies":[{"name":"wp","href":"https:\/\/api.w.org\/{rel}","templated":true}]}}