{"id":9403,"date":"2025-06-20T17:43:35","date_gmt":"2025-06-20T21:43:35","guid":{"rendered":"https:\/\/www.multicasa.com.br\/inicio\/?post_type=product&#038;p=9403"},"modified":"2025-06-23T10:23:28","modified_gmt":"2025-06-23T14:23:28","slug":"organizador-multiuso-acrilico-4-divisorias-paramount-25x18cm","status":"publish","type":"product","link":"https:\/\/www.multicasa.com.br\/inicio\/produto\/organizador-multiuso-acrilico-4-divisorias-paramount-25x18cm\/","title":{"rendered":"Organizador Multiuso Acr\u00edlico 4 Divis\u00f3rias Paramount 25x18cm"},"content":{"rendered":"<p>O Organizador Multiuso de acr\u00edlico Paramount Diamond possui 4 divis\u00f3rias e \u00e9 ideal para para organizar seus acess\u00f3rios e itens pessoais em arm\u00e1rios ou gavetas. As 4 divis\u00f3rias s\u00e3o diferentes e perfeitas para organizar conforme sua necessidade, fazendo com que voc\u00ea deixe ainda mais organizado seus objetos e com melhor visualiza\u00e7\u00e3o.<br \/>\nOtimize os espa\u00e7os deixando a sua casa mais bonita e organizada!<\/p>\n","protected":false},"excerpt":{"rendered":"<h4 style=\"margin: 0px;padding: 0px 0px 16px;font-family: Lato, sans-serif;font-weight: bold;line-height: 3rem;color: var(--dark-grey3);font-size: 22px;font-style: normal;letter-spacing: normal;text-align: start;text-indent: 0px;text-transform: none\">Informa\u00e7\u00f5es t\u00e9cnicas<\/h4>\n<p><span style=\"margin: 0px;padding: 0px;font-weight: 450;font-size: 14px;line-height: 21px;color: var(--dark-grey2);font-family: Lato, sans-serif;font-style: normal;letter-spacing: normal;text-align: start;text-indent: 0px;text-transform: none\">Produto: Organizador Multiuso<br \/>\nMarca: Paramount<br \/>\nModelo: 906<br \/>\nMaterial: Polipropileno<br \/>\nCaracter\u00edsticas: 4 divis\u00f3rias<br \/>\nTransparente<br \/>\nItens Inclusos: 1 organizador Multiuso<br \/>\nDimens\u00f5es do produto (A x L x P): 6 x 25 x 18cm<br \/>\n<\/span><\/p>\n","protected":false},"featured_media":25648,"template":"","meta":{"_joinchat":[]},"product_brand":[],"product_cat":[98],"product_tag":[],"class_list":{"0":"post-9403","1":"product","2":"type-product","3":"status-publish","4":"has-post-thumbnail","6":"product_cat-organizadores","8":"first","9":"outofstock","10":"shipping-taxable","11":"product-type-simple"},"_links":{"self":[{"href":"https:\/\/www.multicasa.com.br\/inicio\/wp-json\/wp\/v2\/product\/9403","targetHints":{"allow":["GET"]}}],"collection":[{"href":"https:\/\/www.multicasa.com.br\/inicio\/wp-json\/wp\/v2\/product"}],"about":[{"href":"https:\/\/www.multicasa.com.br\/inicio\/wp-json\/wp\/v2\/types\/product"}],"wp:featuredmedia":[{"embeddable":true,"href":"https:\/\/www.multicasa.com.br\/inicio\/wp-json\/wp\/v2\/media\/25648"}],"wp:attachment":[{"href":"https:\/\/www.multicasa.com.br\/inicio\/wp-json\/wp\/v2\/media?parent=9403"}],"wp:term":[{"taxonomy":"product_brand","embeddable":true,"href":"https:\/\/www.multicasa.com.br\/inicio\/wp-json\/wp\/v2\/product_brand?post=9403"},{"taxonomy":"product_cat","embeddable":true,"href":"https:\/\/www.multicasa.com.br\/inicio\/wp-json\/wp\/v2\/product_cat?post=9403"},{"taxonomy":"product_tag","embeddable":true,"href":"https:\/\/www.multicasa.com.br\/inicio\/wp-json\/wp\/v2\/product_tag?post=9403"}],"curies":[{"name":"wp","href":"https:\/\/api.w.org\/{rel}","templated":true}]}}