{"id":9405,"date":"2025-06-20T17:43:36","date_gmt":"2025-06-20T21:43:36","guid":{"rendered":"https:\/\/www.multicasa.com.br\/inicio\/?post_type=product&#038;p=9405"},"modified":"2025-06-20T17:44:27","modified_gmt":"2025-06-20T21:44:27","slug":"caixa-organizadora-com-tampa-de-plastico-incolor-paramount-5l","status":"publish","type":"product","link":"https:\/\/www.multicasa.com.br\/inicio\/produto\/caixa-organizadora-com-tampa-de-plastico-incolor-paramount-5l\/","title":{"rendered":"Caixa Organizadora com Tampa de Pl\u00e1stico Incolor Paramount 5L"},"content":{"rendered":"<p>N\u00e3o tem mais espa\u00e7o nos arm\u00e1rios e prateleiras? Use a Caixa Organizadora com Tampa de Pl\u00e1stico da Paramount para guardar brinquedos, pap\u00e9is, roupas, cal\u00e7ados, livros e o que mais desejar com praticidade e efici\u00eancia. Incolor, possui trava lateral e al\u00e7as que facilitam o transporte. Mede 27 x 18 x 17cm, com capacidade m\u00e1xima de 5 litros. A caixa organizadora Paramount possui travas e al\u00e7as laterais que facilitam o transporte.<\/p>\n","protected":false},"excerpt":{"rendered":"<h4 style=\"margin: 0px;padding: 0px 0px 16px;font-family: Lato, sans-serif;font-weight: bold;line-height: 3rem;color: var(--dark-grey3);font-size: 22px;font-style: normal;letter-spacing: normal;text-align: start;text-indent: 0px;text-transform: none\">Informa\u00e7\u00f5es t\u00e9cnicas<\/h4>\n<p><span style=\"margin: 0px;padding: 0px;font-weight: 450;font-size: 14px;line-height: 21px;color: var(--dark-grey2);font-family: Lato, sans-serif;font-style: normal;letter-spacing: normal;text-align: start;text-indent: 0px;text-transform: none\">Produto: Caixa organizadora<br \/>\nMarca: Paramount<br \/>\nMaterial: Pl\u00e1stico<br \/>\nCapacidade: 5L<br \/>\nCaracter\u00edsticas: Tampa com abas flex\u00edveis<br \/>\nItens Inclusos: 1 caixa organizadora<br \/>\nDimens\u00f5es do produto (A x L x P): 27 x 18 x 17cm<br \/>\n<\/span><\/p>\n","protected":false},"featured_media":9482,"template":"","meta":{"_joinchat":[]},"product_brand":[],"product_cat":[98],"product_tag":[],"class_list":{"0":"post-9405","1":"product","2":"type-product","3":"status-publish","4":"has-post-thumbnail","6":"product_cat-organizadores","8":"first","9":"outofstock","10":"shipping-taxable","11":"product-type-simple"},"_links":{"self":[{"href":"https:\/\/www.multicasa.com.br\/inicio\/wp-json\/wp\/v2\/product\/9405","targetHints":{"allow":["GET"]}}],"collection":[{"href":"https:\/\/www.multicasa.com.br\/inicio\/wp-json\/wp\/v2\/product"}],"about":[{"href":"https:\/\/www.multicasa.com.br\/inicio\/wp-json\/wp\/v2\/types\/product"}],"wp:featuredmedia":[{"embeddable":true,"href":"https:\/\/www.multicasa.com.br\/inicio\/wp-json\/wp\/v2\/media\/9482"}],"wp:attachment":[{"href":"https:\/\/www.multicasa.com.br\/inicio\/wp-json\/wp\/v2\/media?parent=9405"}],"wp:term":[{"taxonomy":"product_brand","embeddable":true,"href":"https:\/\/www.multicasa.com.br\/inicio\/wp-json\/wp\/v2\/product_brand?post=9405"},{"taxonomy":"product_cat","embeddable":true,"href":"https:\/\/www.multicasa.com.br\/inicio\/wp-json\/wp\/v2\/product_cat?post=9405"},{"taxonomy":"product_tag","embeddable":true,"href":"https:\/\/www.multicasa.com.br\/inicio\/wp-json\/wp\/v2\/product_tag?post=9405"}],"curies":[{"name":"wp","href":"https:\/\/api.w.org\/{rel}","templated":true}]}}