{"id":9411,"date":"2025-06-20T17:43:36","date_gmt":"2025-06-20T21:43:36","guid":{"rendered":"https:\/\/www.multicasa.com.br\/inicio\/?post_type=product&#038;p=9411"},"modified":"2025-06-20T17:44:36","modified_gmt":"2025-06-20T21:44:36","slug":"adaptador-lightning-2-em-1-com-entrada-35mm-i2go","status":"publish","type":"product","link":"https:\/\/www.multicasa.com.br\/inicio\/produto\/adaptador-lightning-2-em-1-com-entrada-35mm-i2go\/","title":{"rendered":"Adaptador Lightning 2 em 1 com entrada 3,5mm I2Go"},"content":{"rendered":"<p>Use o adaptador lightning 2 em 1 I2Go para voc\u00ea poder ouvir suas m\u00fasicas favoritas com o fone de ouvido de entrada P2 (3,5mm) e, ao mesmo tempo, carregar outros dispositivos Apple. Com pot\u00eancia de at\u00e9 2,4 amps, pode ser usado com iPhone XS, iPhone XS Max, iPhone XR, iPhone X, iPhone 8 Plus, iPhone 8, iPhone 7 Plus, iPhone 7 e fones de ouvido e cabos auxiliares com a mesma entrada.<\/p>\n","protected":false},"excerpt":{"rendered":"<h4 style=\"margin: 0px;padding: 0px 0px 16px;font-family: Lato, sans-serif;font-weight: bold;line-height: 3rem;color: var(--dark-grey3);font-size: 22px;font-style: normal;letter-spacing: normal;text-align: start;text-indent: 0px;text-transform: none\">Informa\u00e7\u00f5es t\u00e9cnicas<\/h4>\n<p><span style=\"margin: 0px;padding: 0px;font-weight: 450;font-size: 14px;line-height: 21px;color: var(--dark-grey2);font-family: Lato, sans-serif;font-style: normal;letter-spacing: normal;text-align: start;text-indent: 0px;text-transform: none\">Produto: Adaptador<br \/>\nMarca: I2go<br \/>\nMaterial: Pl\u00e1stico abs<br \/>\nCobre<br \/>\nBorracha<br \/>\nCor: Preto<br \/>\nCaracter\u00edsticas: \u00c1udio e carregamento<br \/>\nFeito para carregar e ouvir m\u00fasica simultaneamente<br \/>\nCompat\u00edvel com todos os dispositivos apple com entrada lightning<br \/>\nCompat\u00edvel com fones de ouvidos e cabos auxiliares com conector universal<br \/>\nItens inclusos: 1 Adaptador<br \/>\nDimens\u00f5es do produto (C): entrada de 3,5mm<br \/>\n<\/span><\/p>\n","protected":false},"featured_media":9491,"template":"","meta":{"_joinchat":[]},"product_brand":[],"product_cat":[153],"product_tag":[],"class_list":{"0":"post-9411","1":"product","2":"type-product","3":"status-publish","4":"has-post-thumbnail","6":"product_cat-eletronica-e-cia","8":"first","9":"outofstock","10":"shipping-taxable","11":"product-type-simple"},"_links":{"self":[{"href":"https:\/\/www.multicasa.com.br\/inicio\/wp-json\/wp\/v2\/product\/9411","targetHints":{"allow":["GET"]}}],"collection":[{"href":"https:\/\/www.multicasa.com.br\/inicio\/wp-json\/wp\/v2\/product"}],"about":[{"href":"https:\/\/www.multicasa.com.br\/inicio\/wp-json\/wp\/v2\/types\/product"}],"wp:featuredmedia":[{"embeddable":true,"href":"https:\/\/www.multicasa.com.br\/inicio\/wp-json\/wp\/v2\/media\/9491"}],"wp:attachment":[{"href":"https:\/\/www.multicasa.com.br\/inicio\/wp-json\/wp\/v2\/media?parent=9411"}],"wp:term":[{"taxonomy":"product_brand","embeddable":true,"href":"https:\/\/www.multicasa.com.br\/inicio\/wp-json\/wp\/v2\/product_brand?post=9411"},{"taxonomy":"product_cat","embeddable":true,"href":"https:\/\/www.multicasa.com.br\/inicio\/wp-json\/wp\/v2\/product_cat?post=9411"},{"taxonomy":"product_tag","embeddable":true,"href":"https:\/\/www.multicasa.com.br\/inicio\/wp-json\/wp\/v2\/product_tag?post=9411"}],"curies":[{"name":"wp","href":"https:\/\/api.w.org\/{rel}","templated":true}]}}