{"id":9414,"date":"2025-06-20T17:43:36","date_gmt":"2025-06-20T21:43:36","guid":{"rendered":"https:\/\/www.multicasa.com.br\/inicio\/?post_type=product&#038;p=9414"},"modified":"2025-06-20T17:44:39","modified_gmt":"2025-06-20T21:44:39","slug":"ventilador-de-mesa-usb-recarregavel-preto-nsbao","status":"publish","type":"product","link":"https:\/\/www.multicasa.com.br\/inicio\/produto\/ventilador-de-mesa-usb-recarregavel-preto-nsbao\/","title":{"rendered":"Ventilador de Mesa USB Recarreg\u00e1vel Preto Nsbao"},"content":{"rendered":"<p>O Ventilador de Mesa da Nsbao \u00e9 leve e tem design moderno, \u00e9 indicado para ambientes de estudo em geral e escrit\u00f3rios. Modelo port\u00e1til e pequeno na cor preto e com alta pot\u00eancia, funciona com carregamento via USB e tem 6 horas de autonomia. Possui 3 velocidades e bateria com pot\u00eancia de 2400 mah.<br \/>\nTenha praticidade de levar o ventilador port\u00e1til para onde quiser e refresque seu dia sem precisar estar conectado a uma fonte de energia!<\/p>\n","protected":false},"excerpt":{"rendered":"<h4 style=\"margin: 0px;padding: 0px 0px 16px;font-family: Lato, sans-serif;font-weight: bold;line-height: 3rem;color: var(--dark-grey3);font-size: 22px;font-style: normal;letter-spacing: normal;text-align: start;text-indent: 0px;text-transform: none\">Informa\u00e7\u00f5es t\u00e9cnicas<\/h4>\n<p><span style=\"margin: 0px;padding: 0px;font-weight: 450;font-size: 14px;line-height: 21px;color: var(--dark-grey2);font-family: Lato, sans-serif;font-style: normal;letter-spacing: normal;text-align: start;text-indent: 0px;text-transform: none\">Produto: Ventilador de mesa<br \/>\nMarca: Nsbao<br \/>\nModelo: YG-5318<br \/>\nMaterial: Pl\u00e1stico<br \/>\nCor: Preto<br \/>\nAlimenta\u00e7\u00e3o: Bateria L\u00edtio 2400 mah<br \/>\nCaracter\u00edsticas: Port\u00e1til<br \/>\nRecarreg\u00e1vel<br \/>\n3 controles de velocidade<br \/>\nFuncionamento de 6 horas<br \/>\nCarregamento via Usb<br \/>\nItens Inclusos: 1 Ventilador de mesa<br \/>\nDimens\u00f5es do produto (A X L): 13,2 x 15cm<br \/>\nPeso: 200g<\/span><\/p>\n","protected":false},"featured_media":9494,"template":"","meta":{"_joinchat":[]},"product_brand":[],"product_cat":[149],"product_tag":[],"class_list":{"0":"post-9414","1":"product","2":"type-product","3":"status-publish","4":"has-post-thumbnail","6":"product_cat-ventiladores-comerciais","8":"first","9":"outofstock","10":"shipping-taxable","11":"product-type-simple"},"_links":{"self":[{"href":"https:\/\/www.multicasa.com.br\/inicio\/wp-json\/wp\/v2\/product\/9414","targetHints":{"allow":["GET"]}}],"collection":[{"href":"https:\/\/www.multicasa.com.br\/inicio\/wp-json\/wp\/v2\/product"}],"about":[{"href":"https:\/\/www.multicasa.com.br\/inicio\/wp-json\/wp\/v2\/types\/product"}],"wp:featuredmedia":[{"embeddable":true,"href":"https:\/\/www.multicasa.com.br\/inicio\/wp-json\/wp\/v2\/media\/9494"}],"wp:attachment":[{"href":"https:\/\/www.multicasa.com.br\/inicio\/wp-json\/wp\/v2\/media?parent=9414"}],"wp:term":[{"taxonomy":"product_brand","embeddable":true,"href":"https:\/\/www.multicasa.com.br\/inicio\/wp-json\/wp\/v2\/product_brand?post=9414"},{"taxonomy":"product_cat","embeddable":true,"href":"https:\/\/www.multicasa.com.br\/inicio\/wp-json\/wp\/v2\/product_cat?post=9414"},{"taxonomy":"product_tag","embeddable":true,"href":"https:\/\/www.multicasa.com.br\/inicio\/wp-json\/wp\/v2\/product_tag?post=9414"}],"curies":[{"name":"wp","href":"https:\/\/api.w.org\/{rel}","templated":true}]}}