{"id":9441,"date":"2025-06-20T17:43:59","date_gmt":"2025-06-20T21:43:59","guid":{"rendered":"https:\/\/www.multicasa.com.br\/inicio\/?post_type=product&#038;p=9441"},"modified":"2025-06-20T17:44:46","modified_gmt":"2025-06-20T21:44:46","slug":"tubo-extensivel-para-cortina-de-banheiro-aluminio-cromado-plast-leo-70-a-120m","status":"publish","type":"product","link":"https:\/\/www.multicasa.com.br\/inicio\/produto\/tubo-extensivel-para-cortina-de-banheiro-aluminio-cromado-plast-leo-70-a-120m\/","title":{"rendered":"Tubo Extens\u00edvel para Cortina de Banheiro Alum\u00ednio Cromado Plast Leo 70 a 1,20m"},"content":{"rendered":"<p>O Tubo Extens\u00edvel para Cortina de Banheiro Plast Leo \u00e9 f\u00e1cil de montar e \u00e9 ideal para box de banheiros. Seu tamanho \u00e9 ajust\u00e1vel de 70 cent\u00edmetros a 1,20 metros e n\u00e3o h\u00e1 necessidade do uso de parafusos ou pregos. Produzido em alum\u00ednio polido, sua montagem \u00e9 f\u00e1cil e pode ser usado tamb\u00e9m em janelas, portas, vitr\u00f4s, pias e mais.<\/p>\n","protected":false},"excerpt":{"rendered":"<h4 style=\"margin: 0px;padding: 0px 0px 16px;font-family: Lato, sans-serif;font-weight: bold;line-height: 3rem;color: var(--dark-grey3);font-size: 22px;font-style: normal;letter-spacing: normal;text-align: start;text-indent: 0px;text-transform: none\">Informa\u00e7\u00f5es t\u00e9cnicas<\/h4>\n<p><span style=\"margin: 0px;padding: 0px;font-weight: 450;font-size: 14px;line-height: 21px;color: var(--dark-grey2);font-family: Lato, sans-serif;font-style: normal;letter-spacing: normal;text-align: start;text-indent: 0px;text-transform: none\">Produto: Tubo para cortina<br \/>\nMarca: Plast Leo<br \/>\nModelo: Alum\u00ednio<br \/>\nCor: Prata<br \/>\nCaracter\u00edsticas: N\u00e3o h\u00e1 necessidade de parafusos<br \/>\nF\u00e1cil montagem<br \/>\nAjust\u00e1vel<br \/>\nItens inclusos: 1 tubo para cortina<br \/>\nDimens\u00f5es do produto (L): de 70cm at\u00e9 1,20m<br \/>\n<\/span><\/p>\n","protected":false},"featured_media":9513,"template":"","meta":{"_joinchat":[]},"product_brand":[],"product_cat":[69],"product_tag":[],"class_list":{"0":"post-9441","1":"product","2":"type-product","3":"status-publish","4":"has-post-thumbnail","6":"product_cat-acessorios-para-banheiro","8":"first","9":"outofstock","10":"shipping-taxable","11":"product-type-simple"},"_links":{"self":[{"href":"https:\/\/www.multicasa.com.br\/inicio\/wp-json\/wp\/v2\/product\/9441","targetHints":{"allow":["GET"]}}],"collection":[{"href":"https:\/\/www.multicasa.com.br\/inicio\/wp-json\/wp\/v2\/product"}],"about":[{"href":"https:\/\/www.multicasa.com.br\/inicio\/wp-json\/wp\/v2\/types\/product"}],"wp:featuredmedia":[{"embeddable":true,"href":"https:\/\/www.multicasa.com.br\/inicio\/wp-json\/wp\/v2\/media\/9513"}],"wp:attachment":[{"href":"https:\/\/www.multicasa.com.br\/inicio\/wp-json\/wp\/v2\/media?parent=9441"}],"wp:term":[{"taxonomy":"product_brand","embeddable":true,"href":"https:\/\/www.multicasa.com.br\/inicio\/wp-json\/wp\/v2\/product_brand?post=9441"},{"taxonomy":"product_cat","embeddable":true,"href":"https:\/\/www.multicasa.com.br\/inicio\/wp-json\/wp\/v2\/product_cat?post=9441"},{"taxonomy":"product_tag","embeddable":true,"href":"https:\/\/www.multicasa.com.br\/inicio\/wp-json\/wp\/v2\/product_tag?post=9441"}],"curies":[{"name":"wp","href":"https:\/\/api.w.org\/{rel}","templated":true}]}}