{"id":9443,"date":"2025-06-20T17:43:59","date_gmt":"2025-06-20T21:43:59","guid":{"rendered":"https:\/\/www.multicasa.com.br\/inicio\/?post_type=product&#038;p=9443"},"modified":"2025-06-20T17:44:50","modified_gmt":"2025-06-20T21:44:50","slug":"paquimetro-plastico-150mm-6-nove54","status":"publish","type":"product","link":"https:\/\/www.multicasa.com.br\/inicio\/produto\/paquimetro-plastico-150mm-6-nove54\/","title":{"rendered":"Paqu\u00edmetro Pl\u00e1stico 150mm 6&#8221; Nove54"},"content":{"rendered":"<p>Com 6??, o Paqu\u00edmetro Pl\u00e1stico de 150 mm da Nove54 possibilita a realiza\u00e7\u00e3o de medidas externas, internas, de ressalto e de profundidade. Cor cinza. Confere qualidade e assertividade ao seu trabalho.<\/p>\n","protected":false},"excerpt":{"rendered":"<h4 style=\"margin: 0px;padding: 0px 0px 16px;font-family: Lato, sans-serif;font-weight: bold;line-height: 3rem;color: var(--dark-grey3);font-size: 22px;font-style: normal;letter-spacing: normal;text-align: start;text-indent: 0px;text-transform: none\">Informa\u00e7\u00f5es t\u00e9cnicas<\/h4>\n<p><span style=\"margin: 0px;padding: 0px;font-weight: 450;font-size: 14px;line-height: 21px;color: var(--dark-grey2);font-family: Lato, sans-serif;font-style: normal;letter-spacing: normal;text-align: start;text-indent: 0px;text-transform: none\"><br \/>\nProduto: Paqu\u00edmetro<br \/>\nTipo: Quadrimensional<br \/>\nMarca: Nove54<br \/>\nMaterial: Pl\u00e1stico<br \/>\nCor: Cinza<br \/>\nItens Inclusos: 1 paqu\u00edmetro<br \/>\nDimens\u00f5es do produto (L): 150mm &#8211; 6?<br \/>\n<\/span><\/p>\n","protected":false},"featured_media":9517,"template":"","meta":{"_joinchat":[]},"product_brand":[],"product_cat":[137],"product_tag":[],"class_list":{"0":"post-9443","1":"product","2":"type-product","3":"status-publish","4":"has-post-thumbnail","6":"product_cat-ferramentas-manuais","8":"first","9":"outofstock","10":"shipping-taxable","11":"product-type-simple"},"_links":{"self":[{"href":"https:\/\/www.multicasa.com.br\/inicio\/wp-json\/wp\/v2\/product\/9443","targetHints":{"allow":["GET"]}}],"collection":[{"href":"https:\/\/www.multicasa.com.br\/inicio\/wp-json\/wp\/v2\/product"}],"about":[{"href":"https:\/\/www.multicasa.com.br\/inicio\/wp-json\/wp\/v2\/types\/product"}],"wp:featuredmedia":[{"embeddable":true,"href":"https:\/\/www.multicasa.com.br\/inicio\/wp-json\/wp\/v2\/media\/9517"}],"wp:attachment":[{"href":"https:\/\/www.multicasa.com.br\/inicio\/wp-json\/wp\/v2\/media?parent=9443"}],"wp:term":[{"taxonomy":"product_brand","embeddable":true,"href":"https:\/\/www.multicasa.com.br\/inicio\/wp-json\/wp\/v2\/product_brand?post=9443"},{"taxonomy":"product_cat","embeddable":true,"href":"https:\/\/www.multicasa.com.br\/inicio\/wp-json\/wp\/v2\/product_cat?post=9443"},{"taxonomy":"product_tag","embeddable":true,"href":"https:\/\/www.multicasa.com.br\/inicio\/wp-json\/wp\/v2\/product_tag?post=9443"}],"curies":[{"name":"wp","href":"https:\/\/api.w.org\/{rel}","templated":true}]}}