{"id":9445,"date":"2025-06-20T17:43:59","date_gmt":"2025-06-20T21:43:59","guid":{"rendered":"https:\/\/www.multicasa.com.br\/inicio\/?post_type=product&#038;p=9445"},"modified":"2025-10-31T10:28:35","modified_gmt":"2025-10-31T14:28:35","slug":"balde-mop-fit-e-esfregao-giratorio-flahslimp-8l","status":"publish","type":"product","link":"https:\/\/www.multicasa.com.br\/inicio\/produto\/balde-mop-fit-e-esfregao-giratorio-flahslimp-8l\/","title":{"rendered":"Balde MOP Fit e Esfreg\u00e3o Girat\u00f3rio Flahslimp 8L"},"content":{"rendered":"<p>O Balde MOP Fit e Esfreg\u00e3o Girat\u00f3rio Flahslimp \u00e9 uma inova\u00e7\u00e3o para as tarefas de limpeza do dia-a-dia. A base do mop \u00e9 flex\u00edvel, permitindo alcan\u00e7ar \u00e1reas de dif\u00edcil acesso, como cantos, as al\u00e7as do balde s\u00e3o male\u00e1veis para facilitar o transporte e manuseio. Com capacidade, durante o uso, de at\u00e9 4 litros e capacidade m\u00e1xima de 8 litros, o balde possui uma h\u00e9lice de limpeza de 360\u00b0 no fundo, que gira automaticamente quando o esfreg\u00e3o \u00e9 mergulhado na \u00e1gua. Vem com refil 100% de microfibra que pode ser lavado na m\u00e1quina de lavar. N\u00e3o agride o piso, n\u00e3o arranha o assoalho, sendo perfeito para limpeza de pisos frios, sint\u00e9ticos ou madeira. O cabo de a\u00e7o inox \u00e9 leve, resistente e possui altura vari\u00e1vel de 100 a 120cm.<\/p>\n","protected":false},"excerpt":{"rendered":"<h4 style=\"margin: 0px;padding: 0px 0px 16px;font-family: Lato, sans-serif;font-weight: bold;line-height: 3rem;color: var(--dark-grey3);font-size: 22px;font-style: normal;letter-spacing: normal;text-align: start;text-indent: 0px;text-transform: none\">Informa\u00e7\u00f5es t\u00e9cnicas<\/h4>\n<p><span style=\"margin: 0px;padding: 0px;font-weight: 450;font-size: 14px;line-height: 21px;color: var(--dark-grey2);font-family: Lato, sans-serif;font-style: normal;letter-spacing: normal;text-align: start;text-indent: 0px;text-transform: none\">Produto: Balde MOP e Esfreg\u00e3o girat\u00f3rio<br \/>\nMarca: Flashlimp<br \/>\nMaterial: Polipropileno; a\u00e7o inox; ABS; poli\u00e9ster<br \/>\nCor: Cinza; verde<br \/>\nCapacidade: Em uso de 4L; m\u00e1ximo de 8L<br \/>\nCaracter\u00edstica: Antirrespingo; partes desmont\u00e1veis; refil lav\u00e1vel<br \/>\nItens Inclusos: 1 Balde MOP; 1 Haste; 1 refil de microfibra<br \/>\nDimens\u00f5es do produto (A x L x P): Balde &#8211; 22 cm x 39 cm x 20,5cm; Cabo sem refil &#8211; 35 cm x 35 cm x 104 a 128cm; Refil aberto &#8211; 35 cm x 35 cm x 4cm<\/span><\/p>\n","protected":false},"featured_media":9521,"template":"","meta":{"_joinchat":[]},"product_brand":[],"product_cat":[96],"product_tag":[],"class_list":{"0":"post-9445","1":"product","2":"type-product","3":"status-publish","4":"has-post-thumbnail","6":"product_cat-limpeza-e-cia","8":"first","9":"outofstock","10":"shipping-taxable","11":"purchasable","12":"product-type-simple"},"_links":{"self":[{"href":"https:\/\/www.multicasa.com.br\/inicio\/wp-json\/wp\/v2\/product\/9445","targetHints":{"allow":["GET"]}}],"collection":[{"href":"https:\/\/www.multicasa.com.br\/inicio\/wp-json\/wp\/v2\/product"}],"about":[{"href":"https:\/\/www.multicasa.com.br\/inicio\/wp-json\/wp\/v2\/types\/product"}],"wp:featuredmedia":[{"embeddable":true,"href":"https:\/\/www.multicasa.com.br\/inicio\/wp-json\/wp\/v2\/media\/9521"}],"wp:attachment":[{"href":"https:\/\/www.multicasa.com.br\/inicio\/wp-json\/wp\/v2\/media?parent=9445"}],"wp:term":[{"taxonomy":"product_brand","embeddable":true,"href":"https:\/\/www.multicasa.com.br\/inicio\/wp-json\/wp\/v2\/product_brand?post=9445"},{"taxonomy":"product_cat","embeddable":true,"href":"https:\/\/www.multicasa.com.br\/inicio\/wp-json\/wp\/v2\/product_cat?post=9445"},{"taxonomy":"product_tag","embeddable":true,"href":"https:\/\/www.multicasa.com.br\/inicio\/wp-json\/wp\/v2\/product_tag?post=9445"}],"curies":[{"name":"wp","href":"https:\/\/api.w.org\/{rel}","templated":true}]}}