{"id":9471,"date":"2025-06-20T17:44:21","date_gmt":"2025-06-20T21:44:21","guid":{"rendered":"https:\/\/www.multicasa.com.br\/inicio\/?post_type=product&#038;p=9471"},"modified":"2025-08-18T01:23:56","modified_gmt":"2025-08-18T05:23:56","slug":"garrafa-termica-de-inox-com-filtro-uny-home-400ml","status":"publish","type":"product","link":"https:\/\/www.multicasa.com.br\/inicio\/produto\/garrafa-termica-de-inox-com-filtro-uny-home-400ml\/","title":{"rendered":"Garrafa T\u00e9rmica de Inox com Filtro Uny Home 400ml"},"content":{"rendered":"<p>A Garrafa T\u00e9rmica de Inox com Filtro Uny Home modelo UD180109 permite adicionar ervas ou frutas para deixar a \u00e1gua com sabor, j\u00e1 que possui uma pequena peneira remov\u00edvel que permite beber o l\u00edquido sem precisar tirar as ervas ou frutas do interior. A Squeeze \u00e9 produzida em a\u00e7o inox e tem capacidade para 400ml, com sistema de v\u00e1cuo sem uso de ampola de vidro, n\u00e3o existe risco de quebrar, por isso dura muito mais tempo.<\/p>\n","protected":false},"excerpt":{"rendered":"<h4 style=\"margin: 0px;padding: 0px 0px 16px;font-family: Lato, sans-serif;font-weight: bold;line-height: 3rem;color: var(--dark-grey3);font-size: 22px;font-style: normal;letter-spacing: normal;text-align: start;text-indent: 0px;text-transform: none\">Informa\u00e7\u00f5es t\u00e9cnicas<\/h4>\n<p><span style=\"margin: 0px;padding: 0px;font-weight: 450;font-size: 14px;line-height: 21px;color: var(--dark-grey2);font-family: Lato, sans-serif;font-style: normal;letter-spacing: normal;text-align: start;text-indent: 0px;text-transform: none\">Produto: Garrafa<br \/>\nTipo: T\u00e9rmica<br \/>\nMarca: Uny Home<br \/>\nModelo: UD180109<br \/>\nMaterial: A\u00e7o Inox<br \/>\nCor:<br \/>\nCapacidade: 400ml<br \/>\nCaracter\u00edsticas: Com filtro para ervas e frutas<br \/>\nItens Inclusos: 1 garrafa<br \/>\nDi\u00e2metro: 7,2cm<br \/>\nDimens\u00f5es do produto (A): 23,5cm<\/span><\/p>\n","protected":false},"featured_media":9546,"template":"","meta":{"_joinchat":[]},"product_brand":[],"product_cat":[136],"product_tag":[],"class_list":{"0":"post-9471","1":"product","2":"type-product","3":"status-publish","4":"has-post-thumbnail","6":"product_cat-lazer","8":"first","9":"outofstock","10":"shipping-taxable","11":"purchasable","12":"product-type-simple"},"_links":{"self":[{"href":"https:\/\/www.multicasa.com.br\/inicio\/wp-json\/wp\/v2\/product\/9471","targetHints":{"allow":["GET"]}}],"collection":[{"href":"https:\/\/www.multicasa.com.br\/inicio\/wp-json\/wp\/v2\/product"}],"about":[{"href":"https:\/\/www.multicasa.com.br\/inicio\/wp-json\/wp\/v2\/types\/product"}],"wp:featuredmedia":[{"embeddable":true,"href":"https:\/\/www.multicasa.com.br\/inicio\/wp-json\/wp\/v2\/media\/9546"}],"wp:attachment":[{"href":"https:\/\/www.multicasa.com.br\/inicio\/wp-json\/wp\/v2\/media?parent=9471"}],"wp:term":[{"taxonomy":"product_brand","embeddable":true,"href":"https:\/\/www.multicasa.com.br\/inicio\/wp-json\/wp\/v2\/product_brand?post=9471"},{"taxonomy":"product_cat","embeddable":true,"href":"https:\/\/www.multicasa.com.br\/inicio\/wp-json\/wp\/v2\/product_cat?post=9471"},{"taxonomy":"product_tag","embeddable":true,"href":"https:\/\/www.multicasa.com.br\/inicio\/wp-json\/wp\/v2\/product_tag?post=9471"}],"curies":[{"name":"wp","href":"https:\/\/api.w.org\/{rel}","templated":true}]}}