{"id":9472,"date":"2025-06-20T17:44:21","date_gmt":"2025-06-20T21:44:21","guid":{"rendered":"https:\/\/www.multicasa.com.br\/inicio\/?post_type=product&#038;p=9472"},"modified":"2025-08-18T01:24:10","modified_gmt":"2025-08-18T05:24:10","slug":"esponja-com-dispenser-para-detergente-esfrebom-bettanin","status":"publish","type":"product","link":"https:\/\/www.multicasa.com.br\/inicio\/produto\/esponja-com-dispenser-para-detergente-esfrebom-bettanin\/","title":{"rendered":"Esponja com Dispenser para Detergente Esfrebom Bettanin"},"content":{"rendered":"<p>A Esponja com Dispenser Esfrebom da Bettanin \u00e9 uma esponja com sistema de refil que possui reservat\u00f3rio para detergente acoplado. Funcionando como suporte anat\u00f4mico, ele evita que suas m\u00e3os e unhas entrem em contato direto com a bucha e o sab\u00e3o e garante efici\u00eancia no uso. Para aplicar mais detergente, basta apert\u00e1-lo. O utens\u00edlio ideal para quem deseja preservar as m\u00e3os ou al\u00e9rgicos aos componentes do detergente.<\/p>\n","protected":false},"excerpt":{"rendered":"<h4 style=\"margin: 0px;padding: 0px 0px 16px;font-family: Lato, sans-serif;font-weight: bold;line-height: 3rem;color: var(--dark-grey3);font-size: 22px;font-style: normal;letter-spacing: normal;text-align: start;text-indent: 0px;text-transform: none\">Informa\u00e7\u00f5es t\u00e9cnicas<\/h4>\n<p><span style=\"margin: 0px;padding: 0px;font-weight: 450;font-size: 14px;line-height: 21px;color: var(--dark-grey2);font-family: Lato, sans-serif;font-style: normal;letter-spacing: normal;text-align: start;text-indent: 0px;text-transform: none\">Produto: Esponja com Dispenser<br \/>\nMarca: Bettanin<br \/>\nMaterial: Espuma<br \/>\nPl\u00e1stico<br \/>\nCor: Verde e amarelo<br \/>\nCaracter\u00edstica: F\u00e1cil manuseio<br \/>\nProtege suas m\u00e3os<br \/>\nFormato anat\u00f4mico<br \/>\nItens Inclusos: 1 Esponja com Dispenser<br \/>\nDimens\u00f5es do produto (A x L x P): 26 x 5 x 6,5cm<br \/>\n<\/span><\/p>\n","protected":false},"featured_media":9547,"template":"","meta":{"_joinchat":[]},"product_brand":[],"product_cat":[96],"product_tag":[],"class_list":{"0":"post-9472","1":"product","2":"type-product","3":"status-publish","4":"has-post-thumbnail","6":"product_cat-limpeza-e-cia","8":"first","9":"instock","10":"shipping-taxable","11":"purchasable","12":"product-type-simple"},"_links":{"self":[{"href":"https:\/\/www.multicasa.com.br\/inicio\/wp-json\/wp\/v2\/product\/9472","targetHints":{"allow":["GET"]}}],"collection":[{"href":"https:\/\/www.multicasa.com.br\/inicio\/wp-json\/wp\/v2\/product"}],"about":[{"href":"https:\/\/www.multicasa.com.br\/inicio\/wp-json\/wp\/v2\/types\/product"}],"wp:featuredmedia":[{"embeddable":true,"href":"https:\/\/www.multicasa.com.br\/inicio\/wp-json\/wp\/v2\/media\/9547"}],"wp:attachment":[{"href":"https:\/\/www.multicasa.com.br\/inicio\/wp-json\/wp\/v2\/media?parent=9472"}],"wp:term":[{"taxonomy":"product_brand","embeddable":true,"href":"https:\/\/www.multicasa.com.br\/inicio\/wp-json\/wp\/v2\/product_brand?post=9472"},{"taxonomy":"product_cat","embeddable":true,"href":"https:\/\/www.multicasa.com.br\/inicio\/wp-json\/wp\/v2\/product_cat?post=9472"},{"taxonomy":"product_tag","embeddable":true,"href":"https:\/\/www.multicasa.com.br\/inicio\/wp-json\/wp\/v2\/product_tag?post=9472"}],"curies":[{"name":"wp","href":"https:\/\/api.w.org\/{rel}","templated":true}]}}