{"id":9476,"date":"2025-06-20T17:44:21","date_gmt":"2025-06-20T21:44:21","guid":{"rendered":"https:\/\/www.multicasa.com.br\/inicio\/?post_type=product&#038;p=9476"},"modified":"2025-06-20T17:45:23","modified_gmt":"2025-06-20T21:45:23","slug":"ventilador-de-coluna-premium-black-preto-40-cm-mondial-127v","status":"publish","type":"product","link":"https:\/\/www.multicasa.com.br\/inicio\/produto\/ventilador-de-coluna-premium-black-preto-40-cm-mondial-127v\/","title":{"rendered":"Ventilador de Coluna Premium Black Preto 40 cm Mondial 127v"},"content":{"rendered":"<p>O Ventilador de Coluna Premium Black Mondial traz conforto e bem estar nos dias quentes de ver\u00e3o. Produzido em pl\u00e1stico preto com 3 velocidades e alimenta\u00e7\u00e3o el\u00e9trica de 127v ele oferece mais vento com menos barulho, garantindo uma vaz\u00e3o de ar muito eficiente com um baixo consumo de energia. Sua coluna \u00e9 regul\u00e1vel, grades desmontaveis e seu bot\u00e3o de f\u00e1cil acionamento para movimento oscilante se encontra na dire\u00e7\u00e3o horizontal do produto, tamb\u00e9m possui ajuste de inclina\u00e7\u00e3o.<\/p>\n","protected":false},"excerpt":{"rendered":"<h4 style=\"margin: 0px;padding: 0px 0px 16px;font-family: Lato, sans-serif;font-weight: bold;line-height: 3rem;color: var(--dark-grey3);font-size: 22px;font-style: normal;letter-spacing: normal;text-align: start;text-indent: 0px;text-transform: none\">Informa\u00e7\u00f5es t\u00e9cnicas<\/h4>\n<p><span style=\"margin: 0px;padding: 0px;font-weight: 450;font-size: 14px;line-height: 21px;color: var(--dark-grey2);font-family: Lato, sans-serif;font-style: normal;letter-spacing: normal;text-align: start;text-indent: 0px;text-transform: none\">Produto: Ventilador de ch\u00e3o<br \/>\nMarca: Mondial<br \/>\nMaterial: Pl\u00e1stico<br \/>\nCor: Preto<br \/>\nPot\u00eancia: 80w<br \/>\nTens\u00e3o el\u00e9trica: 127v<br \/>\nCaracter\u00edsticas: 3 velocidades<br \/>\n6 p\u00e1s<br \/>\nColuna regul\u00e1vel<br \/>\nSuper silencioso<br \/>\nItens inclusos: 1 Ventilador de ch\u00e3o<br \/>\nDi\u00e2metro: 40cm<br \/>\nDimens\u00f5es do produto (A X L X C): 49 x 47,5 x 27cm<br \/>\nGarantia: 1 ano pelo fabricante<br \/>\n<\/span><\/p>\n","protected":false},"featured_media":9560,"template":"","meta":{"_joinchat":[]},"product_brand":[],"product_cat":[149],"product_tag":[],"class_list":{"0":"post-9476","1":"product","2":"type-product","3":"status-publish","4":"has-post-thumbnail","6":"product_cat-ventiladores-comerciais","8":"first","9":"outofstock","10":"shipping-taxable","11":"product-type-simple"},"_links":{"self":[{"href":"https:\/\/www.multicasa.com.br\/inicio\/wp-json\/wp\/v2\/product\/9476","targetHints":{"allow":["GET"]}}],"collection":[{"href":"https:\/\/www.multicasa.com.br\/inicio\/wp-json\/wp\/v2\/product"}],"about":[{"href":"https:\/\/www.multicasa.com.br\/inicio\/wp-json\/wp\/v2\/types\/product"}],"wp:featuredmedia":[{"embeddable":true,"href":"https:\/\/www.multicasa.com.br\/inicio\/wp-json\/wp\/v2\/media\/9560"}],"wp:attachment":[{"href":"https:\/\/www.multicasa.com.br\/inicio\/wp-json\/wp\/v2\/media?parent=9476"}],"wp:term":[{"taxonomy":"product_brand","embeddable":true,"href":"https:\/\/www.multicasa.com.br\/inicio\/wp-json\/wp\/v2\/product_brand?post=9476"},{"taxonomy":"product_cat","embeddable":true,"href":"https:\/\/www.multicasa.com.br\/inicio\/wp-json\/wp\/v2\/product_cat?post=9476"},{"taxonomy":"product_tag","embeddable":true,"href":"https:\/\/www.multicasa.com.br\/inicio\/wp-json\/wp\/v2\/product_tag?post=9476"}],"curies":[{"name":"wp","href":"https:\/\/api.w.org\/{rel}","templated":true}]}}