{"id":9498,"date":"2025-06-20T17:44:42","date_gmt":"2025-06-20T21:44:42","guid":{"rendered":"https:\/\/www.multicasa.com.br\/inicio\/?post_type=product&#038;p=9498"},"modified":"2025-06-20T17:45:24","modified_gmt":"2025-06-20T21:45:24","slug":"pilha-alcalina-aa-max-energizer-6-unidades","status":"publish","type":"product","link":"https:\/\/www.multicasa.com.br\/inicio\/produto\/pilha-alcalina-aa-max-energizer-6-unidades\/","title":{"rendered":"Pilha Alcalina AA Max Energizer 6 Unidades"},"content":{"rendered":"<p>A Pilha Alcalina AA da Energizer com 1,5v e 2000mAh tem longa durabilidade e garante maior rendimento aos aparelhos, apresentando alta performance. De pot\u00eancia confi\u00e1vel e prolongada, seu uso \u00e9 indicado para rel\u00f3gios, brinquedos, mouses, despertadores, etc. A tecnologia patenteada Powerseal\u0099 garante que voc\u00ea ter\u00e1 a energia em que pode confiar nos momentos mais importantes, sem deixar voc\u00ea na m\u00e3o. Se a pilha Energizer estiver guardada,  mant\u00e9m sua carga por at\u00e9 10 anos. Mais energia por muito mais tempo. Embalagem com 6 unidades.<\/p>\n","protected":false},"excerpt":{"rendered":"<h4 style=\"margin: 0px;padding: 0px 0px 16px;font-family: Lato, sans-serif;font-weight: bold;line-height: 3rem;color: var(--dark-grey3);font-size: 22px;font-style: normal;letter-spacing: normal;text-align: start;text-indent: 0px;text-transform: none\">Informa\u00e7\u00f5es t\u00e9cnicas<\/h4>\n<p><span style=\"margin: 0px;padding: 0px;font-weight: 450;font-size: 14px;line-height: 21px;color: var(--dark-grey2);font-family: Lato, sans-serif;font-style: normal;letter-spacing: normal;text-align: start;text-indent: 0px;text-transform: none\">Produto: Pilha<br \/>\nTipo: Alcalina<br \/>\nMarca: Energizer<br \/>\nTamanho: AAA<br \/>\nVoltagem: 1,5v<br \/>\nCaracter\u00edsticas: Mant\u00e9m sua carga at\u00e9 10 anos<br \/>\nItens inclusos: 6 pilhas<\/span><\/p>\n","protected":false},"featured_media":9562,"template":"","meta":{"_joinchat":[]},"product_brand":[],"product_cat":[151],"product_tag":[],"class_list":{"0":"post-9498","1":"product","2":"type-product","3":"status-publish","4":"has-post-thumbnail","6":"product_cat-pilhas","8":"first","9":"outofstock","10":"shipping-taxable","11":"product-type-simple"},"_links":{"self":[{"href":"https:\/\/www.multicasa.com.br\/inicio\/wp-json\/wp\/v2\/product\/9498","targetHints":{"allow":["GET"]}}],"collection":[{"href":"https:\/\/www.multicasa.com.br\/inicio\/wp-json\/wp\/v2\/product"}],"about":[{"href":"https:\/\/www.multicasa.com.br\/inicio\/wp-json\/wp\/v2\/types\/product"}],"wp:featuredmedia":[{"embeddable":true,"href":"https:\/\/www.multicasa.com.br\/inicio\/wp-json\/wp\/v2\/media\/9562"}],"wp:attachment":[{"href":"https:\/\/www.multicasa.com.br\/inicio\/wp-json\/wp\/v2\/media?parent=9498"}],"wp:term":[{"taxonomy":"product_brand","embeddable":true,"href":"https:\/\/www.multicasa.com.br\/inicio\/wp-json\/wp\/v2\/product_brand?post=9498"},{"taxonomy":"product_cat","embeddable":true,"href":"https:\/\/www.multicasa.com.br\/inicio\/wp-json\/wp\/v2\/product_cat?post=9498"},{"taxonomy":"product_tag","embeddable":true,"href":"https:\/\/www.multicasa.com.br\/inicio\/wp-json\/wp\/v2\/product_tag?post=9498"}],"curies":[{"name":"wp","href":"https:\/\/api.w.org\/{rel}","templated":true}]}}