{"id":9509,"date":"2025-06-20T17:44:43","date_gmt":"2025-06-20T21:44:43","guid":{"rendered":"https:\/\/www.multicasa.com.br\/inicio\/?post_type=product&#038;p=9509"},"modified":"2025-06-23T09:50:00","modified_gmt":"2025-06-23T13:50:00","slug":"aspirador-de-po-2-em-1-black-decker-av12br-1200w-127v","status":"publish","type":"product","link":"https:\/\/www.multicasa.com.br\/inicio\/produto\/aspirador-de-po-2-em-1-black-decker-av12br-1200w-127v\/","title":{"rendered":"Aspirador de P\u00f3 2 em 1 Black + Decker AV12BR 1200W &#8211; 127V"},"content":{"rendered":"<p>O Aspirador de p\u00f3 2 em 1 Black + Decker modelo AV12BR pode ser usado na vertical e na fun\u00e7\u00e3o port\u00e1til. Possui pot\u00eancia de 1200w e coletor com capacidade para 800ml. Seu coletor de p\u00f3 \u00e9 lav\u00e1vel e cont\u00e9m filtro Hepa que devolve o ar ao ambiente 99,97% livre de impurezas. O sistema cicl\u00f4nico \u00e9 respons\u00e1vel por evitar que o p\u00f3 circule pr\u00f3ximo ao filtro, mantendo-o assim limpo e preservando o seu desempenho. Possui escovas inclusas para fazer a higieniza\u00e7\u00e3o de estofados e \u00e1reas de dif\u00edcil acesso. Sua voltagem \u00e9 de 127v e garante facilidade para trocar de fun\u00e7\u00e3o e transportar. A op\u00e7\u00e3o perfeita para quem procura praticidade de dois produtos em um s\u00f3.<\/p>\n","protected":false},"excerpt":{"rendered":"<h4 style=\"margin: 0px;padding: 0px 0px 16px;font-family: Lato, sans-serif;font-weight: bold;line-height: 3rem;color: var(--dark-grey3);font-size: 22px;font-style: normal;letter-spacing: normal;text-align: start;text-indent: 0px;text-transform: none\">Informa\u00e7\u00f5es t\u00e9cnicas<\/h4>\n<p><span style=\"margin: 0px;padding: 0px;font-weight: 450;font-size: 14px;line-height: 21px;color: var(--dark-grey2);font-family: Lato, sans-serif;font-style: normal;letter-spacing: normal;text-align: start;text-indent: 0px;text-transform: none\">Produto: Aspirador de p\u00f3<br \/>\nTipo: 2 em 1 &#8211; Vertical e Port\u00e1til<br \/>\nMarca: Black + Decker<br \/>\nModelo: AV12BR<br \/>\nMaterial: Pl\u00e1stico<br \/>\nCor: Cinza<br \/>\nPot\u00eancia: 1200w<br \/>\nTens\u00e3o el\u00e9trica: 127v<br \/>\nReservat\u00f3rio: 800ml<br \/>\nCaracter\u00edsticas: Coletor de p\u00f3 lav\u00e1vel<br \/>\nQuantidade de pe\u00e7as: 4<br \/>\nItens Inclusos: 1 aspirador de p\u00f3, 1 suporte para enrolar cabo el\u00e9trico, 1 escova para estofados, 1 bocal para \u00e1reas de dif\u00edcil acesso<br \/>\nDimens\u00f5es do produto (A x L x P): 15 x 14 x 63,5cm<br \/>\nGarantia: 12 meses pelo fornecedor<br \/>\nOCP: 0029<\/span><\/p>\n","protected":false},"featured_media":24636,"template":"","meta":{"_joinchat":[]},"product_brand":[],"product_cat":[153],"product_tag":[],"class_list":{"0":"post-9509","1":"product","2":"type-product","3":"status-publish","4":"has-post-thumbnail","6":"product_cat-eletronica-e-cia","8":"first","9":"outofstock","10":"shipping-taxable","11":"product-type-simple"},"_links":{"self":[{"href":"https:\/\/www.multicasa.com.br\/inicio\/wp-json\/wp\/v2\/product\/9509","targetHints":{"allow":["GET"]}}],"collection":[{"href":"https:\/\/www.multicasa.com.br\/inicio\/wp-json\/wp\/v2\/product"}],"about":[{"href":"https:\/\/www.multicasa.com.br\/inicio\/wp-json\/wp\/v2\/types\/product"}],"wp:featuredmedia":[{"embeddable":true,"href":"https:\/\/www.multicasa.com.br\/inicio\/wp-json\/wp\/v2\/media\/24636"}],"wp:attachment":[{"href":"https:\/\/www.multicasa.com.br\/inicio\/wp-json\/wp\/v2\/media?parent=9509"}],"wp:term":[{"taxonomy":"product_brand","embeddable":true,"href":"https:\/\/www.multicasa.com.br\/inicio\/wp-json\/wp\/v2\/product_brand?post=9509"},{"taxonomy":"product_cat","embeddable":true,"href":"https:\/\/www.multicasa.com.br\/inicio\/wp-json\/wp\/v2\/product_cat?post=9509"},{"taxonomy":"product_tag","embeddable":true,"href":"https:\/\/www.multicasa.com.br\/inicio\/wp-json\/wp\/v2\/product_tag?post=9509"}],"curies":[{"name":"wp","href":"https:\/\/api.w.org\/{rel}","templated":true}]}}