{"id":9537,"date":"2025-06-20T17:45:05","date_gmt":"2025-06-20T21:45:05","guid":{"rendered":"https:\/\/www.multicasa.com.br\/inicio\/?post_type=product&#038;p=9537"},"modified":"2026-01-28T15:30:28","modified_gmt":"2026-01-28T19:30:28","slug":"toalheiro-com-ventosa-aco-cromado-future-45cm","status":"publish","type":"product","link":"https:\/\/www.multicasa.com.br\/inicio\/produto\/toalheiro-com-ventosa-aco-cromado-future-45cm\/","title":{"rendered":"Toalheiro com Ventosa A\u00e7o Cromado Future 45cm"},"content":{"rendered":"<p>Para deixar o dia-a-dia mais pr\u00e1tico e o banheiro mais organizado, use Toalheiro em A\u00e7o Cromado Future. Para quem n\u00e3o pode ou n\u00e3o quer fazer furos em sua parede, o sistema de suc\u00e7\u00e3o por ventosa \u00e9 o ideal, mais pr\u00e1tico e r\u00e1pido para instala\u00e7\u00e3o porque evita sujeira nas superf\u00edcies. Possui capacidade de suporte para at\u00e9 5kg e design moderno que combina com qualquer tipo de decora\u00e7\u00e3o e mede 45cm e sendo perfeito para acomodar toalhas de corpo ou de rosto. Qualidade garantida com o revestimento protetivo Rust Free que assegura cores vivas e brilhantes, al\u00e9m de resist\u00eancia maior conta a ferrugem.<\/p>\n","protected":false},"excerpt":{"rendered":"<h4 style=\"margin: 0px;padding: 0px 0px 16px;font-family: Lato, sans-serif;font-weight: bold;line-height: 3rem;color: var(--dark-grey3);font-size: 22px;font-style: normal;letter-spacing: normal;text-align: start;text-indent: 0px;text-transform: none\">Informa\u00e7\u00f5es t\u00e9cnicas<\/h4>\n<p><span style=\"margin: 0px;padding: 0px;font-weight: 450;font-size: 14px;line-height: 21px;color: var(--dark-grey2);font-family: Lato, sans-serif;font-style: normal;letter-spacing: normal;text-align: start;text-indent: 0px;text-transform: none\">Produto: Porta toalha<br \/>\nMarca: Future<br \/>\nMaterial: A\u00e7o Carbono; pl\u00e1stico; borracha<br \/>\nCor: Prata<br \/>\nCaracter\u00edsticas: Com Ventosa; capacidade 5Kg<br \/>\nItens inclusos: 1 Porta Toalha<br \/>\nDimens\u00f5es do produto (A x L x P): 10,5 x 45 x 13,5 cm<\/span><\/p>\n","protected":false},"featured_media":26095,"template":"","meta":{"_joinchat":[]},"product_brand":[],"product_cat":[69],"product_tag":[],"class_list":{"0":"post-9537","1":"product","2":"type-product","3":"status-publish","4":"has-post-thumbnail","6":"product_cat-acessorios-para-banheiro","8":"first","9":"instock","10":"shipping-taxable","11":"purchasable","12":"product-type-simple"},"_links":{"self":[{"href":"https:\/\/www.multicasa.com.br\/inicio\/wp-json\/wp\/v2\/product\/9537","targetHints":{"allow":["GET"]}}],"collection":[{"href":"https:\/\/www.multicasa.com.br\/inicio\/wp-json\/wp\/v2\/product"}],"about":[{"href":"https:\/\/www.multicasa.com.br\/inicio\/wp-json\/wp\/v2\/types\/product"}],"wp:featuredmedia":[{"embeddable":true,"href":"https:\/\/www.multicasa.com.br\/inicio\/wp-json\/wp\/v2\/media\/26095"}],"wp:attachment":[{"href":"https:\/\/www.multicasa.com.br\/inicio\/wp-json\/wp\/v2\/media?parent=9537"}],"wp:term":[{"taxonomy":"product_brand","embeddable":true,"href":"https:\/\/www.multicasa.com.br\/inicio\/wp-json\/wp\/v2\/product_brand?post=9537"},{"taxonomy":"product_cat","embeddable":true,"href":"https:\/\/www.multicasa.com.br\/inicio\/wp-json\/wp\/v2\/product_cat?post=9537"},{"taxonomy":"product_tag","embeddable":true,"href":"https:\/\/www.multicasa.com.br\/inicio\/wp-json\/wp\/v2\/product_tag?post=9537"}],"curies":[{"name":"wp","href":"https:\/\/api.w.org\/{rel}","templated":true}]}}