{"id":9538,"date":"2025-06-20T17:45:06","date_gmt":"2025-06-20T21:45:06","guid":{"rendered":"https:\/\/www.multicasa.com.br\/inicio\/?post_type=product&#038;p=9538"},"modified":"2025-12-16T18:44:14","modified_gmt":"2025-12-16T22:44:14","slug":"canivete-de-metal-multiferramentas-7-em-1-uny-home","status":"publish","type":"product","link":"https:\/\/www.multicasa.com.br\/inicio\/produto\/canivete-de-metal-multiferramentas-7-em-1-uny-home\/","title":{"rendered":"Canivete de Metal Multiferramentas 7 em 1 Uny Home"},"content":{"rendered":"<p>Indicado para o dia-a-dia e viagens, o canivete de metal Uny Home possui 7 fun\u00e7\u00f5es: l\u00e2mina, descamador\/serra de peixe, abridor de garrafa, chave de fenda, abridor de lata, chave Philips e saca-rolhas. Com design compacto \u00e9 a solu\u00e7\u00e3o completa que voc\u00ea precisava para resolver qualquer emerg\u00eancia.<\/p>\n","protected":false},"excerpt":{"rendered":"<h4 style=\"margin: 0px;padding: 0px 0px 16px;font-family: Lato, sans-serif;font-weight: bold;line-height: 3rem;color: var(--dark-grey3);font-size: 22px;font-style: normal;letter-spacing: normal;text-align: start;text-indent: 0px;text-transform: none\">Informa\u00e7\u00f5es t\u00e9cnicas<\/h4>\n<p><span style=\"margin: 0px;padding: 0px;font-weight: 450;font-size: 14px;line-height: 21px;color: var(--dark-grey2);font-family: Lato, sans-serif;font-style: normal;letter-spacing: normal;text-align: start;text-indent: 0px;text-transform: none\">Produto: Canivete<br \/>\nMarca: Uny Home<br \/>\nMaterial: Metal<br \/>\nCor: Preto, prata e amarelo<br \/>\nCaracter\u00edsticas: 7 Fun\u00e7\u00f5es<br \/>\nChave Philips<br \/>\nL\u00e2mina de corte<br \/>\nSerra\/descamador para peixe<br \/>\nChave de fenda<br \/>\nAbridor de garrafas<br \/>\nAbridor de Latas<br \/>\nSaca rolhas<br \/>\nItens inclusos: 1 Canivete<br \/>\nDimens\u00f5es do produto (A X L X P): 11 x 3,5 x 2cm<br \/>\n<\/span><\/p>\n","protected":false},"featured_media":9596,"template":"","meta":{"_joinchat":[]},"product_brand":[],"product_cat":[136],"product_tag":[],"class_list":{"0":"post-9538","1":"product","2":"type-product","3":"status-publish","4":"has-post-thumbnail","6":"product_cat-lazer","8":"first","9":"instock","10":"shipping-taxable","11":"purchasable","12":"product-type-simple"},"_links":{"self":[{"href":"https:\/\/www.multicasa.com.br\/inicio\/wp-json\/wp\/v2\/product\/9538","targetHints":{"allow":["GET"]}}],"collection":[{"href":"https:\/\/www.multicasa.com.br\/inicio\/wp-json\/wp\/v2\/product"}],"about":[{"href":"https:\/\/www.multicasa.com.br\/inicio\/wp-json\/wp\/v2\/types\/product"}],"wp:featuredmedia":[{"embeddable":true,"href":"https:\/\/www.multicasa.com.br\/inicio\/wp-json\/wp\/v2\/media\/9596"}],"wp:attachment":[{"href":"https:\/\/www.multicasa.com.br\/inicio\/wp-json\/wp\/v2\/media?parent=9538"}],"wp:term":[{"taxonomy":"product_brand","embeddable":true,"href":"https:\/\/www.multicasa.com.br\/inicio\/wp-json\/wp\/v2\/product_brand?post=9538"},{"taxonomy":"product_cat","embeddable":true,"href":"https:\/\/www.multicasa.com.br\/inicio\/wp-json\/wp\/v2\/product_cat?post=9538"},{"taxonomy":"product_tag","embeddable":true,"href":"https:\/\/www.multicasa.com.br\/inicio\/wp-json\/wp\/v2\/product_tag?post=9538"}],"curies":[{"name":"wp","href":"https:\/\/api.w.org\/{rel}","templated":true}]}}