{"id":9541,"date":"2025-06-20T17:45:06","date_gmt":"2025-06-20T21:45:06","guid":{"rendered":"https:\/\/www.multicasa.com.br\/inicio\/?post_type=product&#038;p=9541"},"modified":"2026-01-21T11:18:29","modified_gmt":"2026-01-21T15:18:29","slug":"campainha-sem-fio-a-bateria-cib-100-bivolt-intelbras","status":"publish","type":"product","link":"https:\/\/www.multicasa.com.br\/inicio\/produto\/campainha-sem-fio-a-bateria-cib-100-bivolt-intelbras\/","title":{"rendered":"Campainha sem Fio \u00e0 Bateria CIB 100 Bivolt Intelbras"},"content":{"rendered":"<p>Praticidade e seguran\u00e7a s\u00e3o pontos chave para diminuir as preocupa\u00e7\u00f5es do dia a dia. A Campainha sem Fio CIB 100 da Intelbras possui alimenta\u00e7\u00e3o \u00e0 bateria e foi desenvolvida para te ajudar no controle de acesso dos espa\u00e7os e ambientes. Com 5 toques diferentes, tem alimenta\u00e7\u00e3o bivolt e j\u00e1 vem equipada com bateria que dura at\u00e9 1 ano, al\u00e9m de ter alcance de at\u00e9 100m sem obst\u00e1culos. Campainha Intelbras \u00e9 pr\u00e1tica, discreta, pode ser conectada a outros dispositivos da mesma linha e dispensa o uso de fios. Para utilizar, basta ligar a pare interna da campainha a uma tomada e garantir que a fixa\u00e7\u00e3o do m\u00f3dulo externo seja feita de forma segura, utilizando dois parafusos de 5mm ou fita dupla face de alta qualidade caso n\u00e3o possa perfurar paredes. Ambos os kits acompanham a embalagem. Dispon\u00edvel na cor branca, \u00e9 poss\u00edvel ajustar o volume em 4 n\u00edveis, escolher seu toque predileto e extrair o melhor da sua compra!<\/p>\n","protected":false},"excerpt":{"rendered":"<h4 style=\"margin: 0px;padding: 0px 0px 16px;font-family: Lato, sans-serif;font-weight: bold;line-height: 3rem;color: var(--dark-grey3);font-size: 22px;font-style: normal;letter-spacing: normal;text-align: start;text-indent: 0px;text-transform: none\">Informa\u00e7\u00f5es t\u00e9cnicas<\/h4>\n<p><span style=\"margin: 0px;padding: 0px;font-weight: 450;font-size: 14px;line-height: 21px;color: var(--dark-grey2);font-family: Lato, sans-serif;font-style: normal;letter-spacing: normal;text-align: start;text-indent: 0px;text-transform: none\">Produto: Campainha sem Fio<br \/>\nMarca: Intelbras<br \/>\nMaterial: Pl\u00e1stico<br \/>\nCor: Branca<br \/>\nAlimenta\u00e7\u00e3o: Bateria 9v<br \/>\nCaracter\u00edsticas: 5 tipos de toque; 4 n\u00edveis de volume; Alcance de 100m entre os m\u00f3dulos sem obst\u00e1culos; Bivolt; Bateria de longa dura\u00e7\u00e3o; Instala\u00e7\u00e3o f\u00e1cil; Possibilidade de intera\u00e7\u00e3o entre equipamentos da mesma linha.<br \/>\nItens Inclusos: 1 Unidade interna; 1 Unidade externa; 1 Bateria; 1 Kit de Parafusos; 1 Fita adesiva; 1 Manual<\/span><\/p>\n","protected":false},"featured_media":9613,"template":"","meta":{"_joinchat":[]},"product_brand":[],"product_cat":[144],"product_tag":[],"class_list":{"0":"post-9541","1":"product","2":"type-product","3":"status-publish","4":"has-post-thumbnail","6":"product_cat-tomadas-e-cia","8":"first","9":"outofstock","10":"shipping-taxable","11":"product-type-simple"},"_links":{"self":[{"href":"https:\/\/www.multicasa.com.br\/inicio\/wp-json\/wp\/v2\/product\/9541","targetHints":{"allow":["GET"]}}],"collection":[{"href":"https:\/\/www.multicasa.com.br\/inicio\/wp-json\/wp\/v2\/product"}],"about":[{"href":"https:\/\/www.multicasa.com.br\/inicio\/wp-json\/wp\/v2\/types\/product"}],"wp:featuredmedia":[{"embeddable":true,"href":"https:\/\/www.multicasa.com.br\/inicio\/wp-json\/wp\/v2\/media\/9613"}],"wp:attachment":[{"href":"https:\/\/www.multicasa.com.br\/inicio\/wp-json\/wp\/v2\/media?parent=9541"}],"wp:term":[{"taxonomy":"product_brand","embeddable":true,"href":"https:\/\/www.multicasa.com.br\/inicio\/wp-json\/wp\/v2\/product_brand?post=9541"},{"taxonomy":"product_cat","embeddable":true,"href":"https:\/\/www.multicasa.com.br\/inicio\/wp-json\/wp\/v2\/product_cat?post=9541"},{"taxonomy":"product_tag","embeddable":true,"href":"https:\/\/www.multicasa.com.br\/inicio\/wp-json\/wp\/v2\/product_tag?post=9541"}],"curies":[{"name":"wp","href":"https:\/\/api.w.org\/{rel}","templated":true}]}}