{"id":9542,"date":"2025-06-20T17:45:06","date_gmt":"2025-06-20T21:45:06","guid":{"rendered":"https:\/\/www.multicasa.com.br\/inicio\/?post_type=product&#038;p=9542"},"modified":"2026-03-30T09:51:02","modified_gmt":"2026-03-30T13:51:02","slug":"furadeira-de-impacto-1-2-black-decker-560w-127v","status":"publish","type":"product","link":"https:\/\/www.multicasa.com.br\/inicio\/produto\/furadeira-de-impacto-1-2-black-decker-560w-127v\/","title":{"rendered":"Furadeira de Impacto 1\/2&#8221; Black + Decker 560W &#8211; 127V"},"content":{"rendered":"<p>A Furadeira de Impacto Black + Decker modelo TM555BR permite perfura\u00e7\u00f5es de grande porte em superf\u00edcies como a\u00e7o, madeira e azulejos. Conta com pot\u00eancia de 560W e seletor de impacto ou rota\u00e7\u00e3o que permite melhor desempenho em uma grande variedade de materiais. Possui trava de gatilho para uso cont\u00ednuo e acompanha chave de mandril, empunhadura lateral e guia de profundidade. Fabricada em materiais de alta qualidade e com design ergon\u00f4mico facilita o uso e proporciona conforto. Garanta melhor resist\u00eancia e precis\u00e3o na sua rotina.<\/p>\n","protected":false},"excerpt":{"rendered":"<h4 style=\"margin: 0px;padding: 0px 0px 16px;font-family: Lato, sans-serif;font-weight: bold;line-height: 3rem;color: var(--dark-grey3);font-size: 22px;font-style: normal;letter-spacing: normal;text-align: start;text-indent: 0px;text-transform: none\">Informa\u00e7\u00f5es t\u00e9cnicas<\/h4>\n<p><span style=\"margin: 0px;padding: 0px;font-weight: 450;font-size: 14px;line-height: 21px;color: var(--dark-grey2);font-family: Lato, sans-serif;font-style: normal;letter-spacing: normal;text-align: start;text-indent: 0px;text-transform: none\">Produto: Furadeira de Impacto<br \/>\nMarca: Black + Decker<br \/>\nModelo: TM555BR<br \/>\nCor: Laranja e Preto<br \/>\nUso indicado: Furar concreto, alvenaria e outros materiais duros<br \/>\nPot\u00eancia: 560W<br \/>\nTens\u00e3o el\u00e9trica: 127V<br \/>\nCaracter\u00edsticas: 1 Velocidade<br \/>\nMandril de 1\/2&#8243; (13mm)<br \/>\nRota\u00e7\u00e3o de 2.800 RPM<br \/>\nPress\u00e3o de Impacto de 45.000 IPM<br \/>\nPerfura\u00e7\u00e3o m\u00e1xima de Madeira- 25mm, alvenaria &#8211; 16mm, a\u00e7o -13mm, cabo &#8211; 2mm<br \/>\nPossui trava do gatilho<br \/>\nVelocidae vari\u00e1ve: 0 &#8211; 2.800 RPM<br \/>\nQuantidade de pe\u00e7as: 4<br \/>\nItens Inclusos: 1 Furadeira de Impacto<br \/>\n1 Chave de mandril<br \/>\n1 Empunhadura lateral<br \/>\n1 Guia de profundidade<br \/>\nPeso do produto: 1,5kg<br \/>\nGarantia: 1 ano direto com o fabricante<\/span><\/p>\n","protected":false},"featured_media":9614,"template":"","meta":{"_joinchat":[]},"product_brand":[],"product_cat":[152],"product_tag":[],"class_list":{"0":"post-9542","1":"product","2":"type-product","3":"status-publish","4":"has-post-thumbnail","6":"product_cat-ferramentas-eletricas","8":"first","9":"instock","10":"shipping-taxable","11":"purchasable","12":"product-type-simple"},"_links":{"self":[{"href":"https:\/\/www.multicasa.com.br\/inicio\/wp-json\/wp\/v2\/product\/9542","targetHints":{"allow":["GET"]}}],"collection":[{"href":"https:\/\/www.multicasa.com.br\/inicio\/wp-json\/wp\/v2\/product"}],"about":[{"href":"https:\/\/www.multicasa.com.br\/inicio\/wp-json\/wp\/v2\/types\/product"}],"wp:featuredmedia":[{"embeddable":true,"href":"https:\/\/www.multicasa.com.br\/inicio\/wp-json\/wp\/v2\/media\/9614"}],"wp:attachment":[{"href":"https:\/\/www.multicasa.com.br\/inicio\/wp-json\/wp\/v2\/media?parent=9542"}],"wp:term":[{"taxonomy":"product_brand","embeddable":true,"href":"https:\/\/www.multicasa.com.br\/inicio\/wp-json\/wp\/v2\/product_brand?post=9542"},{"taxonomy":"product_cat","embeddable":true,"href":"https:\/\/www.multicasa.com.br\/inicio\/wp-json\/wp\/v2\/product_cat?post=9542"},{"taxonomy":"product_tag","embeddable":true,"href":"https:\/\/www.multicasa.com.br\/inicio\/wp-json\/wp\/v2\/product_tag?post=9542"}],"curies":[{"name":"wp","href":"https:\/\/api.w.org\/{rel}","templated":true}]}}