{"id":9565,"date":"2025-06-20T17:45:28","date_gmt":"2025-06-20T21:45:28","guid":{"rendered":"https:\/\/www.multicasa.com.br\/inicio\/?post_type=product&#038;p=9565"},"modified":"2025-08-18T01:33:26","modified_gmt":"2025-08-18T05:33:26","slug":"espelho-de-aumento-10x-para-parede-fackelmann","status":"publish","type":"product","link":"https:\/\/www.multicasa.com.br\/inicio\/produto\/espelho-de-aumento-10x-para-parede-fackelmann\/","title":{"rendered":"Espelho de Aumento 10x para Parede Fackelmann"},"content":{"rendered":"<p>Veja todos os detalhes do seu rosto com o espelho da Fackelmann com aumento de 10x. Seu espelho de parede com lente de aumento possui vidro antiemba\u00e7ante, acabamento na cor preta e \u00e9 ideal para cuidados est\u00e9ticos do dia-a-dia. Fa\u00e7a suas maquiagens favoritas com praticidade e perfei\u00e7\u00e3o nos detalhes.<\/p>\n","protected":false},"excerpt":{"rendered":"<h4 style=\"margin: 0px;padding: 0px 0px 16px;font-family: Lato, sans-serif;font-weight: bold;line-height: 3rem;color: var(--dark-grey3);font-size: 22px;font-style: normal;letter-spacing: normal;text-align: start;text-indent: 0px;text-transform: none\">Informa\u00e7\u00f5es t\u00e9cnicas<\/h4>\n<p><span style=\"margin: 0px;padding: 0px;font-weight: 450;font-size: 14px;line-height: 21px;color: var(--dark-grey2);font-family: Lato, sans-serif;font-style: normal;letter-spacing: normal;text-align: start;text-indent: 0px;text-transform: none\">Produto: Espelho<br \/>\nMarca: Fackelmann<br \/>\nMaterial: Pl\u00e1stico e Vidro anti emba\u00e7ante<br \/>\nCor: Preto<br \/>\nCaracter\u00edsticas: De parede<br \/>\nAumento de 10x<br \/>\nItens inclusos: 1 espelho<br \/>\nDimens\u00f5es do produto (A X L): 17 x 12,5cm<\/span><\/p>\n","protected":false},"featured_media":25136,"template":"","meta":{"_joinchat":[]},"product_brand":[],"product_cat":[72],"product_tag":[],"class_list":{"0":"post-9565","1":"product","2":"type-product","3":"status-publish","4":"has-post-thumbnail","6":"product_cat-espelhos-e-cia","8":"first","9":"instock","10":"shipping-taxable","11":"purchasable","12":"product-type-simple"},"_links":{"self":[{"href":"https:\/\/www.multicasa.com.br\/inicio\/wp-json\/wp\/v2\/product\/9565","targetHints":{"allow":["GET"]}}],"collection":[{"href":"https:\/\/www.multicasa.com.br\/inicio\/wp-json\/wp\/v2\/product"}],"about":[{"href":"https:\/\/www.multicasa.com.br\/inicio\/wp-json\/wp\/v2\/types\/product"}],"wp:featuredmedia":[{"embeddable":true,"href":"https:\/\/www.multicasa.com.br\/inicio\/wp-json\/wp\/v2\/media\/25136"}],"wp:attachment":[{"href":"https:\/\/www.multicasa.com.br\/inicio\/wp-json\/wp\/v2\/media?parent=9565"}],"wp:term":[{"taxonomy":"product_brand","embeddable":true,"href":"https:\/\/www.multicasa.com.br\/inicio\/wp-json\/wp\/v2\/product_brand?post=9565"},{"taxonomy":"product_cat","embeddable":true,"href":"https:\/\/www.multicasa.com.br\/inicio\/wp-json\/wp\/v2\/product_cat?post=9565"},{"taxonomy":"product_tag","embeddable":true,"href":"https:\/\/www.multicasa.com.br\/inicio\/wp-json\/wp\/v2\/product_tag?post=9565"}],"curies":[{"name":"wp","href":"https:\/\/api.w.org\/{rel}","templated":true}]}}