{"id":9567,"date":"2025-06-20T17:45:29","date_gmt":"2025-06-20T21:45:29","guid":{"rendered":"https:\/\/www.multicasa.com.br\/inicio\/?post_type=product&#038;p=9567"},"modified":"2025-09-08T16:04:21","modified_gmt":"2025-09-08T20:04:21","slug":"tapete-escorredor-de-louca-em-microfibra-esfrebom","status":"publish","type":"product","link":"https:\/\/www.multicasa.com.br\/inicio\/produto\/tapete-escorredor-de-louca-em-microfibra-esfrebom\/","title":{"rendered":"Tapete Escorredor de Lou\u00e7a em Microfibra Esfrebom"},"content":{"rendered":"<p>O Tapete Escorredor de Lou\u00e7a da Esfrebom \u00e9 feito de microfibra e uma solu\u00e7\u00e3o inovadora para a sua cozinha. Ideal para pias e balc\u00f5es, tem alto poder de Absor\u00e7\u00e3o e pode ser usado por baixo dos escorredores. Possui alta performance, pode ser lavado em m\u00e1quina e seus \u00edons de prata eliminam 99,9% das bact\u00e9rias. Seu pendurador permite que escorra sem sujar a mant\u00e9m sua pia seca.<\/p>\n","protected":false},"excerpt":{"rendered":"<h4 style=\"margin: 0px;padding: 0px 0px 16px;font-family: Lato, sans-serif;font-weight: bold;line-height: 3rem;color: var(--dark-grey3);font-size: 22px;font-style: normal;letter-spacing: normal;text-align: start;text-indent: 0px;text-transform: none\">Informa\u00e7\u00f5es t\u00e9cnicas<\/h4>\n<p><span style=\"margin: 0px;padding: 0px;font-weight: 450;font-size: 14px;line-height: 21px;color: var(--dark-grey2);font-family: Lato, sans-serif;font-style: normal;letter-spacing: normal;text-align: start;text-indent: 0px;text-transform: none\">Produto: Tapete Escorredor de Lou\u00e7a<br \/>\nMarca: Esfrebom<br \/>\nMaterial: Microfibra<br \/>\nCor: Sortido<br \/>\nUso indicado: Escorrer lou\u00e7as<br \/>\nManter a pia seca<br \/>\nItens Inclusos: 1 tapete escorredor de lou\u00e7a<br \/>\nDicas de uso e preserva\u00e7\u00e3o: Pode lavar diretamente na m\u00e1quina<br \/>\nDimens\u00f5es do produto (A X L X P): 35 x 45cm<\/span><\/p>\n","protected":false},"featured_media":26065,"template":"","meta":{"_joinchat":[]},"product_brand":[],"product_cat":[96],"product_tag":[],"class_list":{"0":"post-9567","1":"product","2":"type-product","3":"status-publish","4":"has-post-thumbnail","6":"product_cat-limpeza-e-cia","8":"first","9":"instock","10":"shipping-taxable","11":"purchasable","12":"product-type-simple"},"_links":{"self":[{"href":"https:\/\/www.multicasa.com.br\/inicio\/wp-json\/wp\/v2\/product\/9567","targetHints":{"allow":["GET"]}}],"collection":[{"href":"https:\/\/www.multicasa.com.br\/inicio\/wp-json\/wp\/v2\/product"}],"about":[{"href":"https:\/\/www.multicasa.com.br\/inicio\/wp-json\/wp\/v2\/types\/product"}],"wp:featuredmedia":[{"embeddable":true,"href":"https:\/\/www.multicasa.com.br\/inicio\/wp-json\/wp\/v2\/media\/26065"}],"wp:attachment":[{"href":"https:\/\/www.multicasa.com.br\/inicio\/wp-json\/wp\/v2\/media?parent=9567"}],"wp:term":[{"taxonomy":"product_brand","embeddable":true,"href":"https:\/\/www.multicasa.com.br\/inicio\/wp-json\/wp\/v2\/product_brand?post=9567"},{"taxonomy":"product_cat","embeddable":true,"href":"https:\/\/www.multicasa.com.br\/inicio\/wp-json\/wp\/v2\/product_cat?post=9567"},{"taxonomy":"product_tag","embeddable":true,"href":"https:\/\/www.multicasa.com.br\/inicio\/wp-json\/wp\/v2\/product_tag?post=9567"}],"curies":[{"name":"wp","href":"https:\/\/api.w.org\/{rel}","templated":true}]}}