{"id":9568,"date":"2025-06-20T17:45:29","date_gmt":"2025-06-20T21:45:29","guid":{"rendered":"https:\/\/www.multicasa.com.br\/inicio\/?post_type=product&#038;p=9568"},"modified":"2025-08-16T16:45:33","modified_gmt":"2025-08-16T20:45:33","slug":"kit-telefone-sem-fio-com-1-ramal-ts-2512-preto-intelbras","status":"publish","type":"product","link":"https:\/\/www.multicasa.com.br\/inicio\/produto\/kit-telefone-sem-fio-com-1-ramal-ts-2512-preto-intelbras\/","title":{"rendered":"Kit Telefone sem Fio com 1 Ramal TS 2512 Preto Intelbras"},"content":{"rendered":"<p>Ideal para escrit\u00f3rios, o Kit Telef\u00f4nico sem Fio com 1 Ramal TS 2512 Preto Intelbras possui tecnologia DECT 6.0 que proporciona \u00e1udio limpo e livre de interfer\u00eancias, comercializado j\u00e1 com 1 ramal incluso. Al\u00e9m disso, o telefone Intelbras auxilia na redu\u00e7\u00e3o de custos e oferece autonomia para comprar apenas os ramais necess\u00e1rios que ser\u00e3o utilizados com capacidade para 7 (base + 6). O TS 2512 tem identificador de chamadas que oferece liberdade para escolher quais liga\u00e7\u00f5es atender, acesso r\u00e1pido \u00e0s liga\u00e7\u00f5es n\u00e3o atendidas e chamadas efetuadas que ficam armazenadas no telefone com data e hor\u00e1rio da liga\u00e7\u00e3o. Com o display luminoso, voc\u00ea consegue visualizar todas as fun\u00e7\u00f5es do aparelho mesmo com pouca claridade no ambiente, enquanto a fun\u00e7\u00e3o &#8220;Eco Mode&#8221; proporciona um consumo mais inteligente de energia. Para isso, \u00e9 recomend\u00e1vel que o fone e a base n\u00e3o fiquem muito distantes, garantindo seu perfeito funcionamento. Telefone sem fio com ramal Intelbras tem capacidade para at\u00e9 70 contatos na agenda compartilhados com os ramais, 10 tipos de toque e 7 n\u00edveis de volumes, bloqueio de chamadas originadas e a cobrar, comunica\u00e7\u00e3o interna e registro autom\u00e1tico e ramais.<\/p>\n","protected":false},"excerpt":{"rendered":"<h4 style=\"margin: 0px;padding: 0px 0px 16px;font-family: Lato, sans-serif;font-weight: bold;line-height: 3rem;color: var(--dark-grey3);font-size: 22px;font-style: normal;letter-spacing: normal;text-align: start;text-indent: 0px;text-transform: none\">Informa\u00e7\u00f5es t\u00e9cnicas<\/h4>\n<p><span style=\"margin: 0px;padding: 0px;font-weight: 450;font-size: 14px;line-height: 21px;color: var(--dark-grey2);font-family: Lato, sans-serif;font-style: normal;letter-spacing: normal;text-align: start;text-indent: 0px;text-transform: none\">Produto: Telefone sem Fio<br \/>\nMarca: Intelbras<br \/>\nModelo: TS 2512<br \/>\nCor: Preto<br \/>\nCaracter\u00edsticas: 70 Contatos na agenda; Identifica\u00e7\u00e3o de chamadas; Display luminosos; Capacidade para 7 ramais.<br \/>\nItens inclusos: 1 Base; 1 Carregador de bateria para ramal; 2 Baterias recarreg\u00e1veis; 2 Adaptador de tens\u00e3o bivolt; 1 Cabo de linha telef\u00f4nica; 1 Manual do usu\u00e1rio<br \/>\nDimens\u00f5es do produto (A X L X P): 15 x 8,5 x 9,8cm<br \/>\nPeso do produto: 0,460g<\/span><\/p>\n","protected":false},"featured_media":9617,"template":"","meta":{"_joinchat":[]},"product_brand":[],"product_cat":[138],"product_tag":[],"class_list":{"0":"post-9568","1":"product","2":"type-product","3":"status-publish","4":"has-post-thumbnail","6":"product_cat-telefones-e-cia","8":"first","9":"outofstock","10":"shipping-taxable","11":"product-type-simple"},"_links":{"self":[{"href":"https:\/\/www.multicasa.com.br\/inicio\/wp-json\/wp\/v2\/product\/9568","targetHints":{"allow":["GET"]}}],"collection":[{"href":"https:\/\/www.multicasa.com.br\/inicio\/wp-json\/wp\/v2\/product"}],"about":[{"href":"https:\/\/www.multicasa.com.br\/inicio\/wp-json\/wp\/v2\/types\/product"}],"wp:featuredmedia":[{"embeddable":true,"href":"https:\/\/www.multicasa.com.br\/inicio\/wp-json\/wp\/v2\/media\/9617"}],"wp:attachment":[{"href":"https:\/\/www.multicasa.com.br\/inicio\/wp-json\/wp\/v2\/media?parent=9568"}],"wp:term":[{"taxonomy":"product_brand","embeddable":true,"href":"https:\/\/www.multicasa.com.br\/inicio\/wp-json\/wp\/v2\/product_brand?post=9568"},{"taxonomy":"product_cat","embeddable":true,"href":"https:\/\/www.multicasa.com.br\/inicio\/wp-json\/wp\/v2\/product_cat?post=9568"},{"taxonomy":"product_tag","embeddable":true,"href":"https:\/\/www.multicasa.com.br\/inicio\/wp-json\/wp\/v2\/product_tag?post=9568"}],"curies":[{"name":"wp","href":"https:\/\/api.w.org\/{rel}","templated":true}]}}