{"id":9570,"date":"2025-06-20T17:45:29","date_gmt":"2025-06-20T21:45:29","guid":{"rendered":"https:\/\/www.multicasa.com.br\/inicio\/?post_type=product&#038;p=9570"},"modified":"2025-06-20T17:46:01","modified_gmt":"2025-06-20T21:46:01","slug":"capa-de-plastico-para-maquina-de-lavar-branca-kountry-line-1805","status":"publish","type":"product","link":"https:\/\/www.multicasa.com.br\/inicio\/produto\/capa-de-plastico-para-maquina-de-lavar-branca-kountry-line-1805\/","title":{"rendered":"Capa de Pl\u00e1stico para M\u00e1quina de Lavar Branca Kountry Line 1805"},"content":{"rendered":"<p>Use a Capa de Pl\u00e1stico para M\u00e1quina de Lavar modelo 1805 da Kountry Line em modelos com abertura frontal Samsung Lavadora 15 kg, Samsung Secadora 18 kg, Samsung Lava e Seca 15 kg, LG Lavadora 17 kg, LG Secadora 17 kg e LG Lava e Seca 17 kg. Possui z\u00edper que evita a entrada de poeira e deixa seu eletrodom\u00e9stico protegido contra o sol e outras condi\u00e7\u00f5es do tempo. A capa para m\u00e1quina de lavar roupas mede 100 x 72 x 83 cm e est\u00e1 dispon\u00edvel na cor branca. Indicada para quem busca uma forma de prolongar a vida \u00fatil do seu eletrodom\u00e9stico e proteg\u00ea-lo, conservando brilho e beleza.<\/p>\n","protected":false},"excerpt":{"rendered":"<h4 style=\"margin: 0px;padding: 0px 0px 16px;font-family: Lato, sans-serif;font-weight: bold;line-height: 3rem;color: var(--dark-grey3);font-size: 22px;font-style: normal;letter-spacing: normal;text-align: start;text-indent: 0px;text-transform: none\">Informa\u00e7\u00f5es t\u00e9cnicas<\/h4>\n<p><span style=\"margin: 0px;padding: 0px;font-weight: 450;font-size: 14px;line-height: 21px;color: var(--dark-grey2);font-family: Lato, sans-serif;font-style: normal;letter-spacing: normal;text-align: start;text-indent: 0px;text-transform: none\">Produto: Capa para M\u00e1quina de Lavar<br \/>\nMarca: Kountry Line<br \/>\nModelo: 1805<br \/>\nMaterial: Pl\u00e1stico<br \/>\nCor: Branco<br \/>\nCaracter\u00edstica: Possui z\u00edper<br \/>\nPara m\u00e1quinas com abertura frontal<br \/>\nIndicado para Samsung Lavadora 15 kg<br \/>\nSamsung Secadora 18 kg<br \/>\nSamsung Lava e Seca 15 kg<br \/>\nLG Lavadora 17 kg<br \/>\nLG Secadora 17 kg<br \/>\nLG Lava e Seca 17 kg<br \/>\nItens Inclusos: 1 Capa para m\u00e1quina de lavar<br \/>\nDimens\u00f5es do produto (A x L x P): 100 x 72 x 83cm<\/span><\/p>\n","protected":false},"featured_media":9620,"template":"","meta":{"_joinchat":[]},"product_brand":[],"product_cat":[95],"product_tag":[],"class_list":{"0":"post-9570","1":"product","2":"type-product","3":"status-publish","4":"has-post-thumbnail","6":"product_cat-lavanderia","8":"first","9":"outofstock","10":"shipping-taxable","11":"product-type-simple"},"_links":{"self":[{"href":"https:\/\/www.multicasa.com.br\/inicio\/wp-json\/wp\/v2\/product\/9570","targetHints":{"allow":["GET"]}}],"collection":[{"href":"https:\/\/www.multicasa.com.br\/inicio\/wp-json\/wp\/v2\/product"}],"about":[{"href":"https:\/\/www.multicasa.com.br\/inicio\/wp-json\/wp\/v2\/types\/product"}],"wp:featuredmedia":[{"embeddable":true,"href":"https:\/\/www.multicasa.com.br\/inicio\/wp-json\/wp\/v2\/media\/9620"}],"wp:attachment":[{"href":"https:\/\/www.multicasa.com.br\/inicio\/wp-json\/wp\/v2\/media?parent=9570"}],"wp:term":[{"taxonomy":"product_brand","embeddable":true,"href":"https:\/\/www.multicasa.com.br\/inicio\/wp-json\/wp\/v2\/product_brand?post=9570"},{"taxonomy":"product_cat","embeddable":true,"href":"https:\/\/www.multicasa.com.br\/inicio\/wp-json\/wp\/v2\/product_cat?post=9570"},{"taxonomy":"product_tag","embeddable":true,"href":"https:\/\/www.multicasa.com.br\/inicio\/wp-json\/wp\/v2\/product_tag?post=9570"}],"curies":[{"name":"wp","href":"https:\/\/api.w.org\/{rel}","templated":true}]}}