{"id":9574,"date":"2025-06-20T17:45:29","date_gmt":"2025-06-20T21:45:29","guid":{"rendered":"https:\/\/www.multicasa.com.br\/inicio\/?post_type=product&#038;p=9574"},"modified":"2025-12-16T18:45:01","modified_gmt":"2025-12-16T22:45:01","slug":"banqueta-dobravel-de-plastico-branco-translucido-vonder-355x285cm","status":"publish","type":"product","link":"https:\/\/www.multicasa.com.br\/inicio\/produto\/banqueta-dobravel-de-plastico-branco-translucido-vonder-355x285cm\/","title":{"rendered":"Banqueta Dobr\u00e1vel de Pl\u00e1stico Branco Transl\u00facido Vonder 35,5&#215;28,5cm"},"content":{"rendered":"<p>A Banqueta Vonder \u00e9 leve, pr\u00e1tica e f\u00e1cil de transportar. Modelo confeccionado em pl\u00e1stico ABS super resistente na cor branca translucida, dobr\u00e1vel com al\u00e7a para transporte quando fechada e antiderrapante. Possui capacidade de carga de 150Kg, banco dobr\u00e1vel ideal para campings, pescarias, uso dom\u00e9stico, entre outros.<\/p>\n","protected":false},"excerpt":{"rendered":"<h4 style=\"margin: 0px;padding: 0px 0px 16px;font-family: Lato, sans-serif;font-weight: bold;line-height: 3rem;color: var(--dark-grey3);font-size: 22px;font-style: normal;letter-spacing: normal;text-align: start;text-indent: 0px;text-transform: none\">Informa\u00e7\u00f5es t\u00e9cnicas<\/h4>\n<p><span style=\"margin: 0px;padding: 0px;font-weight: 450;font-size: 14px;line-height: 21px;color: var(--dark-grey2);font-family: Lato, sans-serif;font-style: normal;letter-spacing: normal;text-align: start;text-indent: 0px;text-transform: none\">Produto: Banqueta Dobr\u00e1vel<br \/>\nMarca: Vonder<br \/>\nMaterial: Pl\u00e1stico ABS<br \/>\nCor: Branco Transl\u00facido<br \/>\nCaracter\u00edsticas: Antiderrapante<br \/>\nCapacidade de peso de 150Kg<br \/>\nAl\u00e7a para transporte quando fechada<br \/>\nItens Inclusos: 1 Banqueta Dobr\u00e1vel<br \/>\nDimens\u00f5es do produto (A X L X P): Aberto &#8211; 35,5 x 28,5 x 22cm<br \/>\nFechado &#8211; 35,5 x 4,5 x 35cm<br \/>\nGarantia: 90 dias pelo fabricante<\/span><\/p>\n","protected":false},"featured_media":9624,"template":"","meta":{"_joinchat":[]},"product_brand":[],"product_cat":[156],"product_tag":[],"class_list":{"0":"post-9574","1":"product","2":"type-product","3":"status-publish","4":"has-post-thumbnail","6":"product_cat-escadas","8":"first","9":"instock","10":"shipping-taxable","11":"purchasable","12":"product-type-simple"},"_links":{"self":[{"href":"https:\/\/www.multicasa.com.br\/inicio\/wp-json\/wp\/v2\/product\/9574","targetHints":{"allow":["GET"]}}],"collection":[{"href":"https:\/\/www.multicasa.com.br\/inicio\/wp-json\/wp\/v2\/product"}],"about":[{"href":"https:\/\/www.multicasa.com.br\/inicio\/wp-json\/wp\/v2\/types\/product"}],"wp:featuredmedia":[{"embeddable":true,"href":"https:\/\/www.multicasa.com.br\/inicio\/wp-json\/wp\/v2\/media\/9624"}],"wp:attachment":[{"href":"https:\/\/www.multicasa.com.br\/inicio\/wp-json\/wp\/v2\/media?parent=9574"}],"wp:term":[{"taxonomy":"product_brand","embeddable":true,"href":"https:\/\/www.multicasa.com.br\/inicio\/wp-json\/wp\/v2\/product_brand?post=9574"},{"taxonomy":"product_cat","embeddable":true,"href":"https:\/\/www.multicasa.com.br\/inicio\/wp-json\/wp\/v2\/product_cat?post=9574"},{"taxonomy":"product_tag","embeddable":true,"href":"https:\/\/www.multicasa.com.br\/inicio\/wp-json\/wp\/v2\/product_tag?post=9574"}],"curies":[{"name":"wp","href":"https:\/\/api.w.org\/{rel}","templated":true}]}}