{"id":9575,"date":"2025-06-20T17:45:29","date_gmt":"2025-06-20T21:45:29","guid":{"rendered":"https:\/\/www.multicasa.com.br\/inicio\/?post_type=product&#038;p=9575"},"modified":"2026-03-09T16:30:28","modified_gmt":"2026-03-09T20:30:28","slug":"banqueta-drobravel-de-plastico-branco-translucido-vonder-41x33cm","status":"publish","type":"product","link":"https:\/\/www.multicasa.com.br\/inicio\/produto\/banqueta-drobravel-de-plastico-branco-translucido-vonder-41x33cm\/","title":{"rendered":"Banqueta Drobr\u00e1vel de Pl\u00e1stico Branco Transl\u00facido Vonder 41x33cm"},"content":{"rendered":"<p>A Banqueta de Pl\u00e1stico Dobr\u00e1vel Vonder \u00e9 pr\u00e1tica e resistente, confeccionada em pl\u00e1stico ABS com dimens\u00f5es de 41cmx33cm quando montada e capacidade de peso de at\u00e9 150Kg. Modelo dobr\u00e1vel com al\u00e7a para transporte (quando fechada) e antiderrapante.<br \/>\nItem indispens\u00e1vel, leve e f\u00e1cil de transportar, ideal para aux\u00edlio em limpeza automotiva, pescarias, passeios, uso dom\u00e9stico, entre outros.<\/p>\n","protected":false},"excerpt":{"rendered":"<h4 style=\"margin: 0px;padding: 0px 0px 16px;font-family: Lato, sans-serif;font-weight: bold;line-height: 3rem;color: var(--dark-grey3);font-size: 22px;font-style: normal;letter-spacing: normal;text-align: start;text-indent: 0px;text-transform: none\">Informa\u00e7\u00f5es t\u00e9cnicas<\/h4>\n<p><span style=\"margin: 0px;padding: 0px;font-weight: 450;font-size: 14px;line-height: 21px;color: var(--dark-grey2);font-family: Lato, sans-serif;font-style: normal;letter-spacing: normal;text-align: start;text-indent: 0px;text-transform: none\">Produto: Banqueta Dobr\u00e1vel<br \/>\nMarca: Vonder<br \/>\nMaterial: Pl\u00e1stico ABS<br \/>\nCor: Branco Translucido<br \/>\nCaracter\u00edsticas: Antiderrapante<br \/>\nCapacidade de peso de 150Kg<br \/>\nAl\u00e7a para transporte quando fechada<br \/>\nItens Inclusos: 1 Banqueta Dobr\u00e1vel<br \/>\nDimens\u00f5es do produto (A X L X P): Aberto &#8211; 45 x 33 x 41cm<br \/>\nFechado &#8211; 41 x 45 x 57,5cm<br \/>\nPeso do Produto: 1,4Kg<br \/>\nGarantia: 90 dias pelo fabricante<\/span><\/p>\n","protected":false},"featured_media":9628,"template":"","meta":{"_joinchat":[]},"product_brand":[],"product_cat":[156],"product_tag":[],"class_list":{"0":"post-9575","1":"product","2":"type-product","3":"status-publish","4":"has-post-thumbnail","6":"product_cat-escadas","8":"first","9":"instock","10":"shipping-taxable","11":"purchasable","12":"product-type-simple"},"_links":{"self":[{"href":"https:\/\/www.multicasa.com.br\/inicio\/wp-json\/wp\/v2\/product\/9575","targetHints":{"allow":["GET"]}}],"collection":[{"href":"https:\/\/www.multicasa.com.br\/inicio\/wp-json\/wp\/v2\/product"}],"about":[{"href":"https:\/\/www.multicasa.com.br\/inicio\/wp-json\/wp\/v2\/types\/product"}],"wp:featuredmedia":[{"embeddable":true,"href":"https:\/\/www.multicasa.com.br\/inicio\/wp-json\/wp\/v2\/media\/9628"}],"wp:attachment":[{"href":"https:\/\/www.multicasa.com.br\/inicio\/wp-json\/wp\/v2\/media?parent=9575"}],"wp:term":[{"taxonomy":"product_brand","embeddable":true,"href":"https:\/\/www.multicasa.com.br\/inicio\/wp-json\/wp\/v2\/product_brand?post=9575"},{"taxonomy":"product_cat","embeddable":true,"href":"https:\/\/www.multicasa.com.br\/inicio\/wp-json\/wp\/v2\/product_cat?post=9575"},{"taxonomy":"product_tag","embeddable":true,"href":"https:\/\/www.multicasa.com.br\/inicio\/wp-json\/wp\/v2\/product_tag?post=9575"}],"curies":[{"name":"wp","href":"https:\/\/api.w.org\/{rel}","templated":true}]}}