{"id":9597,"date":"2025-06-20T17:45:50","date_gmt":"2025-06-20T21:45:50","guid":{"rendered":"https:\/\/www.multicasa.com.br\/inicio\/?post_type=product&#038;p=9597"},"modified":"2026-04-19T10:50:08","modified_gmt":"2026-04-19T14:50:08","slug":"parafuso-para-suporte-de-tv-bemfixa-m8-x-45mm-4-unidades","status":"publish","type":"product","link":"https:\/\/www.multicasa.com.br\/inicio\/produto\/parafuso-para-suporte-de-tv-bemfixa-m8-x-45mm-4-unidades\/","title":{"rendered":"Parafuso para Suporte de TV Bemfixa M8 x 45mm &#8211; 4 Unidades"},"content":{"rendered":"<p>Parafuso para Suporte de TV M8 Bemfixa, ideal para substitui\u00e7\u00e3o em suporte de tv com encaixe 8 x 45 mm (compat\u00edvel com as tvs Samsung). Produzidos em a\u00e7o que oferece maior resist\u00eancia e durabilidade, possuem roscas philips e acompanham arruelas para fixa\u00e7\u00e3o. Embalagem com 4 unidades.<\/p>\n","protected":false},"excerpt":{"rendered":"<h4 style=\"margin: 0px;padding: 0px 0px 16px;font-family: Lato, sans-serif;font-weight: bold;line-height: 3rem;color: var(--dark-grey3);font-size: 22px;font-style: normal;letter-spacing: normal;text-align: start;text-indent: 0px;text-transform: none\">Informa\u00e7\u00f5es t\u00e9cnicas<\/h4>\n<p><span style=\"margin: 0px;padding: 0px;font-weight: 450;font-size: 14px;line-height: 21px;color: var(--dark-grey2);font-family: Lato, sans-serif;font-style: normal;letter-spacing: normal;text-align: start;text-indent: 0px;text-transform: none\">Produto: Parafuso para Suporte<br \/>\nMarca: Bemfixa<br \/>\nMaterial: A\u00e7o<br \/>\nCor: Dourado<br \/>\nCaracter\u00edsticas: Resistente, para suportes de tv com encaixe de 8x45mm, compat\u00edvel com tvs samsung, possuem roscas philips<br \/>\nQuantidade de pe\u00e7as: 8<br \/>\nItens inclusos: 4 Parafuso e 4 arruelas<br \/>\nDimens\u00f5es do produto (A X L): 45 x 8mm<\/span><\/p>\n","protected":false},"featured_media":9651,"template":"","meta":{"_joinchat":[]},"product_brand":[],"product_cat":[150],"product_tag":[],"class_list":{"0":"post-9597","1":"product","2":"type-product","3":"status-publish","4":"has-post-thumbnail","6":"product_cat-antenas-e-cia","8":"first","9":"instock","10":"shipping-taxable","11":"purchasable","12":"product-type-simple"},"_links":{"self":[{"href":"https:\/\/www.multicasa.com.br\/inicio\/wp-json\/wp\/v2\/product\/9597","targetHints":{"allow":["GET"]}}],"collection":[{"href":"https:\/\/www.multicasa.com.br\/inicio\/wp-json\/wp\/v2\/product"}],"about":[{"href":"https:\/\/www.multicasa.com.br\/inicio\/wp-json\/wp\/v2\/types\/product"}],"wp:featuredmedia":[{"embeddable":true,"href":"https:\/\/www.multicasa.com.br\/inicio\/wp-json\/wp\/v2\/media\/9651"}],"wp:attachment":[{"href":"https:\/\/www.multicasa.com.br\/inicio\/wp-json\/wp\/v2\/media?parent=9597"}],"wp:term":[{"taxonomy":"product_brand","embeddable":true,"href":"https:\/\/www.multicasa.com.br\/inicio\/wp-json\/wp\/v2\/product_brand?post=9597"},{"taxonomy":"product_cat","embeddable":true,"href":"https:\/\/www.multicasa.com.br\/inicio\/wp-json\/wp\/v2\/product_cat?post=9597"},{"taxonomy":"product_tag","embeddable":true,"href":"https:\/\/www.multicasa.com.br\/inicio\/wp-json\/wp\/v2\/product_tag?post=9597"}],"curies":[{"name":"wp","href":"https:\/\/api.w.org\/{rel}","templated":true}]}}