{"id":9600,"date":"2025-06-20T17:45:51","date_gmt":"2025-06-20T21:45:51","guid":{"rendered":"https:\/\/www.multicasa.com.br\/inicio\/?post_type=product&#038;p=9600"},"modified":"2025-08-18T01:33:52","modified_gmt":"2025-08-18T05:33:52","slug":"carregador-de-pilhas-e-baterias-flex-bivolt","status":"publish","type":"product","link":"https:\/\/www.multicasa.com.br\/inicio\/produto\/carregador-de-pilhas-e-baterias-flex-bivolt\/","title":{"rendered":"Carregador de Pilhas e baterias Flex Bivolt"},"content":{"rendered":"<p>O Carregador de Pilhas e Baterias Flex \u00e9 ideal para pilhas AA, AAA, C ou D e baterias 9v, carrega at\u00e9 4 pilhas simultaneamente e possui 6 leds indicando o fluxo de carga que s\u00e3o: vermelho carregando e verde carga completa. Com 3 diferentes fun\u00e7\u00f5es de seguran\u00e7a: monitoramento de voltagem, microprocessador que controla o modo ideal de carga e prote\u00e7\u00e3o contra curto-circuito, al\u00e9m de todas as vantagens que um carregador de pilha precisa ter para garantir que voc\u00ea esteja sempre com equipamentos cheio de carga.<br \/>\nAten\u00e7\u00e3o, n\u00e3o carrega pilhas comuns ou alcalinas, somente recarreg\u00e1veis. Uma vez indicada a carga, n\u00e3o interrompa para coloca\u00e7\u00e3o ou retirada de pilhas, pois o desligamento da tomada far\u00e1 com que o carregador recomece a contagem do tempo de carga. N\u00e3o deixe as pilhas no carregador por mais de 12 horas<\/p>\n","protected":false},"excerpt":{"rendered":"<h4 style=\"margin: 0px;padding: 0px 0px 16px;font-family: Lato, sans-serif;font-weight: bold;line-height: 3rem;color: var(--dark-grey3);font-size: 22px;font-style: normal;letter-spacing: normal;text-align: start;text-indent: 0px;text-transform: none\">Informa\u00e7\u00f5es t\u00e9cnicas<\/h4>\n<p><span style=\"margin: 0px;padding: 0px;font-weight: 450;font-size: 14px;line-height: 21px;color: var(--dark-grey2);font-family: Lato, sans-serif;font-style: normal;letter-spacing: normal;text-align: start;text-indent: 0px;text-transform: none\">Produto: Carregador de Pilhas e Baterias<br \/>\nMarca: Flex<br \/>\nCor: Prata<br \/>\nUso Indicado: Carrega pilhas AA e AAA, C ou D<br \/>\nBaterias de 9v recarreg\u00e1veis NI-MH OU NI-CD<br \/>\nPot\u00eancia: 9w<br \/>\nTens\u00e3o el\u00e9trica: Bivolt<br \/>\nFrequ\u00eancia: 50hz\/60hz<br \/>\nAmperagem: 2.1a<br \/>\nCaracter\u00edsticas: 6 canais de carga<br \/>\nleds indicativos, sendo &#8211; vermelho = carregando\/verde = carga completa<br \/>\nMonitoramento de voltagem<br \/>\nMicroprocessador que controla o modo ideal de carga<br \/>\nProte\u00e7\u00e3o contra curto-circuito<br \/>\nN\u00e3o carrega pilhas alcalinas ou comuns<br \/>\nN\u00e3o interromper a carga para colocar ou retirar pilhas<br \/>\nN\u00e3o deixar as pilhas no carregador por mais de 12 horas<br \/>\nQuantidade de pe\u00e7as: 2<br \/>\nItens Inclusos: 1 Carregador de pilhas<br \/>\n1 cabo de for\u00e7a<br \/>\nDimens\u00f5es do produto (A X L X P): 10,3 x 5,3 x 21,2cm<\/span><\/p>\n","protected":false},"featured_media":9660,"template":"","meta":{"_joinchat":[]},"product_brand":[],"product_cat":[151],"product_tag":[],"class_list":{"0":"post-9600","1":"product","2":"type-product","3":"status-publish","4":"has-post-thumbnail","6":"product_cat-pilhas","8":"first","9":"instock","10":"shipping-taxable","11":"purchasable","12":"product-type-simple"},"_links":{"self":[{"href":"https:\/\/www.multicasa.com.br\/inicio\/wp-json\/wp\/v2\/product\/9600","targetHints":{"allow":["GET"]}}],"collection":[{"href":"https:\/\/www.multicasa.com.br\/inicio\/wp-json\/wp\/v2\/product"}],"about":[{"href":"https:\/\/www.multicasa.com.br\/inicio\/wp-json\/wp\/v2\/types\/product"}],"wp:featuredmedia":[{"embeddable":true,"href":"https:\/\/www.multicasa.com.br\/inicio\/wp-json\/wp\/v2\/media\/9660"}],"wp:attachment":[{"href":"https:\/\/www.multicasa.com.br\/inicio\/wp-json\/wp\/v2\/media?parent=9600"}],"wp:term":[{"taxonomy":"product_brand","embeddable":true,"href":"https:\/\/www.multicasa.com.br\/inicio\/wp-json\/wp\/v2\/product_brand?post=9600"},{"taxonomy":"product_cat","embeddable":true,"href":"https:\/\/www.multicasa.com.br\/inicio\/wp-json\/wp\/v2\/product_cat?post=9600"},{"taxonomy":"product_tag","embeddable":true,"href":"https:\/\/www.multicasa.com.br\/inicio\/wp-json\/wp\/v2\/product_tag?post=9600"}],"curies":[{"name":"wp","href":"https:\/\/api.w.org\/{rel}","templated":true}]}}