{"id":9603,"date":"2025-06-20T17:45:51","date_gmt":"2025-06-20T21:45:51","guid":{"rendered":"https:\/\/www.multicasa.com.br\/inicio\/?post_type=product&#038;p=9603"},"modified":"2025-08-18T01:33:59","modified_gmt":"2025-08-18T05:33:59","slug":"luva-com-esponja-de-silicone-uny-home-33cm","status":"publish","type":"product","link":"https:\/\/www.multicasa.com.br\/inicio\/produto\/luva-com-esponja-de-silicone-uny-home-33cm\/","title":{"rendered":"Luva com Esponja de Silicone Uny Home 33cm"},"content":{"rendered":"<p>Inovadora, a Luva com Esponja de Silicone da Uny Home possui cerdas na regi\u00e3o dos dedos e palma das m\u00e3os que podem ser utilizadas para lavar lou\u00e7a e outras atividades de limpeza em geral. Com medidas de 33 x 16 cm, \u00e9 indicada para evitar o uso de diversos panos, flanelas e diferentes esponjas na hora de higienizar os ambientes. Use a luva com esponja para ganhar tempo e praticidade na sua rotina.<\/p>\n","protected":false},"excerpt":{"rendered":"<h4 style=\"margin: 0px;padding: 0px 0px 16px;font-family: Lato, sans-serif;font-weight: bold;line-height: 3rem;color: var(--dark-grey3);font-size: 22px;font-style: normal;letter-spacing: normal;text-align: start;text-indent: 0px;text-transform: none\">Informa\u00e7\u00f5es t\u00e9cnicas<\/h4>\n<p><span style=\"margin: 0px;padding: 0px;font-weight: 450;font-size: 14px;line-height: 21px;color: var(--dark-grey2);font-family: Lato, sans-serif;font-style: normal;letter-spacing: normal;text-align: start;text-indent: 0px;text-transform: none\">Produto: Luva Multiuso<br \/>\nMarca: Uny Home<br \/>\nMaterial: Silicone<br \/>\nCor: Sortidas<br \/>\nItens Inclusos: 1 Par de luvas<br \/>\nDimens\u00f5es do produto (A X L): 33 x 16cm<\/span><\/p>\n","protected":false},"featured_media":25494,"template":"","meta":{"_joinchat":[]},"product_brand":[],"product_cat":[96],"product_tag":[],"class_list":{"0":"post-9603","1":"product","2":"type-product","3":"status-publish","4":"has-post-thumbnail","6":"product_cat-limpeza-e-cia","8":"first","9":"outofstock","10":"shipping-taxable","11":"purchasable","12":"product-type-simple"},"_links":{"self":[{"href":"https:\/\/www.multicasa.com.br\/inicio\/wp-json\/wp\/v2\/product\/9603","targetHints":{"allow":["GET"]}}],"collection":[{"href":"https:\/\/www.multicasa.com.br\/inicio\/wp-json\/wp\/v2\/product"}],"about":[{"href":"https:\/\/www.multicasa.com.br\/inicio\/wp-json\/wp\/v2\/types\/product"}],"wp:featuredmedia":[{"embeddable":true,"href":"https:\/\/www.multicasa.com.br\/inicio\/wp-json\/wp\/v2\/media\/25494"}],"wp:attachment":[{"href":"https:\/\/www.multicasa.com.br\/inicio\/wp-json\/wp\/v2\/media?parent=9603"}],"wp:term":[{"taxonomy":"product_brand","embeddable":true,"href":"https:\/\/www.multicasa.com.br\/inicio\/wp-json\/wp\/v2\/product_brand?post=9603"},{"taxonomy":"product_cat","embeddable":true,"href":"https:\/\/www.multicasa.com.br\/inicio\/wp-json\/wp\/v2\/product_cat?post=9603"},{"taxonomy":"product_tag","embeddable":true,"href":"https:\/\/www.multicasa.com.br\/inicio\/wp-json\/wp\/v2\/product_tag?post=9603"}],"curies":[{"name":"wp","href":"https:\/\/api.w.org\/{rel}","templated":true}]}}